{"id":62040,"date":"2026-03-11T11:49:39","date_gmt":"2026-03-11T15:49:39","guid":{"rendered":"https:\/\/raic.org\/?post_type=product&#038;p=62040"},"modified":"2026-03-17T16:30:11","modified_gmt":"2026-03-17T20:30:11","slug":"irac-x-bomber-brewing-precommande-du-coffret-de-six-en-edition-limitee","status":"publish","type":"product","link":"https:\/\/raic.org\/fr\/produit\/irac-x-bomber-brewing-precommande-du-coffret-de-six-en-edition-limitee\/","title":{"rendered":"IRAC x Bomber Brewing \u2013 Pr\u00e9commande du coffret de six en \u00e9dition limit\u00e9e"},"content":{"rendered":"<h5>Pourquoi pr\u00e9commander?<\/h5>\n<ul>\n<li>\u00c9dition limit\u00e9e, \u00e9tiquette unique<\/li>\n<li>Gagnant du concours national de design<\/li>\n<li>Collaboration exclusive IRAC x Bomber Brewing<\/li>\n<li>Lancement de collection lors du congr\u00e8s<\/li>\n<\/ul>\n<p>Une fois la p\u00e9riode de pr\u00e9commande termin\u00e9e, ce pack de six ne sera pas r\u00e9imprim\u00e9.<\/p>\n<p>R\u00e9servez le v\u00f4tre avant le 31 mars 2026.<\/p>\n<p><strong>REMARQUE:<\/strong> La production correspondra uniquement aux pr\u00e9commandes. Aucun inventaire suppl\u00e9mentaire ne sera produit apr\u00e8s la date limite et aucune vente suppl\u00e9mentaire ne sera offerte sur place.<\/p>\n<p><strong>Information pour la cueillette<\/strong><\/p>\n<p>Lieu : H\u00f4tel Sheraton Wall Centre<br \/>\nDates : Du 5 au 8 mai<br \/>\nDisponible pour cueillette uniquement pendant les dates du congr\u00e8s, de 9 h \u00e0 17 h. Une pi\u00e8ce d\u2019identit\u00e9 d\u00e9livr\u00e9e par le gouvernement est requise lors de la cueillette.<\/p>\n","protected":false},"excerpt":{"rendered":"<h5>Gagnant annonc\u00e9<\/h5>\n<p>Le design gagnant de notre concours national d\u2019\u00e9tiquette a \u00e9t\u00e9 cr\u00e9\u00e9 par Paya Salem, Intern Architect AIBC, et Alireza Danesh, Architect AIBC, de Vancouver (C.-B.). S\u00e9lectionn\u00e9 pour sa puissante interpr\u00e9tation de l\u2019architecture et de la communaut\u00e9, ce design figure maintenant sur cette collaboration exclusive avec Bomber Brewing.<\/p>\n<p>P\u00e9riode de pr\u00e9commande : du 16 mars au 31 mars 2026<\/p>\n","protected":false},"featured_media":62222,"template":"","meta":{"_acf_changed":false},"product_brand":[],"product_cat":[886],"product_tag":[889],"class_list":{"0":"post-62040","1":"product","2":"type-product","3":"status-publish","4":"has-post-thumbnail","6":"product_cat-congres-de-l-irac","7":"product_tag-bomber-brewing","9":"first","10":"instock","11":"virtual","12":"taxable","13":"purchasable","14":"product-type-simple"},"acf":[],"_links":{"self":[{"href":"https:\/\/raic.org\/fr\/wp-json\/wp\/v2\/product\/62040","targetHints":{"allow":["GET"]}}],"collection":[{"href":"https:\/\/raic.org\/fr\/wp-json\/wp\/v2\/product"}],"about":[{"href":"https:\/\/raic.org\/fr\/wp-json\/wp\/v2\/types\/product"}],"wp:featuredmedia":[{"embeddable":true,"href":"https:\/\/raic.org\/fr\/wp-json\/wp\/v2\/media\/62222"}],"wp:attachment":[{"href":"https:\/\/raic.org\/fr\/wp-json\/wp\/v2\/media?parent=62040"}],"wp:term":[{"taxonomy":"product_brand","embeddable":true,"href":"https:\/\/raic.org\/fr\/wp-json\/wp\/v2\/product_brand?post=62040"},{"taxonomy":"product_cat","embeddable":true,"href":"https:\/\/raic.org\/fr\/wp-json\/wp\/v2\/product_cat?post=62040"},{"taxonomy":"product_tag","embeddable":true,"href":"https:\/\/raic.org\/fr\/wp-json\/wp\/v2\/product_tag?post=62040"}],"curies":[{"name":"wp","href":"https:\/\/api.w.org\/{rel}","templated":true}]}}