{"id":61157,"date":"2026-02-19T15:37:23","date_gmt":"2026-02-19T20:37:23","guid":{"rendered":"https:\/\/raic.org\/?post_type=product&#038;p=61157"},"modified":"2026-02-19T15:46:08","modified_gmt":"2026-02-19T20:46:08","slug":"ccdc-46-2011-version-francaise-en-format-electronique","status":"publish","type":"product","link":"https:\/\/raic.org\/fr\/produit\/ccdc-46-2011-version-francaise-en-format-electronique\/","title":{"rendered":"CCDC 46 \u2013 2011: Version fran\u00e7aise en format \u00e9lectronique"},"content":{"rendered":"<p data-start=\"0\" data-end=\"100\"><strong>CCDC 46 \u2013 2011 Guide d\u2019utilisation du CCDC 5B Contrat de g\u00e9rance de construction \u2013 pour services et construction (copie \u00e9lectronique)<\/strong><\/p>\n<p data-start=\"0\" data-end=\"100\"><strong>*\u00a0Disponible en version \u00e9lectronique et copie papier.<\/strong><\/p>\n<p data-start=\"696\" data-end=\"926\">Veuillez noter que vous recevrez un courriel contenant le code et les instructions de t\u00e9l\u00e9chargement sp\u00e9ciales dans les 48 heures suivant l\u2019achat. Pour toute demande urgente, veuillez communiquer directement avec <a class=\"decorated-link cursor-pointer\" rel=\"noopener\" data-start=\"909\" data-end=\"925\">finance@raic.org<\/a>.<\/p>\n<p data-start=\"928\" data-end=\"973\" data-is-last-node=\"\" data-is-only-node=\"\"><em data-start=\"928\" data-end=\"973\" data-is-last-node=\"\">Disponible en format \u00e9lectronique seulement<\/em><\/p>\n<p>&nbsp;<\/p>\n","protected":false},"excerpt":{"rendered":"<p>CCDC 46 \u2013 2011 Guide d\u2019utilisation du CCDC 5B Contrat de g\u00e9rance de construction \u2013 pour services et construction (copie \u00e9lectronique) *\u00a0Disponible en version \u00e9lectronique et copie papier. Veuillez noter que vous recevrez un courriel contenant le code et les instructions de t\u00e9l\u00e9chargement sp\u00e9ciales dans les 48 heures suivant l\u2019achat. Pour toute demande urgente, veuillez [&hellip;]<\/p>\n","protected":false},"featured_media":38996,"template":"","meta":{"_acf_changed":false},"product_brand":[803],"product_cat":[784,658],"product_tag":[668],"class_list":{"0":"post-61157","1":"product","2":"type-product","3":"status-publish","4":"has-post-thumbnail","6":"product_brand-ccdc","7":"product_cat-ccdc","8":"product_cat-ressources","9":"product_tag-format-electronique","11":"first","12":"instock","13":"taxable","14":"shipping-taxable","15":"purchasable","16":"product-type-simple"},"acf":[],"_links":{"self":[{"href":"https:\/\/raic.org\/fr\/wp-json\/wp\/v2\/product\/61157","targetHints":{"allow":["GET"]}}],"collection":[{"href":"https:\/\/raic.org\/fr\/wp-json\/wp\/v2\/product"}],"about":[{"href":"https:\/\/raic.org\/fr\/wp-json\/wp\/v2\/types\/product"}],"wp:featuredmedia":[{"embeddable":true,"href":"https:\/\/raic.org\/fr\/wp-json\/wp\/v2\/media\/38996"}],"wp:attachment":[{"href":"https:\/\/raic.org\/fr\/wp-json\/wp\/v2\/media?parent=61157"}],"wp:term":[{"taxonomy":"product_brand","embeddable":true,"href":"https:\/\/raic.org\/fr\/wp-json\/wp\/v2\/product_brand?post=61157"},{"taxonomy":"product_cat","embeddable":true,"href":"https:\/\/raic.org\/fr\/wp-json\/wp\/v2\/product_cat?post=61157"},{"taxonomy":"product_tag","embeddable":true,"href":"https:\/\/raic.org\/fr\/wp-json\/wp\/v2\/product_tag?post=61157"}],"curies":[{"name":"wp","href":"https:\/\/api.w.org\/{rel}","templated":true}]}}