{"id":59193,"date":"2025-11-04T17:17:27","date_gmt":"2025-11-04T22:17:27","guid":{"rendered":"https:\/\/raic.org\/?post_type=product&#038;p=59193"},"modified":"2026-01-28T10:41:30","modified_gmt":"2026-01-28T15:41:30","slug":"livret-des-medailles-du-gouverneur-general-en-architecture-2024","status":"publish","type":"product","link":"https:\/\/raic.org\/fr\/produit\/livret-des-medailles-du-gouverneur-general-en-architecture-2024\/","title":{"rendered":"Livret des M\u00e9dailles du Gouverneur g\u00e9n\u00e9ral en architecture 2024"},"content":{"rendered":"<p><span data-teams=\"true\">Cette publication pr\u00e9sente les 12 projets ayant re\u00e7u la M\u00e9daille du gouverneur g\u00e9n\u00e9ral en architecture. \u00a0<\/span><\/p>\n","protected":false},"excerpt":{"rendered":"<p>Cette publication pr\u00e9sente les 12 projets ayant re\u00e7u la M\u00e9daille du gouverneur g\u00e9n\u00e9ral en architecture. \u00a0<\/p>\n","protected":false},"featured_media":24453,"template":"","meta":{"_acf_changed":false},"product_brand":[],"product_cat":[656,657],"product_tag":[671,670],"class_list":{"0":"post-59193","1":"product","2":"type-product","3":"status-publish","4":"has-post-thumbnail","6":"product_cat-documents-publies","7":"product_cat-livres","8":"product_tag-copie-papier","9":"product_tag-livre-du-gouverneur-general","10":"product_shipping_class-livres-du-gouverneur-general","12":"first","13":"instock","14":"sold-individually","15":"taxable","16":"shipping-taxable","17":"purchasable","18":"product-type-simple"},"acf":[],"_links":{"self":[{"href":"https:\/\/raic.org\/fr\/wp-json\/wp\/v2\/product\/59193","targetHints":{"allow":["GET"]}}],"collection":[{"href":"https:\/\/raic.org\/fr\/wp-json\/wp\/v2\/product"}],"about":[{"href":"https:\/\/raic.org\/fr\/wp-json\/wp\/v2\/types\/product"}],"wp:featuredmedia":[{"embeddable":true,"href":"https:\/\/raic.org\/fr\/wp-json\/wp\/v2\/media\/24453"}],"wp:attachment":[{"href":"https:\/\/raic.org\/fr\/wp-json\/wp\/v2\/media?parent=59193"}],"wp:term":[{"taxonomy":"product_brand","embeddable":true,"href":"https:\/\/raic.org\/fr\/wp-json\/wp\/v2\/product_brand?post=59193"},{"taxonomy":"product_cat","embeddable":true,"href":"https:\/\/raic.org\/fr\/wp-json\/wp\/v2\/product_cat?post=59193"},{"taxonomy":"product_tag","embeddable":true,"href":"https:\/\/raic.org\/fr\/wp-json\/wp\/v2\/product_tag?post=59193"}],"curies":[{"name":"wp","href":"https:\/\/api.w.org\/{rel}","templated":true}]}}