{"id":59189,"date":"2026-01-22T12:21:07","date_gmt":"2026-01-22T17:21:07","guid":{"rendered":"https:\/\/raic.org\/?post_type=product&#038;p=59189"},"modified":"2026-01-28T10:36:16","modified_gmt":"2026-01-28T15:36:16","slug":"livret-des-medailles-du-gouverneur-general-en-architecture-2020","status":"publish","type":"product","link":"https:\/\/raic.org\/fr\/produit\/livret-des-medailles-du-gouverneur-general-en-architecture-2020\/","title":{"rendered":"Livret des M\u00e9dailles du Gouverneur g\u00e9n\u00e9ral en architecture 2020"},"content":{"rendered":"<p><span data-teams=\"true\">Cette publication pr\u00e9sente les 12 projets ayant re\u00e7u la M\u00e9daille du gouverneur g\u00e9n\u00e9ral en architecture. \u00a0<\/span><\/p>\n","protected":false},"excerpt":{"rendered":"<p>Cette publication pr\u00e9sente les 12 projets ayant re\u00e7u la M\u00e9daille du gouverneur g\u00e9n\u00e9ral en architecture. \u00a0<\/p>\n","protected":false},"featured_media":25622,"template":"","meta":{"_acf_changed":false},"product_brand":[],"product_cat":[656,657],"product_tag":[],"class_list":{"0":"post-59189","1":"product","2":"type-product","3":"status-publish","4":"has-post-thumbnail","6":"product_cat-documents-publies","7":"product_cat-livres","8":"product_shipping_class-livres-du-gouverneur-general","10":"first","11":"instock","12":"sold-individually","13":"taxable","14":"shipping-taxable","15":"purchasable","16":"product-type-simple"},"acf":[],"_links":{"self":[{"href":"https:\/\/raic.org\/fr\/wp-json\/wp\/v2\/product\/59189","targetHints":{"allow":["GET"]}}],"collection":[{"href":"https:\/\/raic.org\/fr\/wp-json\/wp\/v2\/product"}],"about":[{"href":"https:\/\/raic.org\/fr\/wp-json\/wp\/v2\/types\/product"}],"wp:featuredmedia":[{"embeddable":true,"href":"https:\/\/raic.org\/fr\/wp-json\/wp\/v2\/media\/25622"}],"wp:attachment":[{"href":"https:\/\/raic.org\/fr\/wp-json\/wp\/v2\/media?parent=59189"}],"wp:term":[{"taxonomy":"product_brand","embeddable":true,"href":"https:\/\/raic.org\/fr\/wp-json\/wp\/v2\/product_brand?post=59189"},{"taxonomy":"product_cat","embeddable":true,"href":"https:\/\/raic.org\/fr\/wp-json\/wp\/v2\/product_cat?post=59189"},{"taxonomy":"product_tag","embeddable":true,"href":"https:\/\/raic.org\/fr\/wp-json\/wp\/v2\/product_tag?post=59189"}],"curies":[{"name":"wp","href":"https:\/\/api.w.org\/{rel}","templated":true}]}}