{"id":59184,"date":"2026-01-22T12:21:07","date_gmt":"2026-01-22T17:21:07","guid":{"rendered":"https:\/\/raic.org\/?post_type=product&#038;p=59184"},"modified":"2026-01-28T10:27:34","modified_gmt":"2026-01-28T15:27:34","slug":"livret-des-medailles-du-gouverneur-general-en-architecture-2016","status":"publish","type":"product","link":"https:\/\/raic.org\/fr\/produit\/livret-des-medailles-du-gouverneur-general-en-architecture-2016\/","title":{"rendered":"Livret des M\u00e9dailles du Gouverneur g\u00e9n\u00e9ral en architecture 2016"},"content":{"rendered":"<p><span data-teams=\"true\">Cette publication pr\u00e9sente les 12 projets ayant re\u00e7u la M\u00e9daille du gouverneur g\u00e9n\u00e9ral en architecture. \u00a0<\/span><\/p>\n","protected":false},"excerpt":{"rendered":"<p>Cette publication pr\u00e9sente les 12 projets ayant re\u00e7u la M\u00e9daille du gouverneur g\u00e9n\u00e9ral en architecture. \u00a0<\/p>\n","protected":false},"featured_media":59198,"template":"","meta":{"_acf_changed":false},"product_brand":[],"product_cat":[656,657],"product_tag":[],"class_list":{"0":"post-59184","1":"product","2":"type-product","3":"status-publish","4":"has-post-thumbnail","6":"product_cat-documents-publies","7":"product_cat-livres","8":"product_shipping_class-livres-du-gouverneur-general","10":"first","11":"instock","12":"sold-individually","13":"taxable","14":"shipping-taxable","15":"purchasable","16":"product-type-simple"},"acf":[],"_links":{"self":[{"href":"https:\/\/raic.org\/fr\/wp-json\/wp\/v2\/product\/59184","targetHints":{"allow":["GET"]}}],"collection":[{"href":"https:\/\/raic.org\/fr\/wp-json\/wp\/v2\/product"}],"about":[{"href":"https:\/\/raic.org\/fr\/wp-json\/wp\/v2\/types\/product"}],"wp:featuredmedia":[{"embeddable":true,"href":"https:\/\/raic.org\/fr\/wp-json\/wp\/v2\/media\/59198"}],"wp:attachment":[{"href":"https:\/\/raic.org\/fr\/wp-json\/wp\/v2\/media?parent=59184"}],"wp:term":[{"taxonomy":"product_brand","embeddable":true,"href":"https:\/\/raic.org\/fr\/wp-json\/wp\/v2\/product_brand?post=59184"},{"taxonomy":"product_cat","embeddable":true,"href":"https:\/\/raic.org\/fr\/wp-json\/wp\/v2\/product_cat?post=59184"},{"taxonomy":"product_tag","embeddable":true,"href":"https:\/\/raic.org\/fr\/wp-json\/wp\/v2\/product_tag?post=59184"}],"curies":[{"name":"wp","href":"https:\/\/api.w.org\/{rel}","templated":true}]}}