{"id":56463,"date":"2011-05-16T13:41:20","date_gmt":"2011-05-16T17:41:20","guid":{"rendered":"https:\/\/raic.org\/?post_type=product&#038;p=56463"},"modified":"2026-02-10T17:06:37","modified_gmt":"2026-02-10T22:06:37","slug":"ddn-architecture-20-divisions","status":"publish","type":"product","link":"https:\/\/raic.org\/fr\/produit\/ddn-architecture-20-divisions\/","title":{"rendered":"DDN &#8211; Architecture (20 divisions)"},"content":{"rendered":"<p><strong>Devis directeur national &#8211; Forfait Architecture<\/strong><\/p>\n<p>Ce forfait comprend :<\/p>\n<ul>\n<li><strong>Division 00<\/strong> &#8211; Exigences relatives aux approvisionnements et aux contrats<\/li>\n<li><strong>Division 01<\/strong> &#8211; Exigences g\u00e9n\u00e9rales<\/li>\n<li><strong>Division 02<\/strong> &#8211; Conditions existantes<\/li>\n<li><strong>Division 03<\/strong> &#8211; B\u00e9ton<\/li>\n<li><strong>Division 04<\/strong> &#8211; Ma\u00e7onnerie<\/li>\n<li><strong>Division 05<\/strong> &#8211; M\u00e9taux<\/li>\n<li><strong>Division 06<\/strong> &#8211; Bois, plastiques et composites<\/li>\n<li><strong>Division 07<\/strong> &#8211; Isolation thermique et \u00e9tanch\u00e9it\u00e9<\/li>\n<li><strong>Division 08<\/strong> &#8211; Ouvertures et fermetures<\/li>\n<li><strong>Division 09<\/strong> &#8211; Rev\u00eatements de finition<\/li>\n<li><strong>Division 10<\/strong> &#8211; Ouvrages sp\u00e9ciaux<\/li>\n<li><strong>Division 11<\/strong> &#8211; Mat\u00e9riel et \u00e9quipement<\/li>\n<li><strong>Division 12<\/strong> &#8211; Ameublement et d\u00e9coration<\/li>\n<li><strong>Division 13<\/strong> &#8211; Installations sp\u00e9ciales<\/li>\n<li><strong>Division 14<\/strong> &#8211; Syst\u00e8mes transporteurs<\/li>\n<li><strong>Division 31<\/strong> &#8211; Terrassements<\/li>\n<li><strong>Division 32<\/strong> &#8211; Am\u00e9nagement ext\u00e9rieurs<\/li>\n<li><strong>Division 35<\/strong> &#8211; Voies d&#8217;eau et ouvrages maritimes<\/li>\n<li><strong>Division 42<\/strong> &#8211; Chauffage, refroidissement et s\u00e9chage<\/li>\n<li><strong>Division 44<\/strong> &#8211; Lutte contre la pollution<\/li>\n<\/ul>\n<p>Ce forfait comprend \u00e9galement des mises \u00e0 jour de certaines parties de la Division 34 &#8211; Transports, et sur les sections &lt;&lt; bas\u00e9es sur la performance &gt;&gt;.<\/p>\n<p><strong>Veuillez noter que vous recevrez votre code par courriel, accompagn\u00e9 des instructions de t\u00e9l\u00e9chargement, dans les 48 heures suivant votre commande.<\/strong><br \/>\nSi vous avez besoin du code plus rapidement, veuillez communiquer directement avec nous \u00e0 l\u2019adresse suivante : <a class=\"decorated-link cursor-pointer\" rel=\"noopener\" data-start=\"259\" data-end=\"275\">finance@raic.org<\/a>.<\/p>\n","protected":false},"excerpt":{"rendered":"<p>Devis directeur national &#8211; Forfait Architecture Ce forfait comprend : Division 00 &#8211; Exigences relatives aux approvisionnements et aux contrats Division 01 &#8211; Exigences g\u00e9n\u00e9rales Division 02 &#8211; Conditions existantes Division 03 &#8211; B\u00e9ton Division 04 &#8211; Ma\u00e7onnerie Division 05 &#8211; M\u00e9taux Division 06 &#8211; Bois, plastiques et composites Division 07 &#8211; Isolation thermique et [&hellip;]<\/p>\n","protected":false},"featured_media":9783,"template":"","meta":{"_acf_changed":false},"product_brand":[806],"product_cat":[809,658],"product_tag":[],"class_list":{"0":"post-56463","1":"product","2":"type-product","3":"status-publish","4":"has-post-thumbnail","6":"product_brand-ddn","7":"product_cat-ddn","8":"product_cat-ressources","10":"first","11":"instock","12":"downloadable","13":"taxable","14":"shipping-taxable","15":"purchasable","16":"product-type-simple"},"acf":[],"_links":{"self":[{"href":"https:\/\/raic.org\/fr\/wp-json\/wp\/v2\/product\/56463","targetHints":{"allow":["GET"]}}],"collection":[{"href":"https:\/\/raic.org\/fr\/wp-json\/wp\/v2\/product"}],"about":[{"href":"https:\/\/raic.org\/fr\/wp-json\/wp\/v2\/types\/product"}],"wp:featuredmedia":[{"embeddable":true,"href":"https:\/\/raic.org\/fr\/wp-json\/wp\/v2\/media\/9783"}],"wp:attachment":[{"href":"https:\/\/raic.org\/fr\/wp-json\/wp\/v2\/media?parent=56463"}],"wp:term":[{"taxonomy":"product_brand","embeddable":true,"href":"https:\/\/raic.org\/fr\/wp-json\/wp\/v2\/product_brand?post=56463"},{"taxonomy":"product_cat","embeddable":true,"href":"https:\/\/raic.org\/fr\/wp-json\/wp\/v2\/product_cat?post=56463"},{"taxonomy":"product_tag","embeddable":true,"href":"https:\/\/raic.org\/fr\/wp-json\/wp\/v2\/product_tag?post=56463"}],"curies":[{"name":"wp","href":"https:\/\/api.w.org\/{rel}","templated":true}]}}