{"id":56462,"date":"2011-05-16T13:52:26","date_gmt":"2011-05-16T17:52:26","guid":{"rendered":"https:\/\/raic.org\/?post_type=product&#038;p=56462"},"modified":"2026-02-10T17:06:37","modified_gmt":"2026-02-10T22:06:37","slug":"ddn-logiciel-dedition-de-devis-editdevis","status":"publish","type":"product","link":"https:\/\/raic.org\/fr\/produit\/ddn-logiciel-dedition-de-devis-editdevis\/","title":{"rendered":"DDN &#8211; Logiciel d&#8217;\u00e9dition de devis (\u00e9ditDEVIS)  :"},"content":{"rendered":"<p><strong>Devis directeur national &#8211; Logiciel\u00a0 &#8220;edit professionel&#8221; (version 2011)<\/strong><\/p>\n<p>Ce logiciel de traitement de texte est sp\u00e9cialement con\u00e7u pour le devis, sans qu&#8217;il ne soit n\u00e9cessaire d&#8217;avoir un autre logiciel de traitement de texte.<\/p>\n<p><strong>Note:<\/strong>Les macros pour Microsoft Word et WordPerfect seront inclus gratuitement lorsque les forfait du DDN sont achet\u00e9 sans le logiciel de traitement de texte.<\/p>\n<p>Voir la <a style=\"padding: 0 5px;\" href=\"https:\/\/www.innovative.ca\/downloads\/Support\/ddnwin19-4.txt\">table des mati\u00e8res<\/a> du DDN pour plus d&#8217;informations.<\/p>\n<p><strong>Veuillez noter que vous recevrez votre code par courriel, accompagn\u00e9 des instructions de t\u00e9l\u00e9chargement, dans les 48 heures suivant votre commande.<\/strong><br \/>\nSi vous avez besoin du code plus rapidement, veuillez communiquer directement avec nous \u00e0 l\u2019adresse suivante : <a class=\"decorated-link cursor-pointer\" rel=\"noopener\" data-start=\"259\" data-end=\"275\">finance@raic.org<\/a>.<\/p>\n","protected":false},"excerpt":{"rendered":"<p>Devis directeur national &#8211; Logiciel\u00a0 &#8220;edit professionel&#8221; (version 2011) Ce logiciel de traitement de texte est sp\u00e9cialement con\u00e7u pour le devis, sans qu&#8217;il ne soit n\u00e9cessaire d&#8217;avoir un autre logiciel de traitement de texte. Note:Les macros pour Microsoft Word et WordPerfect seront inclus gratuitement lorsque les forfait du DDN sont achet\u00e9 sans le logiciel de [&hellip;]<\/p>\n","protected":false},"featured_media":9783,"template":"","meta":{"_acf_changed":false},"product_brand":[806],"product_cat":[809,658],"product_tag":[],"class_list":{"0":"post-56462","1":"product","2":"type-product","3":"status-publish","4":"has-post-thumbnail","6":"product_brand-ddn","7":"product_cat-ddn","8":"product_cat-ressources","10":"first","11":"instock","12":"downloadable","13":"taxable","14":"shipping-taxable","15":"purchasable","16":"product-type-simple"},"acf":[],"_links":{"self":[{"href":"https:\/\/raic.org\/fr\/wp-json\/wp\/v2\/product\/56462","targetHints":{"allow":["GET"]}}],"collection":[{"href":"https:\/\/raic.org\/fr\/wp-json\/wp\/v2\/product"}],"about":[{"href":"https:\/\/raic.org\/fr\/wp-json\/wp\/v2\/types\/product"}],"wp:featuredmedia":[{"embeddable":true,"href":"https:\/\/raic.org\/fr\/wp-json\/wp\/v2\/media\/9783"}],"wp:attachment":[{"href":"https:\/\/raic.org\/fr\/wp-json\/wp\/v2\/media?parent=56462"}],"wp:term":[{"taxonomy":"product_brand","embeddable":true,"href":"https:\/\/raic.org\/fr\/wp-json\/wp\/v2\/product_brand?post=56462"},{"taxonomy":"product_cat","embeddable":true,"href":"https:\/\/raic.org\/fr\/wp-json\/wp\/v2\/product_cat?post=56462"},{"taxonomy":"product_tag","embeddable":true,"href":"https:\/\/raic.org\/fr\/wp-json\/wp\/v2\/product_tag?post=56462"}],"curies":[{"name":"wp","href":"https:\/\/api.w.org\/{rel}","templated":true}]}}