{"id":56461,"date":"2011-05-16T13:59:08","date_gmt":"2011-05-16T17:59:08","guid":{"rendered":"https:\/\/raic.org\/?post_type=product&#038;p=56461"},"modified":"2026-02-10T17:06:37","modified_gmt":"2026-02-10T22:06:37","slug":"ddn-logiciel-de-traitement-du-ddn-licenses-addtionnelles","status":"publish","type":"product","link":"https:\/\/raic.org\/fr\/produit\/ddn-logiciel-de-traitement-du-ddn-licenses-addtionnelles\/","title":{"rendered":"DDN &#8211; Logiciel de traitement du DDN (Licenses addtionnelles)"},"content":{"rendered":"<p><strong>Devis du directeur national &#8211; Logiciel de traitement du DDN<\/strong> (<strong>Licences addtionnelles<\/strong>)<\/p>\n<p><strong>LICENCE<\/strong>: L&#8217;achat du produit complet donne droit \u00e0 une licence d&#8217;utilisation. Chaque utilisateur additionnel du logiciel doit obtenir une licence additionnelle.<\/p>\n<p><strong>Veuillez noter que vous recevrez votre code par courriel, accompagn\u00e9 des instructions de t\u00e9l\u00e9chargement, dans les 48 heures suivant votre commande.<\/strong><br \/>\nSi vous avez besoin du code plus rapidement, veuillez communiquer directement avec nous \u00e0 l\u2019adresse suivante : <a class=\"decorated-link cursor-pointer\" rel=\"noopener\" data-start=\"259\" data-end=\"275\">finance@raic.org<\/a>.<\/p>\n","protected":false},"excerpt":{"rendered":"<p>Devis du directeur national &#8211; Logiciel de traitement du DDN (Licences addtionnelles) LICENCE: L&#8217;achat du produit complet donne droit \u00e0 une licence d&#8217;utilisation. Chaque utilisateur additionnel du logiciel doit obtenir une licence additionnelle. Veuillez noter que vous recevrez votre code par courriel, accompagn\u00e9 des instructions de t\u00e9l\u00e9chargement, dans les 48 heures suivant votre commande. Si [&hellip;]<\/p>\n","protected":false},"featured_media":9783,"template":"","meta":{"_acf_changed":false},"product_brand":[806],"product_cat":[809,658],"product_tag":[],"class_list":{"0":"post-56461","1":"product","2":"type-product","3":"status-publish","4":"has-post-thumbnail","6":"product_brand-ddn","7":"product_cat-ddn","8":"product_cat-ressources","10":"first","11":"instock","12":"downloadable","13":"taxable","14":"shipping-taxable","15":"purchasable","16":"product-type-simple"},"acf":[],"_links":{"self":[{"href":"https:\/\/raic.org\/fr\/wp-json\/wp\/v2\/product\/56461","targetHints":{"allow":["GET"]}}],"collection":[{"href":"https:\/\/raic.org\/fr\/wp-json\/wp\/v2\/product"}],"about":[{"href":"https:\/\/raic.org\/fr\/wp-json\/wp\/v2\/types\/product"}],"wp:featuredmedia":[{"embeddable":true,"href":"https:\/\/raic.org\/fr\/wp-json\/wp\/v2\/media\/9783"}],"wp:attachment":[{"href":"https:\/\/raic.org\/fr\/wp-json\/wp\/v2\/media?parent=56461"}],"wp:term":[{"taxonomy":"product_brand","embeddable":true,"href":"https:\/\/raic.org\/fr\/wp-json\/wp\/v2\/product_brand?post=56461"},{"taxonomy":"product_cat","embeddable":true,"href":"https:\/\/raic.org\/fr\/wp-json\/wp\/v2\/product_cat?post=56461"},{"taxonomy":"product_tag","embeddable":true,"href":"https:\/\/raic.org\/fr\/wp-json\/wp\/v2\/product_tag?post=56461"}],"curies":[{"name":"wp","href":"https:\/\/api.w.org\/{rel}","templated":true}]}}