{"id":56458,"date":"2011-05-16T15:22:32","date_gmt":"2011-05-16T19:22:32","guid":{"rendered":"https:\/\/raic.org\/?post_type=product&#038;p=56458"},"modified":"2026-02-10T17:06:37","modified_gmt":"2026-02-10T22:06:37","slug":"ddn-services-du-batiment","status":"publish","type":"product","link":"https:\/\/raic.org\/fr\/produit\/ddn-services-du-batiment\/","title":{"rendered":"DDN &#8211; Services du b\u00e2timent"},"content":{"rendered":"<p><strong>Devis du directeur national &#8211; Forfait services du b\u00e2timent<\/strong><\/p>\n<p>Ce forfait comprend :<\/p>\n<ul>\n<li><strong>Division 00<\/strong> &#8211; Exigences relatives aux approvisionnements et aux contrats<\/li>\n<li><strong>Division 01<\/strong> &#8211; Exigences g\u00e9n\u00e9rales<\/li>\n<li><strong>Division 14<\/strong> &#8211; Syst\u00e8mes transporteurs<\/li>\n<li><strong>Division 21<\/strong> &#8211; Lutte contre les incendies<\/li>\n<li><strong>Division 22<\/strong> &#8211; Plomberie<\/li>\n<li><strong>Division 23<\/strong> &#8211; Chauffage, ventilation et conditionnement d&#8217;air<\/li>\n<li><strong>Division 25<\/strong> &#8211; Automatisation int\u00e9gr\u00e9e<\/li>\n<li><strong>Division 26<\/strong> &#8211; \u00c9lectricit\u00e9<\/li>\n<li><strong>Division 27<\/strong> &#8211; Communications<\/li>\n<li><strong>Division 28<\/strong> &#8211; S\u00e9curit\u00e9 et protection \u00e9lectroniques<\/li>\n<\/ul>\n<p>Certaines parties des Divisions 02, 08, 10, 11, 33, 34, 42 et des sections bas\u00e9es sur la performance.Voir la <a style=\"padding: 0 5px;\" href=\"https:\/\/www.innovative.ca\/downloads\/Support\/ddnwin19-4.txt\">table des mati\u00e8res<\/a> du DDN pour plus d&#8217;informations.<\/p>\n<p><strong>Veuillez noter que vous recevrez votre code par courriel, accompagn\u00e9 des instructions de t\u00e9l\u00e9chargement, dans les 48 heures suivant votre commande<\/strong>.<br \/>\n<span style=\"font-size: 1rem;\">Si vous avez besoin du code plus rapidement, veuillez communiquer directement avec nous \u00e0 l\u2019adresse suivante : <\/span><a class=\"decorated-link cursor-pointer\" style=\"background-color: #ffffff; font-size: 1rem;\" rel=\"noopener\" data-start=\"259\" data-end=\"275\">finance@raic.org<\/a><span style=\"font-size: 1rem;\">.<\/span><\/p>\n","protected":false},"excerpt":{"rendered":"<p>Devis du directeur national &#8211; Forfait services du b\u00e2timent Ce forfait comprend : Division 00 &#8211; Exigences relatives aux approvisionnements et aux contrats Division 01 &#8211; Exigences g\u00e9n\u00e9rales Division 14 &#8211; Syst\u00e8mes transporteurs Division 21 &#8211; Lutte contre les incendies Division 22 &#8211; Plomberie Division 23 &#8211; Chauffage, ventilation et conditionnement d&#8217;air Division 25 &#8211; [&hellip;]<\/p>\n","protected":false},"featured_media":9783,"template":"","meta":{"_acf_changed":false},"product_brand":[806],"product_cat":[809,658],"product_tag":[],"class_list":{"0":"post-56458","1":"product","2":"type-product","3":"status-publish","4":"has-post-thumbnail","6":"product_brand-ddn","7":"product_cat-ddn","8":"product_cat-ressources","10":"first","11":"instock","12":"downloadable","13":"taxable","14":"shipping-taxable","15":"purchasable","16":"product-type-simple"},"acf":[],"_links":{"self":[{"href":"https:\/\/raic.org\/fr\/wp-json\/wp\/v2\/product\/56458","targetHints":{"allow":["GET"]}}],"collection":[{"href":"https:\/\/raic.org\/fr\/wp-json\/wp\/v2\/product"}],"about":[{"href":"https:\/\/raic.org\/fr\/wp-json\/wp\/v2\/types\/product"}],"wp:featuredmedia":[{"embeddable":true,"href":"https:\/\/raic.org\/fr\/wp-json\/wp\/v2\/media\/9783"}],"wp:attachment":[{"href":"https:\/\/raic.org\/fr\/wp-json\/wp\/v2\/media?parent=56458"}],"wp:term":[{"taxonomy":"product_brand","embeddable":true,"href":"https:\/\/raic.org\/fr\/wp-json\/wp\/v2\/product_brand?post=56458"},{"taxonomy":"product_cat","embeddable":true,"href":"https:\/\/raic.org\/fr\/wp-json\/wp\/v2\/product_cat?post=56458"},{"taxonomy":"product_tag","embeddable":true,"href":"https:\/\/raic.org\/fr\/wp-json\/wp\/v2\/product_tag?post=56458"}],"curies":[{"name":"wp","href":"https:\/\/api.w.org\/{rel}","templated":true}]}}