{"id":56446,"date":"2011-05-17T09:15:34","date_gmt":"2011-05-17T13:15:34","guid":{"rendered":"https:\/\/raic.org\/?post_type=product&#038;p=56446"},"modified":"2026-02-10T17:06:36","modified_gmt":"2026-02-10T22:06:36","slug":"ddn-division-5-6-metaux-bois-plastiques-et-composites","status":"publish","type":"product","link":"https:\/\/raic.org\/fr\/produit\/ddn-division-5-6-metaux-bois-plastiques-et-composites\/","title":{"rendered":"DDN Division 5 &#038; 6 &#8211; M\u00e9taux \/ Bois, plastiques et composites"},"content":{"rendered":"<p><strong>Devis du directeur national Divisions 5 &amp; 6 &#8211; M\u00e9taux \/ Bois, plastiques et composites<\/strong><\/p>\n<p>Voir la <a style=\"outline: 0px; font-variant-numeric: inherit; font-variant-east-asian: inherit; font-stretch: inherit; font-size: 14px; line-height: inherit; font-family: 'Open Sans-Regular'; color: #f04e23;\" href=\"https:\/\/www.innovative.ca\/downloads\/Support\/ddnwin19-4.txt\">table des mati\u00e8res <\/a>du DDN pour plus d&#8217;informations.<\/p>\n<p>Veuillez noter que vous recevrez votre code par courriel, accompagn\u00e9 des instructions de t\u00e9l\u00e9chargement, dans les 48 heures suivant votre commande.<br \/>\nSi vous avez besoin du code plus rapidement, veuillez communiquer directement avec nous \u00e0 l\u2019adresse suivante : <a class=\"decorated-link cursor-pointer\" rel=\"noopener\" data-start=\"259\" data-end=\"275\">finance@raic.org<\/a>.<\/p>\n","protected":false},"excerpt":{"rendered":"<p>Devis du directeur national Divisions 5 &amp; 6 &#8211; M\u00e9taux \/ Bois, plastiques et composites Voir la table des mati\u00e8res du DDN pour plus d&#8217;informations. Veuillez noter que vous recevrez votre code par courriel, accompagn\u00e9 des instructions de t\u00e9l\u00e9chargement, dans les 48 heures suivant votre commande. Si vous avez besoin du code plus rapidement, veuillez [&hellip;]<\/p>\n","protected":false},"featured_media":9783,"template":"","meta":{"_acf_changed":false},"product_brand":[806],"product_cat":[809,658],"product_tag":[],"class_list":{"0":"post-56446","1":"product","2":"type-product","3":"status-publish","4":"has-post-thumbnail","6":"product_brand-ddn","7":"product_cat-ddn","8":"product_cat-ressources","10":"first","11":"instock","12":"taxable","13":"shipping-taxable","14":"purchasable","15":"product-type-simple"},"acf":[],"_links":{"self":[{"href":"https:\/\/raic.org\/fr\/wp-json\/wp\/v2\/product\/56446","targetHints":{"allow":["GET"]}}],"collection":[{"href":"https:\/\/raic.org\/fr\/wp-json\/wp\/v2\/product"}],"about":[{"href":"https:\/\/raic.org\/fr\/wp-json\/wp\/v2\/types\/product"}],"wp:featuredmedia":[{"embeddable":true,"href":"https:\/\/raic.org\/fr\/wp-json\/wp\/v2\/media\/9783"}],"wp:attachment":[{"href":"https:\/\/raic.org\/fr\/wp-json\/wp\/v2\/media?parent=56446"}],"wp:term":[{"taxonomy":"product_brand","embeddable":true,"href":"https:\/\/raic.org\/fr\/wp-json\/wp\/v2\/product_brand?post=56446"},{"taxonomy":"product_cat","embeddable":true,"href":"https:\/\/raic.org\/fr\/wp-json\/wp\/v2\/product_cat?post=56446"},{"taxonomy":"product_tag","embeddable":true,"href":"https:\/\/raic.org\/fr\/wp-json\/wp\/v2\/product_tag?post=56446"}],"curies":[{"name":"wp","href":"https:\/\/api.w.org\/{rel}","templated":true}]}}