{"id":55986,"date":"2026-01-20T14:56:48","date_gmt":"2026-01-20T19:56:48","guid":{"rendered":"https:\/\/raic.org\/?post_type=product&#038;p=55986"},"modified":"2026-02-10T10:37:00","modified_gmt":"2026-02-10T15:37:00","slug":"ccdc-5a-2025-sceaux-dautorisation-pour-version-francaise","status":"publish","type":"product","link":"https:\/\/raic.org\/fr\/produit\/ccdc-5a-2025-sceaux-dautorisation-pour-version-francaise\/","title":{"rendered":"CCDC 5A &#8211; 2025:  Sceaux d&#8217;autorisation pour version fran\u00e7aise"},"content":{"rendered":"<div class=\"flex flex-col text-sm pb-25\">\n<article class=\"text-token-text-primary w-full focus:outline-none [--shadow-height:45px] has-data-writing-block:pointer-events-none has-data-writing-block:-mt-(--shadow-height) has-data-writing-block:pt-(--shadow-height) [&amp;:has([data-writing-block])&gt;*]:pointer-events-auto scroll-mt-[calc(var(--header-height)+min(200px,max(70px,20svh)))]\" dir=\"auto\" tabindex=\"-1\" data-turn-id=\"052b69c2-7ac2-41d1-9288-60ac9bcb4fa8\" data-testid=\"conversation-turn-196\" data-scroll-anchor=\"true\" data-turn=\"assistant\">\n<div class=\"text-base my-auto mx-auto pb-10 [--thread-content-margin:--spacing(4)] @w-sm\/main:[--thread-content-margin:--spacing(6)] @w-lg\/main:[--thread-content-margin:--spacing(16)] px-(--thread-content-margin)\">\n<div class=\"[--thread-content-max-width:40rem] @w-lg\/main:[--thread-content-max-width:48rem] mx-auto max-w-(--thread-content-max-width) flex-1 group\/turn-messages focus-visible:outline-hidden relative flex w-full min-w-0 flex-col agent-turn\" tabindex=\"-1\">\n<div class=\"flex max-w-full flex-col grow\">\n<div class=\"min-h-8 text-message relative flex w-full flex-col items-end gap-2 text-start break-words whitespace-normal [.text-message+&amp;]:mt-1\" dir=\"auto\" data-message-author-role=\"assistant\" data-message-id=\"12fb05c5-c6e6-4b47-af9e-07bc53f1a1ed\" data-message-model-slug=\"gpt-5-2-thinking\">\n<div class=\"flex w-full flex-col gap-1 empty:hidden first:pt-[1px]\">\n<div class=\"markdown prose dark:prose-invert w-full break-words light markdown-new-styling\">\n<p data-start=\"0\" data-end=\"109\"><strong>CCDC 5A \u2013 2025 : Contrat de gestion de la construction \u2013 pour services (SCEAUX SEULEMENT \u2013 version fran\u00e7aise)<\/strong><\/p>\n<p data-start=\"111\" data-end=\"554\" data-is-last-node=\"\" data-is-only-node=\"\">Veuillez noter que les exp\u00e9ditions sont effectu\u00e9es par le service postal standard de Postes Canada et que nous ne pouvons \u00eatre tenus responsables des envois perdus. Veuillez pr\u00e9voir un d\u00e9lai de 4 \u00e0 6 semaines pour la livraison.<\/p>\n<p data-start=\"111\" data-end=\"554\" data-is-last-node=\"\" data-is-only-node=\"\"><strong>Les frais d\u2019exp\u00e9dition au Canada s\u2019\u00e9l\u00e8vent \u00e0 3,00 $ suppl\u00e9mentaires. \u00c0 l\u2019ext\u00e9rieur du Canada, les frais sont de 5,00 $<\/strong>.<\/p>\n<p data-start=\"111\" data-end=\"554\" data-is-last-node=\"\" data-is-only-node=\"\">Pour toute demande urgente ou pour obtenir un num\u00e9ro de rep\u00e9rage de Postes Canada, veuillez communiquer avec <a class=\"decorated-link cursor-pointer\" rel=\"noopener\" data-start=\"448\" data-end=\"464\">finance@raic.org<\/a>; nous \u00e9mettrons rapidement une facture distincte incluant les frais d\u2019exp\u00e9dition express.<\/p>\n<\/div>\n<\/div>\n<\/div>\n<\/div>\n<div class=\"z-0 flex min-h-[46px] justify-start\"><\/div>\n<div class=\"mt-3 w-full empty:hidden\">\n<div class=\"text-center\"><\/div>\n<\/div>\n<\/div>\n<\/div>\n<\/article>\n<\/div>\n<div class=\"pointer-events-none h-px w-px absolute bottom-0\" aria-hidden=\"true\" data-edge=\"true\"><\/div>\n","protected":false},"excerpt":{"rendered":"<p>CCDC 5A \u2013 2025 : Contrat de gestion de la construction \u2013 pour services (SCEAUX SEULEMENT \u2013 version fran\u00e7aise) Veuillez noter que les exp\u00e9ditions sont effectu\u00e9es par le service postal standard de Postes Canada et que nous ne pouvons \u00eatre tenus responsables des envois perdus. Veuillez pr\u00e9voir un d\u00e9lai de 4 \u00e0 6 semaines pour [&hellip;]<\/p>\n","protected":false},"featured_media":38996,"template":"","meta":{"_acf_changed":false},"product_brand":[803],"product_cat":[784,658],"product_tag":[],"class_list":{"0":"post-55986","1":"product","2":"type-product","3":"status-publish","4":"has-post-thumbnail","6":"product_brand-ccdc","7":"product_cat-ccdc","8":"product_cat-ressources","9":"product_shipping_class-tarif-forfaitaire-sans-suivi-pour-articles-legers","11":"first","12":"instock","13":"taxable","14":"shipping-taxable","15":"purchasable","16":"product-type-simple"},"acf":[],"_links":{"self":[{"href":"https:\/\/raic.org\/fr\/wp-json\/wp\/v2\/product\/55986","targetHints":{"allow":["GET"]}}],"collection":[{"href":"https:\/\/raic.org\/fr\/wp-json\/wp\/v2\/product"}],"about":[{"href":"https:\/\/raic.org\/fr\/wp-json\/wp\/v2\/types\/product"}],"wp:featuredmedia":[{"embeddable":true,"href":"https:\/\/raic.org\/fr\/wp-json\/wp\/v2\/media\/38996"}],"wp:attachment":[{"href":"https:\/\/raic.org\/fr\/wp-json\/wp\/v2\/media?parent=55986"}],"wp:term":[{"taxonomy":"product_brand","embeddable":true,"href":"https:\/\/raic.org\/fr\/wp-json\/wp\/v2\/product_brand?post=55986"},{"taxonomy":"product_cat","embeddable":true,"href":"https:\/\/raic.org\/fr\/wp-json\/wp\/v2\/product_cat?post=55986"},{"taxonomy":"product_tag","embeddable":true,"href":"https:\/\/raic.org\/fr\/wp-json\/wp\/v2\/product_tag?post=55986"}],"curies":[{"name":"wp","href":"https:\/\/api.w.org\/{rel}","templated":true}]}}