{"id":55043,"date":"2025-12-04T16:44:08","date_gmt":"2025-12-04T21:44:08","guid":{"rendered":"https:\/\/staging.raic.symbiodev.xyz\/?post_type=product&#038;p=55043"},"modified":"2026-01-26T10:42:15","modified_gmt":"2026-01-26T15:42:15","slug":"nbs-chorus","status":"publish","type":"product","link":"https:\/\/raic.org\/fr\/produit\/nbs-chorus\/","title":{"rendered":"De NBS Chorus"},"content":{"rendered":"<p data-start=\"0\" data-end=\"61\"><strong>NBS Chorus \u2013 Plateforme de r\u00e9daction de devis de construction<\/strong><\/p>\n<p data-start=\"63\" data-end=\"281\">Cr\u00e9ez rapidement des devis techniques, de partout et sur tout appareil. R\u00e9duisez les erreurs, les reprises et les risques gr\u00e2ce \u00e0 un logiciel con\u00e7u sp\u00e9cialement pour la cr\u00e9ation et la gestion des devis de construction.<\/p>\n<p data-start=\"283\" data-end=\"383\">Cette version de NBS Chorus comprend l\u2019ensemble complet du contenu du NMS en anglais et en fran\u00e7ais.<\/p>\n<p data-start=\"385\" data-end=\"426\">Pour en savoir plus sur NBS, cliquez <a href=\"https:\/\/raic.org\/resources\/fr\/nbs\/\">ici<\/a>.<\/p>\n<p data-start=\"428\" data-end=\"709\" data-is-last-node=\"\" data-is-only-node=\"\">Les modalit\u00e9s et conditions applicables aux prescripteurs de NBS s\u2019appliquent \u00e0 l\u2019achat de ce produit.<br data-start=\"530\" data-end=\"533\" \/>En cochant cette case, vous confirmez avoir lu, compris, accept\u00e9 et approuv\u00e9 les modalit\u00e9s et conditions applicables aux prescripteurs de NBS, lesquelles sont accessibles <a href=\"https:\/\/www.thenbs.ca\/legal\/specifier-terms-and-conditions\" target=\"_blank\" rel=\"noopener\">ici<\/a>*.<\/p>\n<p>&nbsp;<\/p>\n","protected":false},"excerpt":{"rendered":"<p>NBS Chorus \u2013 Plateforme de r\u00e9daction de devis de construction Cr\u00e9ez rapidement des devis techniques, de partout et sur tout appareil. R\u00e9duisez les erreurs, les reprises et les risques gr\u00e2ce \u00e0 un logiciel con\u00e7u sp\u00e9cialement pour la cr\u00e9ation et la gestion des devis de construction. Cette version de NBS Chorus comprend l\u2019ensemble complet du contenu [&hellip;]<\/p>\n","protected":false},"featured_media":39060,"template":"","meta":{"_acf_changed":false},"product_brand":[],"product_cat":[809,658],"product_tag":[],"class_list":{"0":"post-55043","1":"product","2":"type-product","3":"status-publish","4":"has-post-thumbnail","6":"product_cat-ddn","7":"product_cat-ressources","9":"first","10":"instock","11":"downloadable","12":"virtual","13":"taxable","14":"purchasable","15":"product-type-simple"},"acf":[],"_links":{"self":[{"href":"https:\/\/raic.org\/fr\/wp-json\/wp\/v2\/product\/55043","targetHints":{"allow":["GET"]}}],"collection":[{"href":"https:\/\/raic.org\/fr\/wp-json\/wp\/v2\/product"}],"about":[{"href":"https:\/\/raic.org\/fr\/wp-json\/wp\/v2\/types\/product"}],"wp:featuredmedia":[{"embeddable":true,"href":"https:\/\/raic.org\/fr\/wp-json\/wp\/v2\/media\/39060"}],"wp:attachment":[{"href":"https:\/\/raic.org\/fr\/wp-json\/wp\/v2\/media?parent=55043"}],"wp:term":[{"taxonomy":"product_brand","embeddable":true,"href":"https:\/\/raic.org\/fr\/wp-json\/wp\/v2\/product_brand?post=55043"},{"taxonomy":"product_cat","embeddable":true,"href":"https:\/\/raic.org\/fr\/wp-json\/wp\/v2\/product_cat?post=55043"},{"taxonomy":"product_tag","embeddable":true,"href":"https:\/\/raic.org\/fr\/wp-json\/wp\/v2\/product_tag?post=55043"}],"curies":[{"name":"wp","href":"https:\/\/api.w.org\/{rel}","templated":true}]}}