{"id":54961,"date":"2025-05-26T22:30:29","date_gmt":"2025-05-26T22:30:29","guid":{"rendered":"https:\/\/staging.raic.symbiodev.xyz\/?post_type=product&#038;p=54961"},"modified":"2025-12-19T14:53:40","modified_gmt":"2025-12-19T19:53:40","slug":"offre-demploi","status":"publish","type":"product","link":"https:\/\/raic.org\/fr\/produit\/offre-demploi\/","title":{"rendered":"Offre d&#8217;emploi"},"content":{"rendered":"<p data-start=\"0\" data-end=\"407\">Achetez une offre d\u2019emploi qui sera vue par des architectes, des designers d\u2019int\u00e9rieur, des ing\u00e9nieurs et d\u2019autres professionnels connexes.<\/p>\n<p data-start=\"469\" data-end=\"587\">Si vous \u00eates membre de l\u2019IRAC, vous pouvez publier des offres d\u2019emploi gratuitement en vous connectant \u00e0 votre compte.<\/p>\n<p data-start=\"589\" data-end=\"1152\" data-is-last-node=\"\" data-is-only-node=\"\">Veuillez noter qu\u2019une fois votre paiement trait\u00e9, vous recevrez un courriel de confirmation, suivi d\u2019un second courriel contenant les instructions et un lien vers le formulaire de soumission de l\u2019offre d\u2019emploi. Une fois le formulaire rempli et soumis, vous recevrez un dernier courriel confirmant que votre offre d\u2019emploi a \u00e9t\u00e9 publi\u00e9e, accompagn\u00e9 d\u2019un lien direct vers l\u2019annonce sur notre site Web. Veuillez pr\u00e9voir jusqu\u2019\u00e0 48 heures pour le traitement. Pour les demandes urgentes, veuillez nous contacter directement \u00e0 l&#8217;adresse suivante : <a class=\"decorated-link cursor-pointer\" rel=\"noopener\" data-start=\"1132\" data-end=\"1151\">membership@raic.org\u00a0<\/a><\/p>\n","protected":false},"excerpt":{"rendered":"<p>Achetez une offre d\u2019emploi qui sera vue par des architectes, des designers d\u2019int\u00e9rieur, des ing\u00e9nieurs et d\u2019autres professionnels connexes. Si vous \u00eates membre de l\u2019IRAC, vous pouvez publier des offres d\u2019emploi gratuitement en vous connectant \u00e0 votre compte. Veuillez noter qu\u2019une fois votre paiement trait\u00e9, vous recevrez un courriel de confirmation, suivi d\u2019un second courriel [&hellip;]<\/p>\n","protected":false},"featured_media":36806,"template":"","meta":{"_acf_changed":false},"product_brand":[],"product_cat":[655],"product_tag":[],"class_list":{"0":"post-54961","1":"product","2":"type-product","3":"status-publish","4":"has-post-thumbnail","6":"product_cat-publications","8":"first","9":"instock","10":"virtual","11":"taxable","12":"purchasable","13":"product-type-simple"},"acf":[],"_links":{"self":[{"href":"https:\/\/raic.org\/fr\/wp-json\/wp\/v2\/product\/54961","targetHints":{"allow":["GET"]}}],"collection":[{"href":"https:\/\/raic.org\/fr\/wp-json\/wp\/v2\/product"}],"about":[{"href":"https:\/\/raic.org\/fr\/wp-json\/wp\/v2\/types\/product"}],"wp:featuredmedia":[{"embeddable":true,"href":"https:\/\/raic.org\/fr\/wp-json\/wp\/v2\/media\/36806"}],"wp:attachment":[{"href":"https:\/\/raic.org\/fr\/wp-json\/wp\/v2\/media?parent=54961"}],"wp:term":[{"taxonomy":"product_brand","embeddable":true,"href":"https:\/\/raic.org\/fr\/wp-json\/wp\/v2\/product_brand?post=54961"},{"taxonomy":"product_cat","embeddable":true,"href":"https:\/\/raic.org\/fr\/wp-json\/wp\/v2\/product_cat?post=54961"},{"taxonomy":"product_tag","embeddable":true,"href":"https:\/\/raic.org\/fr\/wp-json\/wp\/v2\/product_tag?post=54961"}],"curies":[{"name":"wp","href":"https:\/\/api.w.org\/{rel}","templated":true}]}}