{"id":54833,"date":"2025-12-02T15:59:31","date_gmt":"2025-12-02T20:59:31","guid":{"rendered":"https:\/\/staging.raic.symbiodev.xyz\/?post_type=product&#038;p=54833"},"modified":"2026-02-10T10:21:25","modified_gmt":"2026-02-10T15:21:25","slug":"ccdc-5a-2025-version-francaise-en-format-electronique","status":"publish","type":"product","link":"https:\/\/raic.org\/fr\/produit\/ccdc-5a-2025-version-francaise-en-format-electronique\/","title":{"rendered":"CCDC 5A &#8211; 2025:  Version fran\u00e7aise en format \u00e9lectronique"},"content":{"rendered":"<p data-start=\"0\" data-end=\"93\"><strong>CCDC 5A \u2013 2025 : Contrat de gestion de la construction \u2013 pour services (version \u00e9lectronique)<\/strong><\/p>\n<p data-start=\"95\" data-end=\"497\">Contrat standard entre le propri\u00e9taire et le gestionnaire de la construction, dans le cadre duquel les travaux sont ex\u00e9cut\u00e9s par des entrepreneurs sp\u00e9cialis\u00e9s. Le gestionnaire de la construction agit \u00e0 titre de mandataire limit\u00e9 du propri\u00e9taire en fournissant des services-conseils, ainsi qu\u2019en administrant et en surveillant les contrats conclus entre le propri\u00e9taire et les entrepreneurs sp\u00e9cialis\u00e9s.<\/p>\n<p data-start=\"499\" data-end=\"729\" data-is-last-node=\"\" data-is-only-node=\"\">Veuillez noter que vous recevrez un courriel contenant le code et les instructions de t\u00e9l\u00e9chargement sp\u00e9ciales dans les 48 heures suivant l\u2019achat. Pour toute demande urgente, veuillez communiquer directement avec <a class=\"decorated-link cursor-pointer\" rel=\"noopener\" data-start=\"712\" data-end=\"728\">finance@raic.org<\/a>.<\/p>\n<p>&nbsp;<\/p>\n<p>&nbsp;<\/p>\n","protected":false},"excerpt":{"rendered":"<p>CCDC 5A \u2013 2025 : Contrat de gestion de la construction \u2013 pour services (version \u00e9lectronique) Contrat standard entre le propri\u00e9taire et le gestionnaire de la construction, dans le cadre duquel les travaux sont ex\u00e9cut\u00e9s par des entrepreneurs sp\u00e9cialis\u00e9s. Le gestionnaire de la construction agit \u00e0 titre de mandataire limit\u00e9 du propri\u00e9taire en fournissant des [&hellip;]<\/p>\n","protected":false},"featured_media":38996,"template":"","meta":{"_acf_changed":false},"product_brand":[803],"product_cat":[784,658],"product_tag":[668],"class_list":{"0":"post-54833","1":"product","2":"type-product","3":"status-publish","4":"has-post-thumbnail","6":"product_brand-ccdc","7":"product_cat-ccdc","8":"product_cat-ressources","9":"product_tag-format-electronique","11":"first","12":"instock","13":"taxable","14":"shipping-taxable","15":"purchasable","16":"product-type-simple"},"acf":[],"_links":{"self":[{"href":"https:\/\/raic.org\/fr\/wp-json\/wp\/v2\/product\/54833","targetHints":{"allow":["GET"]}}],"collection":[{"href":"https:\/\/raic.org\/fr\/wp-json\/wp\/v2\/product"}],"about":[{"href":"https:\/\/raic.org\/fr\/wp-json\/wp\/v2\/types\/product"}],"wp:featuredmedia":[{"embeddable":true,"href":"https:\/\/raic.org\/fr\/wp-json\/wp\/v2\/media\/38996"}],"wp:attachment":[{"href":"https:\/\/raic.org\/fr\/wp-json\/wp\/v2\/media?parent=54833"}],"wp:term":[{"taxonomy":"product_brand","embeddable":true,"href":"https:\/\/raic.org\/fr\/wp-json\/wp\/v2\/product_brand?post=54833"},{"taxonomy":"product_cat","embeddable":true,"href":"https:\/\/raic.org\/fr\/wp-json\/wp\/v2\/product_cat?post=54833"},{"taxonomy":"product_tag","embeddable":true,"href":"https:\/\/raic.org\/fr\/wp-json\/wp\/v2\/product_tag?post=54833"}],"curies":[{"name":"wp","href":"https:\/\/api.w.org\/{rel}","templated":true}]}}