{"id":54825,"date":"2025-12-02T15:38:08","date_gmt":"2025-12-02T20:38:08","guid":{"rendered":"https:\/\/staging.raic.symbiodev.xyz\/?post_type=product&#038;p=54825"},"modified":"2026-02-10T09:59:47","modified_gmt":"2026-02-10T14:59:47","slug":"ccdc-48-2002-version-francaise-en-format-electronique","status":"publish","type":"product","link":"https:\/\/raic.org\/fr\/produit\/ccdc-48-2002-version-francaise-en-format-electronique\/","title":{"rendered":"CCDC 48 &#8211; 2002: Version fran\u00e7aise en format \u00e9lectronique"},"content":{"rendered":"<p data-start=\"0\" data-end=\"75\"><strong>CCDC 48 \u2013 2002 Guide d\u2019utilisation du CCDC 18 \u2013 2001 (version \u00e9lectronique)<\/strong><\/p>\n<p data-start=\"77\" data-end=\"179\">Document-guide con\u00e7u pour aider les utilisateurs du CCDC 18 \u2013 2001, Contrat de travaux de g\u00e9nie civil.<\/p>\n<p data-start=\"181\" data-end=\"411\" data-is-last-node=\"\" data-is-only-node=\"\">Veuillez noter que vous recevrez un courriel contenant le code et les instructions de t\u00e9l\u00e9chargement sp\u00e9ciales dans les 48 heures suivant l\u2019achat. Pour toute demande urgente, veuillez communiquer directement avec <a class=\"decorated-link cursor-pointer\" rel=\"noopener\" data-start=\"394\" data-end=\"410\">finance@raic.org<\/a>.<\/p>\n","protected":false},"excerpt":{"rendered":"<p>CCDC 48 \u2013 2002 Guide d\u2019utilisation du CCDC 18 \u2013 2001 (version \u00e9lectronique) Document-guide con\u00e7u pour aider les utilisateurs du CCDC 18 \u2013 2001, Contrat de travaux de g\u00e9nie civil. Veuillez noter que vous recevrez un courriel contenant le code et les instructions de t\u00e9l\u00e9chargement sp\u00e9ciales dans les 48 heures suivant l\u2019achat. Pour toute demande [&hellip;]<\/p>\n","protected":false},"featured_media":38996,"template":"","meta":{"_acf_changed":false},"product_brand":[803],"product_cat":[784,659,658],"product_tag":[668],"class_list":{"0":"post-54825","1":"product","2":"type-product","3":"status-publish","4":"has-post-thumbnail","6":"product_brand-ccdc","7":"product_cat-ccdc","8":"product_cat-guides","9":"product_cat-ressources","10":"product_tag-format-electronique","12":"first","13":"instock","14":"taxable","15":"shipping-taxable","16":"purchasable","17":"product-type-simple"},"acf":[],"_links":{"self":[{"href":"https:\/\/raic.org\/fr\/wp-json\/wp\/v2\/product\/54825","targetHints":{"allow":["GET"]}}],"collection":[{"href":"https:\/\/raic.org\/fr\/wp-json\/wp\/v2\/product"}],"about":[{"href":"https:\/\/raic.org\/fr\/wp-json\/wp\/v2\/types\/product"}],"wp:featuredmedia":[{"embeddable":true,"href":"https:\/\/raic.org\/fr\/wp-json\/wp\/v2\/media\/38996"}],"wp:attachment":[{"href":"https:\/\/raic.org\/fr\/wp-json\/wp\/v2\/media?parent=54825"}],"wp:term":[{"taxonomy":"product_brand","embeddable":true,"href":"https:\/\/raic.org\/fr\/wp-json\/wp\/v2\/product_brand?post=54825"},{"taxonomy":"product_cat","embeddable":true,"href":"https:\/\/raic.org\/fr\/wp-json\/wp\/v2\/product_cat?post=54825"},{"taxonomy":"product_tag","embeddable":true,"href":"https:\/\/raic.org\/fr\/wp-json\/wp\/v2\/product_tag?post=54825"}],"curies":[{"name":"wp","href":"https:\/\/api.w.org\/{rel}","templated":true}]}}