{"id":54799,"date":"2020-03-12T13:05:08","date_gmt":"2020-03-12T17:05:08","guid":{"rendered":"https:\/\/staging.raic.symbiodev.xyz\/?post_type=product&#038;p=54799"},"modified":"2026-02-10T09:50:11","modified_gmt":"2026-02-10T14:50:11","slug":"ccdc-45-2011-version-francaise-en-format-electronique","status":"publish","type":"product","link":"https:\/\/raic.org\/fr\/produit\/ccdc-45-2011-version-francaise-en-format-electronique\/","title":{"rendered":"CCDC 45 &#8211; 2011 Version fran\u00e7aise en format \u00e9lectronique"},"content":{"rendered":"<p data-start=\"0\" data-end=\"85\"><strong>CCDC 45 \u2013 2011 Guide du contrat de gestion de la construction CCDC 5A \u2013 pour services<\/strong><\/p>\n<p data-start=\"87\" data-end=\"179\">Le CCDC 45 \u2013 2011 est un document-guide con\u00e7u pour aider les utilisateurs du CCDC 5A \u2013 2010.<\/p>\n<p data-start=\"181\" data-end=\"411\" data-is-last-node=\"\" data-is-only-node=\"\">Veuillez noter que vous recevrez un courriel contenant le code et les instructions de t\u00e9l\u00e9chargement sp\u00e9ciales dans les 48 heures suivant l\u2019achat. Pour toute demande urgente, veuillez communiquer directement avec <a class=\"decorated-link cursor-pointer\" rel=\"noopener\" data-start=\"394\" data-end=\"410\">finance@raic.org<\/a>.<\/p>\n","protected":false},"excerpt":{"rendered":"<p>CCDC 45 \u2013 2011 Guide du contrat de gestion de la construction CCDC 5A \u2013 pour services Le CCDC 45 \u2013 2011 est un document-guide con\u00e7u pour aider les utilisateurs du CCDC 5A \u2013 2010. Veuillez noter que vous recevrez un courriel contenant le code et les instructions de t\u00e9l\u00e9chargement sp\u00e9ciales dans les 48 heures [&hellip;]<\/p>\n","protected":false},"featured_media":38996,"template":"","meta":{"_acf_changed":false},"product_brand":[803],"product_cat":[784,659,658],"product_tag":[668],"class_list":{"0":"post-54799","1":"product","2":"type-product","3":"status-publish","4":"has-post-thumbnail","6":"product_brand-ccdc","7":"product_cat-ccdc","8":"product_cat-guides","9":"product_cat-ressources","10":"product_tag-format-electronique","12":"first","13":"instock","14":"taxable","15":"shipping-taxable","16":"purchasable","17":"product-type-simple"},"acf":[],"_links":{"self":[{"href":"https:\/\/raic.org\/fr\/wp-json\/wp\/v2\/product\/54799","targetHints":{"allow":["GET"]}}],"collection":[{"href":"https:\/\/raic.org\/fr\/wp-json\/wp\/v2\/product"}],"about":[{"href":"https:\/\/raic.org\/fr\/wp-json\/wp\/v2\/types\/product"}],"wp:featuredmedia":[{"embeddable":true,"href":"https:\/\/raic.org\/fr\/wp-json\/wp\/v2\/media\/38996"}],"wp:attachment":[{"href":"https:\/\/raic.org\/fr\/wp-json\/wp\/v2\/media?parent=54799"}],"wp:term":[{"taxonomy":"product_brand","embeddable":true,"href":"https:\/\/raic.org\/fr\/wp-json\/wp\/v2\/product_brand?post=54799"},{"taxonomy":"product_cat","embeddable":true,"href":"https:\/\/raic.org\/fr\/wp-json\/wp\/v2\/product_cat?post=54799"},{"taxonomy":"product_tag","embeddable":true,"href":"https:\/\/raic.org\/fr\/wp-json\/wp\/v2\/product_tag?post=54799"}],"curies":[{"name":"wp","href":"https:\/\/api.w.org\/{rel}","templated":true}]}}