{"id":54792,"date":"2020-05-04T17:41:38","date_gmt":"2020-05-04T21:41:38","guid":{"rendered":"https:\/\/staging.raic.symbiodev.xyz\/?post_type=product&#038;p=54792"},"modified":"2026-02-10T09:35:13","modified_gmt":"2026-02-10T14:35:13","slug":"ccdc-44-2016-version-francaise-en-format-electronique","status":"publish","type":"product","link":"https:\/\/raic.org\/fr\/produit\/ccdc-44-2016-version-francaise-en-format-electronique\/","title":{"rendered":"CCDC 44  &#8211;  2016 : Version fran\u00e7aise en format \u00e9lectronique"},"content":{"rendered":"<p><strong>CCDC 44 &#8211; 2016 : Version fran\u00e7aise en format \u00e9lectronique<\/strong><\/p>\n<p data-start=\"0\" data-end=\"86\">Document-guide con\u00e7u pour aider les utilisateurs des CCDC 14 \u2013 2013 et CCDC 15 \u2013 2013.<\/p>\n<p data-start=\"88\" data-end=\"318\" data-is-last-node=\"\" data-is-only-node=\"\">Veuillez noter que vous recevrez un courriel contenant le code et les instructions de t\u00e9l\u00e9chargement sp\u00e9ciales dans les 48 heures suivant l\u2019achat. Pour toute demande urgente, veuillez communiquer directement avec <a class=\"decorated-link cursor-pointer\" rel=\"noopener\" data-start=\"301\" data-end=\"317\">finance@raic.org<\/a>.<\/p>\n<h1><\/h1>\n","protected":false},"excerpt":{"rendered":"<p>CCDC 44 &#8211; 2016 : Version fran\u00e7aise en format \u00e9lectronique Document-guide con\u00e7u pour aider les utilisateurs des CCDC 14 \u2013 2013 et CCDC 15 \u2013 2013. Veuillez noter que vous recevrez un courriel contenant le code et les instructions de t\u00e9l\u00e9chargement sp\u00e9ciales dans les 48 heures suivant l\u2019achat. Pour toute demande urgente, veuillez communiquer directement [&hellip;]<\/p>\n","protected":false},"featured_media":38996,"template":"","meta":{"_acf_changed":false},"product_brand":[803],"product_cat":[784,659,658],"product_tag":[668],"class_list":{"0":"post-54792","1":"product","2":"type-product","3":"status-publish","4":"has-post-thumbnail","6":"product_brand-ccdc","7":"product_cat-ccdc","8":"product_cat-guides","9":"product_cat-ressources","10":"product_tag-format-electronique","12":"first","13":"instock","14":"downloadable","15":"taxable","16":"shipping-taxable","17":"purchasable","18":"product-type-simple"},"acf":[],"_links":{"self":[{"href":"https:\/\/raic.org\/fr\/wp-json\/wp\/v2\/product\/54792","targetHints":{"allow":["GET"]}}],"collection":[{"href":"https:\/\/raic.org\/fr\/wp-json\/wp\/v2\/product"}],"about":[{"href":"https:\/\/raic.org\/fr\/wp-json\/wp\/v2\/types\/product"}],"wp:featuredmedia":[{"embeddable":true,"href":"https:\/\/raic.org\/fr\/wp-json\/wp\/v2\/media\/38996"}],"wp:attachment":[{"href":"https:\/\/raic.org\/fr\/wp-json\/wp\/v2\/media?parent=54792"}],"wp:term":[{"taxonomy":"product_brand","embeddable":true,"href":"https:\/\/raic.org\/fr\/wp-json\/wp\/v2\/product_brand?post=54792"},{"taxonomy":"product_cat","embeddable":true,"href":"https:\/\/raic.org\/fr\/wp-json\/wp\/v2\/product_cat?post=54792"},{"taxonomy":"product_tag","embeddable":true,"href":"https:\/\/raic.org\/fr\/wp-json\/wp\/v2\/product_tag?post=54792"}],"curies":[{"name":"wp","href":"https:\/\/api.w.org\/{rel}","templated":true}]}}