{"id":54785,"date":"2021-03-17T14:36:05","date_gmt":"2021-03-17T18:36:05","guid":{"rendered":"https:\/\/staging.raic.symbiodev.xyz\/?post_type=product&#038;p=54785"},"modified":"2026-02-09T16:37:57","modified_gmt":"2026-02-09T21:37:57","slug":"ccdc-31-2020-version-francaise-en-format-electronique","status":"publish","type":"product","link":"https:\/\/raic.org\/fr\/produit\/ccdc-31-2020-version-francaise-en-format-electronique\/","title":{"rendered":"CCDC 31 &#8211; 2020: Version fran\u00e7aise en format \u00e9lectronique"},"content":{"rendered":"<p data-start=\"0\" data-end=\"73\"><strong>CCDC 31 \u2013 2020 Contrat de services entre le propri\u00e9taire et le consultant (format \u00e9lectronique)<\/strong><\/p>\n<p data-start=\"75\" data-end=\"441\" data-is-last-node=\"\" data-is-only-node=\"\">Contrat de services entre le propri\u00e9taire et le consultant est un contrat de services standard destin\u00e9 \u00e0 \u00eatre utilis\u00e9 entre le propri\u00e9taire et l\u2019ing\u00e9nieur-conseil. Initialement adapt\u00e9 du document ACEC 31 \u00e0 la demande de l\u2019ACEC, ce document a \u00e9t\u00e9 mis \u00e0 jour conform\u00e9ment aux principes et \u00e0 la terminologie en vigueur du CCDC, en coh\u00e9rence avec le CCDC 2.<\/p>\n<p><strong>Veuillez noter que vous recevrez un courriel contenant le code et les instructions sp\u00e9ciales de t\u00e9l\u00e9chargement dans les 48 heures suivant l\u2019achat.<\/strong><br data-start=\"415\" data-end=\"418\" \/>Deux sceaux sont inclus avec ce document et seront exp\u00e9di\u00e9s s\u00e9par\u00e9ment.<br data-start=\"489\" data-end=\"492\" \/>Pour toute demande urgente, veuillez communiquer directement avec nous \u00e0 l\u2019adresse suivante : <a class=\"decorated-link cursor-pointer\" rel=\"noopener\" data-start=\"586\" data-end=\"602\">finance@raic.org<\/a>.<\/p>\n","protected":false},"excerpt":{"rendered":"<p>CCDC 31 \u2013 2020 Contrat de services entre le propri\u00e9taire et le consultant (format \u00e9lectronique) Contrat de services entre le propri\u00e9taire et le consultant est un contrat de services standard destin\u00e9 \u00e0 \u00eatre utilis\u00e9 entre le propri\u00e9taire et l\u2019ing\u00e9nieur-conseil. Initialement adapt\u00e9 du document ACEC 31 \u00e0 la demande de l\u2019ACEC, ce document a \u00e9t\u00e9 mis [&hellip;]<\/p>\n","protected":false},"featured_media":38996,"template":"","meta":{"_acf_changed":false},"product_brand":[803],"product_cat":[784,658],"product_tag":[668],"class_list":{"0":"post-54785","1":"product","2":"type-product","3":"status-publish","4":"has-post-thumbnail","6":"product_brand-ccdc","7":"product_cat-ccdc","8":"product_cat-ressources","9":"product_tag-format-electronique","11":"first","12":"instock","13":"taxable","14":"shipping-taxable","15":"purchasable","16":"product-type-simple"},"acf":[],"_links":{"self":[{"href":"https:\/\/raic.org\/fr\/wp-json\/wp\/v2\/product\/54785","targetHints":{"allow":["GET"]}}],"collection":[{"href":"https:\/\/raic.org\/fr\/wp-json\/wp\/v2\/product"}],"about":[{"href":"https:\/\/raic.org\/fr\/wp-json\/wp\/v2\/types\/product"}],"wp:featuredmedia":[{"embeddable":true,"href":"https:\/\/raic.org\/fr\/wp-json\/wp\/v2\/media\/38996"}],"wp:attachment":[{"href":"https:\/\/raic.org\/fr\/wp-json\/wp\/v2\/media?parent=54785"}],"wp:term":[{"taxonomy":"product_brand","embeddable":true,"href":"https:\/\/raic.org\/fr\/wp-json\/wp\/v2\/product_brand?post=54785"},{"taxonomy":"product_cat","embeddable":true,"href":"https:\/\/raic.org\/fr\/wp-json\/wp\/v2\/product_cat?post=54785"},{"taxonomy":"product_tag","embeddable":true,"href":"https:\/\/raic.org\/fr\/wp-json\/wp\/v2\/product_tag?post=54785"}],"curies":[{"name":"wp","href":"https:\/\/api.w.org\/{rel}","templated":true}]}}