{"id":54783,"date":"2024-05-22T12:36:24","date_gmt":"2024-05-22T16:36:24","guid":{"rendered":"https:\/\/staging.raic.symbiodev.xyz\/?post_type=product&#038;p=54783"},"modified":"2026-02-12T16:12:39","modified_gmt":"2026-02-12T21:12:39","slug":"ccdc-31-2020-sceaux-dautorisation-pour-version-francaise","status":"publish","type":"product","link":"https:\/\/raic.org\/fr\/produit\/ccdc-31-2020-sceaux-dautorisation-pour-version-francaise\/","title":{"rendered":"CCDC 31 &#8211; 2020: Sceaux d&#8217;autorisation pour version fran\u00e7aise"},"content":{"rendered":"<p data-start=\"0\" data-end=\"115\"><strong>CCDC 31 \u2013 2020 Contrat de services entre le propri\u00e9taire et le consultant \u2013 SCEAUX SEULEMENT (version francoise)<\/strong><\/p>\n<p data-start=\"117\" data-end=\"560\" data-is-last-node=\"\" data-is-only-node=\"\"><strong>Les frais d\u2019exp\u00e9dition au Canada sont de 3,00 $ suppl\u00e9mentaires. \u00c0 l\u2019ext\u00e9rieur du Canada, les frais sont de 5,00 $.<\/strong><br \/>\nVeuillez noter que les exp\u00e9ditions sont effectu\u00e9es par le service postal standard de Postes Canada et que nous ne pouvons \u00eatre tenus responsables des envois perdus.<br \/>\nVeuillez pr\u00e9voir un d\u00e9lai de 4 \u00e0 6 semaines pour la livraison.<br \/>\nPour toute demande urgente ou pour obtenir un num\u00e9ro de rep\u00e9rage de Postes Canada, veuillez communiquer avec <a class=\"decorated-link cursor-pointer\" rel=\"noopener\" data-start=\"454\" data-end=\"470\">finance@raic.org<\/a>; nous \u00e9mettrons rapidement une facture distincte incluant les frais d\u2019exp\u00e9dition express.<\/p>\n","protected":false},"excerpt":{"rendered":"<p>CCDC 31 \u2013 2020 Contrat de services entre le propri\u00e9taire et le consultant \u2013 SCEAUX SEULEMENT (version francoise) Les frais d\u2019exp\u00e9dition au Canada sont de 3,00 $ suppl\u00e9mentaires. \u00c0 l\u2019ext\u00e9rieur du Canada, les frais sont de 5,00 $. Veuillez noter que les exp\u00e9ditions sont effectu\u00e9es par le service postal standard de Postes Canada et que [&hellip;]<\/p>\n","protected":false},"featured_media":38996,"template":"","meta":{"_acf_changed":false},"product_brand":[803],"product_cat":[784,658],"product_tag":[],"class_list":{"0":"post-54783","1":"product","2":"type-product","3":"status-publish","4":"has-post-thumbnail","6":"product_brand-ccdc","7":"product_cat-ccdc","8":"product_cat-ressources","9":"product_shipping_class-tarif-forfaitaire-sans-suivi-pour-articles-legers","11":"first","12":"instock","13":"taxable","14":"shipping-taxable","15":"purchasable","16":"product-type-simple"},"acf":[],"_links":{"self":[{"href":"https:\/\/raic.org\/fr\/wp-json\/wp\/v2\/product\/54783","targetHints":{"allow":["GET"]}}],"collection":[{"href":"https:\/\/raic.org\/fr\/wp-json\/wp\/v2\/product"}],"about":[{"href":"https:\/\/raic.org\/fr\/wp-json\/wp\/v2\/types\/product"}],"wp:featuredmedia":[{"embeddable":true,"href":"https:\/\/raic.org\/fr\/wp-json\/wp\/v2\/media\/38996"}],"wp:attachment":[{"href":"https:\/\/raic.org\/fr\/wp-json\/wp\/v2\/media?parent=54783"}],"wp:term":[{"taxonomy":"product_brand","embeddable":true,"href":"https:\/\/raic.org\/fr\/wp-json\/wp\/v2\/product_brand?post=54783"},{"taxonomy":"product_cat","embeddable":true,"href":"https:\/\/raic.org\/fr\/wp-json\/wp\/v2\/product_cat?post=54783"},{"taxonomy":"product_tag","embeddable":true,"href":"https:\/\/raic.org\/fr\/wp-json\/wp\/v2\/product_tag?post=54783"}],"curies":[{"name":"wp","href":"https:\/\/api.w.org\/{rel}","templated":true}]}}