{"id":54758,"date":"2025-08-26T10:55:24","date_gmt":"2025-08-26T14:55:24","guid":{"rendered":"https:\/\/staging.raic.symbiodev.xyz\/?post_type=product&#038;p=54758"},"modified":"2026-02-10T14:06:09","modified_gmt":"2026-02-10T19:06:09","slug":"ccdc-30-2025-version-francaise-en-format-electronique","status":"publish","type":"product","link":"https:\/\/raic.org\/fr\/produit\/ccdc-30-2025-version-francaise-en-format-electronique\/","title":{"rendered":"CCDC 30 \u2013 2025: Version fran\u00e7aise en format \u00e9lectronique"},"content":{"rendered":"<div class=\"flex flex-col text-sm pb-25\">\n<article class=\"text-token-text-primary w-full focus:outline-none [--shadow-height:45px] has-data-writing-block:pointer-events-none has-data-writing-block:-mt-(--shadow-height) has-data-writing-block:pt-(--shadow-height) [&amp;:has([data-writing-block])&gt;*]:pointer-events-auto scroll-mt-[calc(var(--header-height)+min(200px,max(70px,20svh)))]\" dir=\"auto\" tabindex=\"-1\" data-turn-id=\"c01c4846-ef90-44ff-960f-d0664bcc2dd0\" data-testid=\"conversation-turn-84\" data-scroll-anchor=\"true\" data-turn=\"assistant\">\n<div class=\"text-base my-auto mx-auto pb-10 [--thread-content-margin:--spacing(4)] @w-sm\/main:[--thread-content-margin:--spacing(6)] @w-lg\/main:[--thread-content-margin:--spacing(16)] px-(--thread-content-margin)\">\n<div class=\"[--thread-content-max-width:40rem] @w-lg\/main:[--thread-content-max-width:48rem] mx-auto max-w-(--thread-content-max-width) flex-1 group\/turn-messages focus-visible:outline-hidden relative flex w-full min-w-0 flex-col agent-turn\" tabindex=\"-1\">\n<div class=\"flex max-w-full flex-col grow\">\n<div class=\"min-h-8 text-message relative flex w-full flex-col items-end gap-2 text-start break-words whitespace-normal [.text-message+&amp;]:mt-1\" dir=\"auto\" data-message-author-role=\"assistant\" data-message-id=\"de44c12c-7879-4936-9743-38431c18c4f7\" data-message-model-slug=\"gpt-5-2-thinking\">\n<div class=\"flex w-full flex-col gap-1 empty:hidden first:pt-[1px]\">\n<div class=\"markdown prose dark:prose-invert w-full break-words light markdown-new-styling\">\n<p data-start=\"0\" data-end=\"77\"><strong>CCDC 30 \u2013 2025 Contrat de r\u00e9alisation int\u00e9gr\u00e9e de projet (copie \u00e9lectronique)<\/strong><\/p>\n<p data-start=\"79\" data-end=\"447\">Le CCDC 30 \u2013 Contrat de r\u00e9alisation int\u00e9gr\u00e9e de projet traite des enjeux propres aux projets r\u00e9alis\u00e9s selon la m\u00e9thode de r\u00e9alisation int\u00e9gr\u00e9e de projet (RIP), notamment la r\u00e9partition des port\u00e9es, les paiements, les modifications, la gestion des diff\u00e9rends, la r\u00e9siliation, les assurances et les garanties contractuelles, ainsi que la r\u00e9partition des responsabilit\u00e9s.<\/p>\n<p data-start=\"449\" data-end=\"595\">Veuillez noter que vous recevrez un courriel contenant le code et les instructions de t\u00e9l\u00e9chargement sp\u00e9ciales dans les 48 heures suivant l\u2019achat.<\/p>\n<p data-start=\"597\" data-end=\"1079\" data-is-last-node=\"\" data-is-only-node=\"\">Veuillez \u00e9galement noter que deux sceaux sont inclus avec ce document et qu\u2019ils seront exp\u00e9di\u00e9s par le service postal standard de Postes Canada. Nous ne pouvons \u00eatre tenus responsables des envois perdus. Veuillez pr\u00e9voir un d\u00e9lai de 4 \u00e0 6 semaines pour la livraison. Pour toute demande urgente ou pour obtenir un num\u00e9ro de rep\u00e9rage de Postes Canada, veuillez communiquer avec <a class=\"decorated-link cursor-pointer\" rel=\"noopener\" data-start=\"973\" data-end=\"989\">finance@raic.org<\/a>; nous \u00e9mettrons rapidement une facture distincte incluant les frais d\u2019exp\u00e9dition express.<\/p>\n<\/div>\n<\/div>\n<\/div>\n<\/div>\n<div class=\"z-0 flex min-h-[46px] justify-start\"><\/div>\n<div class=\"mt-3 w-full empty:hidden\">\n<div class=\"text-center\"><\/div>\n<\/div>\n<\/div>\n<\/div>\n<\/article>\n<\/div>\n<div class=\"pointer-events-none h-px w-px absolute bottom-0\" aria-hidden=\"true\" data-edge=\"true\"><\/div>\n","protected":false},"excerpt":{"rendered":"<p>CCDC 30 \u2013 2025 Contrat de r\u00e9alisation int\u00e9gr\u00e9e de projet (copie \u00e9lectronique) Le CCDC 30 \u2013 Contrat de r\u00e9alisation int\u00e9gr\u00e9e de projet traite des enjeux propres aux projets r\u00e9alis\u00e9s selon la m\u00e9thode de r\u00e9alisation int\u00e9gr\u00e9e de projet (RIP), notamment la r\u00e9partition des port\u00e9es, les paiements, les modifications, la gestion des diff\u00e9rends, la r\u00e9siliation, les assurances [&hellip;]<\/p>\n","protected":false},"featured_media":38996,"template":"","meta":{"_acf_changed":false},"product_brand":[803],"product_cat":[784,658],"product_tag":[668],"class_list":{"0":"post-54758","1":"product","2":"type-product","3":"status-publish","4":"has-post-thumbnail","6":"product_brand-ccdc","7":"product_cat-ccdc","8":"product_cat-ressources","9":"product_tag-format-electronique","11":"first","12":"instock","13":"taxable","14":"shipping-taxable","15":"purchasable","16":"product-type-simple"},"acf":[],"_links":{"self":[{"href":"https:\/\/raic.org\/fr\/wp-json\/wp\/v2\/product\/54758","targetHints":{"allow":["GET"]}}],"collection":[{"href":"https:\/\/raic.org\/fr\/wp-json\/wp\/v2\/product"}],"about":[{"href":"https:\/\/raic.org\/fr\/wp-json\/wp\/v2\/types\/product"}],"wp:featuredmedia":[{"embeddable":true,"href":"https:\/\/raic.org\/fr\/wp-json\/wp\/v2\/media\/38996"}],"wp:attachment":[{"href":"https:\/\/raic.org\/fr\/wp-json\/wp\/v2\/media?parent=54758"}],"wp:term":[{"taxonomy":"product_brand","embeddable":true,"href":"https:\/\/raic.org\/fr\/wp-json\/wp\/v2\/product_brand?post=54758"},{"taxonomy":"product_cat","embeddable":true,"href":"https:\/\/raic.org\/fr\/wp-json\/wp\/v2\/product_cat?post=54758"},{"taxonomy":"product_tag","embeddable":true,"href":"https:\/\/raic.org\/fr\/wp-json\/wp\/v2\/product_tag?post=54758"}],"curies":[{"name":"wp","href":"https:\/\/api.w.org\/{rel}","templated":true}]}}