{"id":54750,"date":"2024-05-21T12:14:01","date_gmt":"2024-05-21T16:14:01","guid":{"rendered":"https:\/\/staging.raic.symbiodev.xyz\/?post_type=product&#038;p=54750"},"modified":"2026-02-10T13:57:30","modified_gmt":"2026-02-10T18:57:30","slug":"ccdc-2ccq-2024-sceaux-dautorisation-pour-version-francaise","status":"publish","type":"product","link":"https:\/\/raic.org\/fr\/produit\/ccdc-2ccq-2024-sceaux-dautorisation-pour-version-francaise\/","title":{"rendered":"CCDC 2CcQ &#8211; 2024: Sceaux d&#8217;autorisation pour version fran\u00e7aise"},"content":{"rendered":"<p><strong>CCDC 2CcQ &#8211; 2024: Sceaux d&#8217;autorisation pour version fran\u00e7aise<\/strong><\/p>\n<p>Si le produit est offert uniquement en t\u00e9l\u00e9chargement, aucun article physique ne sera exp\u00e9di\u00e9. Veuillez noter que vous recevrez un courriel contenant votre code d\u2019acc\u00e8s et les instructions de t\u00e9l\u00e9chargement dans les 48 heures suivant l\u2019achat.<\/p>\n<p><strong>Les frais d\u2019exp\u00e9dition au Canada s\u2019\u00e9l\u00e8vent \u00e0 3,00 $ suppl\u00e9mentaires. \u00c0 l\u2019ext\u00e9rieur du Canada, les frais sont de 5,00 $.<\/strong><br \/>\nSi le produit comprend des documents imprim\u00e9s ou des sceaux, ceux-ci seront exp\u00e9di\u00e9s par le service postal standard de Postes Canada. Nous ne pouvons \u00eatre tenus responsables des envois perdus.<\/p>\n<p>Veuillez pr\u00e9voir un d\u00e9lai de 4 \u00e0 6 semaines pour la livraison. Pour les demandes urgentes ou pour obtenir un num\u00e9ro de rep\u00e9rage de Postes Canada, veuillez communiquer avec finance@raic.org afin de demander une option d\u2019exp\u00e9dition express et la facture correspondante.<\/p>\n","protected":false},"excerpt":{"rendered":"<p>CCDC 2CcQ &#8211; 2024: Sceaux d&#8217;autorisation pour version fran\u00e7aise Si le produit est offert uniquement en t\u00e9l\u00e9chargement, aucun article physique ne sera exp\u00e9di\u00e9. Veuillez noter que vous recevrez un courriel contenant votre code d\u2019acc\u00e8s et les instructions de t\u00e9l\u00e9chargement dans les 48 heures suivant l\u2019achat. Les frais d\u2019exp\u00e9dition au Canada s\u2019\u00e9l\u00e8vent \u00e0 3,00 $ suppl\u00e9mentaires. [&hellip;]<\/p>\n","protected":false},"featured_media":38996,"template":"","meta":{"_acf_changed":false},"product_brand":[803],"product_cat":[784,658],"product_tag":[],"class_list":{"0":"post-54750","1":"product","2":"type-product","3":"status-publish","4":"has-post-thumbnail","6":"product_brand-ccdc","7":"product_cat-ccdc","8":"product_cat-ressources","9":"product_shipping_class-tarif-forfaitaire-sans-suivi-pour-articles-legers","11":"first","12":"instock","13":"taxable","14":"shipping-taxable","15":"purchasable","16":"product-type-simple"},"acf":[],"_links":{"self":[{"href":"https:\/\/raic.org\/fr\/wp-json\/wp\/v2\/product\/54750","targetHints":{"allow":["GET"]}}],"collection":[{"href":"https:\/\/raic.org\/fr\/wp-json\/wp\/v2\/product"}],"about":[{"href":"https:\/\/raic.org\/fr\/wp-json\/wp\/v2\/types\/product"}],"wp:featuredmedia":[{"embeddable":true,"href":"https:\/\/raic.org\/fr\/wp-json\/wp\/v2\/media\/38996"}],"wp:attachment":[{"href":"https:\/\/raic.org\/fr\/wp-json\/wp\/v2\/media?parent=54750"}],"wp:term":[{"taxonomy":"product_brand","embeddable":true,"href":"https:\/\/raic.org\/fr\/wp-json\/wp\/v2\/product_brand?post=54750"},{"taxonomy":"product_cat","embeddable":true,"href":"https:\/\/raic.org\/fr\/wp-json\/wp\/v2\/product_cat?post=54750"},{"taxonomy":"product_tag","embeddable":true,"href":"https:\/\/raic.org\/fr\/wp-json\/wp\/v2\/product_tag?post=54750"}],"curies":[{"name":"wp","href":"https:\/\/api.w.org\/{rel}","templated":true}]}}