{"id":54725,"date":"2020-05-12T15:49:17","date_gmt":"2020-05-12T19:49:17","guid":{"rendered":"https:\/\/staging.raic.symbiodev.xyz\/?post_type=product&#038;p=54725"},"modified":"2026-02-10T13:38:34","modified_gmt":"2026-02-10T18:38:34","slug":"ccdc-29-2016-version-francaise-en-format-electronique","status":"publish","type":"product","link":"https:\/\/raic.org\/fr\/produit\/ccdc-29-2016-version-francaise-en-format-electronique\/","title":{"rendered":"CCDC 29 &#8211; 2016: Version fran\u00e7aise en format \u00e9lectronique"},"content":{"rendered":"<p><strong>CCDC 29 \u2013 2016 Guide de la pr\u00e9qualification (format \u00e9lectronique)<\/strong><\/p>\n<p data-start=\"52\" data-end=\"359\">Le CCDC 29 a \u00e9t\u00e9 \u00e9labor\u00e9 \u00e0 l\u2019intention des autorit\u00e9s responsables de l\u2019approvisionnement (p. ex. les propri\u00e9taires, les consultants, les gestionnaires de construction et les concepteurs-constructeurs) afin d\u2019expliquer et de recommander les meilleures pratiques tout au long du processus de pr\u00e9qualification.<\/p>\n<p data-start=\"361\" data-end=\"1015\" data-is-last-node=\"\" data-is-only-node=\"\">Le guide fournit de l\u2019information sur la fa\u00e7on de d\u00e9terminer si la pr\u00e9qualification est n\u00e9cessaire et appropri\u00e9e lors de la planification de l\u2019approvisionnement, ainsi qu\u2019une comparaison des diff\u00e9rents types de pr\u00e9qualification (illimit\u00e9e, liste restreinte, liste de fournisseurs). Il pr\u00e9sente \u00e9galement les meilleures pratiques relatives aux demandes de qualifications, notamment les listes de v\u00e9rification, les soumissions, l\u2019\u00e9valuation et les entrevues, ainsi que la notification et les s\u00e9ances de r\u00e9troaction. Le guide explique en outre la version r\u00e9vis\u00e9e du CCDC 11, \u00ab D\u00e9claration de qualification de l\u2019entrepreneur \u00bb, et son utilisation appropri\u00e9e.<\/p>\n<p>Si le produit est offert uniquement en t\u00e9l\u00e9chargement, aucun article physique ne sera exp\u00e9di\u00e9. Veuillez noter que vous recevrez un courriel contenant votre code d\u2019acc\u00e8s et les instructions de t\u00e9l\u00e9chargement dans les 48 heures suivant l\u2019achat.<\/p>\n<p>Veuillez communiquer avec finance@raic.org afin de demander une option d\u2019exp\u00e9dition express.<\/p>\n","protected":false},"excerpt":{"rendered":"<p>CCDC 29 \u2013 2016 Guide de la pr\u00e9qualification (format \u00e9lectronique) Le CCDC 29 a \u00e9t\u00e9 \u00e9labor\u00e9 \u00e0 l\u2019intention des autorit\u00e9s responsables de l\u2019approvisionnement (p. ex. les propri\u00e9taires, les consultants, les gestionnaires de construction et les concepteurs-constructeurs) afin d\u2019expliquer et de recommander les meilleures pratiques tout au long du processus de pr\u00e9qualification. Le guide fournit de [&hellip;]<\/p>\n","protected":false},"featured_media":38996,"template":"","meta":{"_acf_changed":false},"product_brand":[803],"product_cat":[784,658],"product_tag":[668],"class_list":{"0":"post-54725","1":"product","2":"type-product","3":"status-publish","4":"has-post-thumbnail","6":"product_brand-ccdc","7":"product_cat-ccdc","8":"product_cat-ressources","9":"product_tag-format-electronique","11":"first","12":"instock","13":"taxable","14":"shipping-taxable","15":"purchasable","16":"product-type-simple"},"acf":[],"_links":{"self":[{"href":"https:\/\/raic.org\/fr\/wp-json\/wp\/v2\/product\/54725","targetHints":{"allow":["GET"]}}],"collection":[{"href":"https:\/\/raic.org\/fr\/wp-json\/wp\/v2\/product"}],"about":[{"href":"https:\/\/raic.org\/fr\/wp-json\/wp\/v2\/types\/product"}],"wp:featuredmedia":[{"embeddable":true,"href":"https:\/\/raic.org\/fr\/wp-json\/wp\/v2\/media\/38996"}],"wp:attachment":[{"href":"https:\/\/raic.org\/fr\/wp-json\/wp\/v2\/media?parent=54725"}],"wp:term":[{"taxonomy":"product_brand","embeddable":true,"href":"https:\/\/raic.org\/fr\/wp-json\/wp\/v2\/product_brand?post=54725"},{"taxonomy":"product_cat","embeddable":true,"href":"https:\/\/raic.org\/fr\/wp-json\/wp\/v2\/product_cat?post=54725"},{"taxonomy":"product_tag","embeddable":true,"href":"https:\/\/raic.org\/fr\/wp-json\/wp\/v2\/product_tag?post=54725"}],"curies":[{"name":"wp","href":"https:\/\/api.w.org\/{rel}","templated":true}]}}