{"id":54705,"date":"2024-05-14T10:02:52","date_gmt":"2024-05-14T14:02:52","guid":{"rendered":"https:\/\/staging.raic.symbiodev.xyz\/?post_type=product&#038;p=54705"},"modified":"2026-02-06T16:08:59","modified_gmt":"2026-02-06T21:08:59","slug":"ccdc-18-2023-sceaux-dautorisation-pour-version-francaise","status":"publish","type":"product","link":"https:\/\/raic.org\/fr\/produit\/ccdc-18-2023-sceaux-dautorisation-pour-version-francaise\/","title":{"rendered":"CCDC 18 &#8211; 2023: Sceaux d&#8217;autorisation pour version fran\u00e7aise"},"content":{"rendered":"<p><strong>CCDC 18 &#8211; 2023: Sceaux d&#8217;autorisation pour version fran\u00e7aise<\/strong><\/p>\n<p><strong>Les frais d\u2019exp\u00e9dition au Canada sont de 3,00 $ suppl\u00e9mentaires. \u00c0 l\u2019ext\u00e9rieur du Canada, les frais sont de 5,00 $.<\/strong><br \/>\nCet article sera exp\u00e9di\u00e9 par le service postal standard de Postes Canada. Nous ne pouvons \u00eatre tenus responsables des envois perdus. Veuillez pr\u00e9voir un d\u00e9lai de 4 \u00e0 6 semaines pour la livraison.<br \/>\nPour les demandes urgentes ou pour obtenir un num\u00e9ro de rep\u00e9rage de Postes Canada, veuillez communiquer avec <a class=\"decorated-link cursor-pointer\" rel=\"noopener\" data-start=\"305\" data-end=\"321\">finance@raic.org<\/a> afin de demander une option d\u2019exp\u00e9dition express et la facture correspondante.<\/p>\n","protected":false},"excerpt":{"rendered":"<p>CCDC 18 &#8211; 2023: Sceaux d&#8217;autorisation pour version fran\u00e7aise Les frais d\u2019exp\u00e9dition au Canada sont de 3,00 $ suppl\u00e9mentaires. \u00c0 l\u2019ext\u00e9rieur du Canada, les frais sont de 5,00 $. Cet article sera exp\u00e9di\u00e9 par le service postal standard de Postes Canada. Nous ne pouvons \u00eatre tenus responsables des envois perdus. Veuillez pr\u00e9voir un d\u00e9lai de [&hellip;]<\/p>\n","protected":false},"featured_media":38996,"template":"","meta":{"_acf_changed":false},"product_brand":[803],"product_cat":[784,658],"product_tag":[],"class_list":{"0":"post-54705","1":"product","2":"type-product","3":"status-publish","4":"has-post-thumbnail","6":"product_brand-ccdc","7":"product_cat-ccdc","8":"product_cat-ressources","9":"product_shipping_class-tarif-forfaitaire-sans-suivi-pour-articles-legers","11":"first","12":"instock","13":"taxable","14":"shipping-taxable","15":"purchasable","16":"product-type-simple"},"acf":[],"_links":{"self":[{"href":"https:\/\/raic.org\/fr\/wp-json\/wp\/v2\/product\/54705","targetHints":{"allow":["GET"]}}],"collection":[{"href":"https:\/\/raic.org\/fr\/wp-json\/wp\/v2\/product"}],"about":[{"href":"https:\/\/raic.org\/fr\/wp-json\/wp\/v2\/types\/product"}],"wp:featuredmedia":[{"embeddable":true,"href":"https:\/\/raic.org\/fr\/wp-json\/wp\/v2\/media\/38996"}],"wp:attachment":[{"href":"https:\/\/raic.org\/fr\/wp-json\/wp\/v2\/media?parent=54705"}],"wp:term":[{"taxonomy":"product_brand","embeddable":true,"href":"https:\/\/raic.org\/fr\/wp-json\/wp\/v2\/product_brand?post=54705"},{"taxonomy":"product_cat","embeddable":true,"href":"https:\/\/raic.org\/fr\/wp-json\/wp\/v2\/product_cat?post=54705"},{"taxonomy":"product_tag","embeddable":true,"href":"https:\/\/raic.org\/fr\/wp-json\/wp\/v2\/product_tag?post=54705"}],"curies":[{"name":"wp","href":"https:\/\/api.w.org\/{rel}","templated":true}]}}