{"id":54703,"date":"2025-12-02T11:02:09","date_gmt":"2025-12-02T16:02:09","guid":{"rendered":"https:\/\/staging.raic.symbiodev.xyz\/?post_type=product&#038;p=54703"},"modified":"2026-02-06T15:52:40","modified_gmt":"2026-02-06T20:52:40","slug":"ccdc-17-2025-version-francaise-en-format-electronique","status":"publish","type":"product","link":"https:\/\/raic.org\/fr\/produit\/ccdc-17-2025-version-francaise-en-format-electronique\/","title":{"rendered":"CCDC 17 &#8211; 2025: Version fran\u00e7aise en format \u00e9lectronique"},"content":{"rendered":"<p><strong>CCDC 17 &#8211; 2025: Version fran\u00e7aise en format \u00e9lectronique<\/strong><\/p>\n<p>Formulaire de contrat standard entre le propri\u00e9taire et l\u2019entrepreneur sp\u00e9cialis\u00e9 pour l\u2019ex\u00e9cution des travaux \u00e0 un prix forfaitaire fixe et pr\u00e9d\u00e9termin\u00e9, ind\u00e9pendamment des co\u00fbts r\u00e9els de l\u2019entrepreneur sp\u00e9cialis\u00e9. Il est sp\u00e9cifiquement destin\u00e9 aux projets r\u00e9alis\u00e9s selon la m\u00e9thode de gestion de la construction pr\u00e9vue au CCDC 5A.<\/p>\n<p>Veuillez noter que vous recevrez un courriel contenant votre code d\u2019acc\u00e8s et les instructions de t\u00e9l\u00e9chargement dans les 48 heures suivant l\u2019achat.<br \/>\nPour les demandes urgentes ou pour obtenir un num\u00e9ro de rep\u00e9rage de Postes Canada, veuillez communiquer avec finance@raic.org afin de demander une option d\u2019exp\u00e9dition express et la facture correspondante.<\/p>\n","protected":false},"excerpt":{"rendered":"<p>CCDC 17 &#8211; 2025: Version fran\u00e7aise en format \u00e9lectronique Formulaire de contrat standard entre le propri\u00e9taire et l\u2019entrepreneur sp\u00e9cialis\u00e9 pour l\u2019ex\u00e9cution des travaux \u00e0 un prix forfaitaire fixe et pr\u00e9d\u00e9termin\u00e9, ind\u00e9pendamment des co\u00fbts r\u00e9els de l\u2019entrepreneur sp\u00e9cialis\u00e9. Il est sp\u00e9cifiquement destin\u00e9 aux projets r\u00e9alis\u00e9s selon la m\u00e9thode de gestion de la construction pr\u00e9vue au CCDC [&hellip;]<\/p>\n","protected":false},"featured_media":38996,"template":"","meta":{"_acf_changed":false},"product_brand":[803],"product_cat":[784,658],"product_tag":[668],"class_list":{"0":"post-54703","1":"product","2":"type-product","3":"status-publish","4":"has-post-thumbnail","6":"product_brand-ccdc","7":"product_cat-ccdc","8":"product_cat-ressources","9":"product_tag-format-electronique","11":"first","12":"instock","13":"taxable","14":"shipping-taxable","15":"purchasable","16":"product-type-simple"},"acf":[],"_links":{"self":[{"href":"https:\/\/raic.org\/fr\/wp-json\/wp\/v2\/product\/54703","targetHints":{"allow":["GET"]}}],"collection":[{"href":"https:\/\/raic.org\/fr\/wp-json\/wp\/v2\/product"}],"about":[{"href":"https:\/\/raic.org\/fr\/wp-json\/wp\/v2\/types\/product"}],"wp:featuredmedia":[{"embeddable":true,"href":"https:\/\/raic.org\/fr\/wp-json\/wp\/v2\/media\/38996"}],"wp:attachment":[{"href":"https:\/\/raic.org\/fr\/wp-json\/wp\/v2\/media?parent=54703"}],"wp:term":[{"taxonomy":"product_brand","embeddable":true,"href":"https:\/\/raic.org\/fr\/wp-json\/wp\/v2\/product_brand?post=54703"},{"taxonomy":"product_cat","embeddable":true,"href":"https:\/\/raic.org\/fr\/wp-json\/wp\/v2\/product_cat?post=54703"},{"taxonomy":"product_tag","embeddable":true,"href":"https:\/\/raic.org\/fr\/wp-json\/wp\/v2\/product_tag?post=54703"}],"curies":[{"name":"wp","href":"https:\/\/api.w.org\/{rel}","templated":true}]}}