{"id":54682,"date":"2014-10-02T10:02:18","date_gmt":"2014-10-02T14:02:18","guid":{"rendered":"https:\/\/staging.raic.symbiodev.xyz\/?post_type=product&#038;p=54682"},"modified":"2026-02-10T11:51:26","modified_gmt":"2026-02-10T16:51:26","slug":"ccdc-04-2023-version-francaise-en-format-electronique","status":"publish","type":"product","link":"https:\/\/raic.org\/fr\/produit\/ccdc-04-2023-version-francaise-en-format-electronique\/","title":{"rendered":"CCDC 04 &#8211; 2023 : Version fran\u00e7aise en format \u00e9lectronique"},"content":{"rendered":"<p><strong>CCDC 04 &#8211; 2023 : Version fran\u00e7aise en format \u00e9lectronique<\/strong><\/p>\n<p>Contrat principal normalis\u00e9 entre le ma\u00eetre de l\u2019ouvrage et l\u2019entrepreneur principal pour l\u2019ex\u00e9cution d\u2019un ouvrage \u00e0 un prix fixe pr\u00e9\u00e9tabli pour chaque unit\u00e9 de travail ex\u00e9cut\u00e9. Le prix total est d\u00e9termin\u00e9 en multipliant le prix unitaire par la quantit\u00e9 r\u00e9elle mesur\u00e9e de travail ex\u00e9cut\u00e9 pour chaque unit\u00e9 pr\u00e9cis\u00e9e.<\/p>\n<p><strong>Veuillez noter que vous recevrez un courriel contenant le code et les instructions sp\u00e9ciales de t\u00e9l\u00e9chargement dans les 48 heures suivant l\u2019achat.<\/strong><br data-start=\"415\" data-end=\"418\" \/>Deux sceaux sont inclus avec ce document et seront exp\u00e9di\u00e9s s\u00e9par\u00e9ment.<br data-start=\"489\" data-end=\"492\" \/>Pour toute demande urgente, veuillez communiquer directement avec nous \u00e0 l\u2019adresse suivante : <a class=\"decorated-link cursor-pointer\" rel=\"noopener\" data-start=\"586\" data-end=\"602\">finance@raic.org<\/a>.<\/p>\n","protected":false},"excerpt":{"rendered":"<p>CCDC 04 &#8211; 2023 : Version fran\u00e7aise en format \u00e9lectronique Contrat principal normalis\u00e9 entre le ma\u00eetre de l\u2019ouvrage et l\u2019entrepreneur principal pour l\u2019ex\u00e9cution d\u2019un ouvrage \u00e0 un prix fixe pr\u00e9\u00e9tabli pour chaque unit\u00e9 de travail ex\u00e9cut\u00e9. Le prix total est d\u00e9termin\u00e9 en multipliant le prix unitaire par la quantit\u00e9 r\u00e9elle mesur\u00e9e de travail ex\u00e9cut\u00e9 pour [&hellip;]<\/p>\n","protected":false},"featured_media":38996,"template":"","meta":{"_acf_changed":false},"product_brand":[803],"product_cat":[784,658],"product_tag":[668],"class_list":{"0":"post-54682","1":"product","2":"type-product","3":"status-publish","4":"has-post-thumbnail","6":"product_brand-ccdc","7":"product_cat-ccdc","8":"product_cat-ressources","9":"product_tag-format-electronique","11":"first","12":"instock","13":"taxable","14":"shipping-taxable","15":"purchasable","16":"product-type-simple"},"acf":[],"_links":{"self":[{"href":"https:\/\/raic.org\/fr\/wp-json\/wp\/v2\/product\/54682","targetHints":{"allow":["GET"]}}],"collection":[{"href":"https:\/\/raic.org\/fr\/wp-json\/wp\/v2\/product"}],"about":[{"href":"https:\/\/raic.org\/fr\/wp-json\/wp\/v2\/types\/product"}],"wp:featuredmedia":[{"embeddable":true,"href":"https:\/\/raic.org\/fr\/wp-json\/wp\/v2\/media\/38996"}],"wp:attachment":[{"href":"https:\/\/raic.org\/fr\/wp-json\/wp\/v2\/media?parent=54682"}],"wp:term":[{"taxonomy":"product_brand","embeddable":true,"href":"https:\/\/raic.org\/fr\/wp-json\/wp\/v2\/product_brand?post=54682"},{"taxonomy":"product_cat","embeddable":true,"href":"https:\/\/raic.org\/fr\/wp-json\/wp\/v2\/product_cat?post=54682"},{"taxonomy":"product_tag","embeddable":true,"href":"https:\/\/raic.org\/fr\/wp-json\/wp\/v2\/product_tag?post=54682"}],"curies":[{"name":"wp","href":"https:\/\/api.w.org\/{rel}","templated":true}]}}