{"id":54681,"date":"2024-05-21T13:27:50","date_gmt":"2024-05-21T17:27:50","guid":{"rendered":"https:\/\/staging.raic.symbiodev.xyz\/?post_type=product&#038;p=54681"},"modified":"2026-02-10T11:54:19","modified_gmt":"2026-02-10T16:54:19","slug":"ccdc-04-2023-sceaux-dautorisation-pour-version-francaise","status":"publish","type":"product","link":"https:\/\/raic.org\/fr\/produit\/ccdc-04-2023-sceaux-dautorisation-pour-version-francaise\/","title":{"rendered":"CCDC 04 &#8211; 2023: Sceaux d&#8217;autorisation pour version fran\u00e7aise"},"content":{"rendered":"<p><strong>CCDC 04 &#8211; 2023:\u00a0March\u00e9 \u00e0 prix unitaires (Sceaux SEULEMENT pour version fran\u00e7aise)<\/strong><\/p>\n<p data-start=\"0\" data-end=\"338\"><strong>Les frais d\u2019exp\u00e9dition au Canada sont de 3,00 $ suppl\u00e9mentaires. \u00c0 l\u2019ext\u00e9rieur du Canada, les frais sont de 5,00 $.<\/strong><br \/>\nVeuillez noter que les sceaux seront exp\u00e9di\u00e9s par le service de poste r\u00e9guli\u00e8re de Postes Canada et que nous ne pouvons \u00eatre tenus responsables des envois perdus.<br \/>\nVeuillez pr\u00e9voir un d\u00e9lai de livraison de 4 \u00e0 6 semaines.<br data-start=\"220\" data-end=\"223\" \/>Si vous avez une demande urgente ou si vous avez besoin d\u2019un num\u00e9ro de rep\u00e9rage de Postes Canada, veuillez communiquer avec <a class=\"decorated-link cursor-pointer\" rel=\"noopener\" data-start=\"464\" data-end=\"480\">finance@raic.org<\/a>. Une facture distincte incluant les frais d\u2019exp\u00e9dition acc\u00e9l\u00e9r\u00e9e sera \u00e9mise.<\/p>\n","protected":false},"excerpt":{"rendered":"<p>CCDC 04 &#8211; 2023:\u00a0March\u00e9 \u00e0 prix unitaires (Sceaux SEULEMENT pour version fran\u00e7aise) Les frais d\u2019exp\u00e9dition au Canada sont de 3,00 $ suppl\u00e9mentaires. \u00c0 l\u2019ext\u00e9rieur du Canada, les frais sont de 5,00 $. Veuillez noter que les sceaux seront exp\u00e9di\u00e9s par le service de poste r\u00e9guli\u00e8re de Postes Canada et que nous ne pouvons \u00eatre tenus [&hellip;]<\/p>\n","protected":false},"featured_media":38996,"template":"","meta":{"_acf_changed":false},"product_brand":[803],"product_cat":[784,658],"product_tag":[],"class_list":{"0":"post-54681","1":"product","2":"type-product","3":"status-publish","4":"has-post-thumbnail","6":"product_brand-ccdc","7":"product_cat-ccdc","8":"product_cat-ressources","9":"product_shipping_class-tarif-forfaitaire-sans-suivi-pour-articles-legers","11":"first","12":"instock","13":"taxable","14":"shipping-taxable","15":"purchasable","16":"product-type-simple"},"acf":[],"_links":{"self":[{"href":"https:\/\/raic.org\/fr\/wp-json\/wp\/v2\/product\/54681","targetHints":{"allow":["GET"]}}],"collection":[{"href":"https:\/\/raic.org\/fr\/wp-json\/wp\/v2\/product"}],"about":[{"href":"https:\/\/raic.org\/fr\/wp-json\/wp\/v2\/types\/product"}],"wp:featuredmedia":[{"embeddable":true,"href":"https:\/\/raic.org\/fr\/wp-json\/wp\/v2\/media\/38996"}],"wp:attachment":[{"href":"https:\/\/raic.org\/fr\/wp-json\/wp\/v2\/media?parent=54681"}],"wp:term":[{"taxonomy":"product_brand","embeddable":true,"href":"https:\/\/raic.org\/fr\/wp-json\/wp\/v2\/product_brand?post=54681"},{"taxonomy":"product_cat","embeddable":true,"href":"https:\/\/raic.org\/fr\/wp-json\/wp\/v2\/product_cat?post=54681"},{"taxonomy":"product_tag","embeddable":true,"href":"https:\/\/raic.org\/fr\/wp-json\/wp\/v2\/product_tag?post=54681"}],"curies":[{"name":"wp","href":"https:\/\/api.w.org\/{rel}","templated":true}]}}