{"id":54639,"date":"2025-12-15T15:56:04","date_gmt":"2025-12-15T20:56:04","guid":{"rendered":"https:\/\/staging.raic.symbiodev.xyz\/?post_type=product&#038;p=54639"},"modified":"2026-02-10T11:39:51","modified_gmt":"2026-02-10T16:39:51","slug":"ccdc-00-2018-version-francaise-en-format-electronique","status":"publish","type":"product","link":"https:\/\/raic.org\/fr\/produit\/ccdc-00-2018-version-francaise-en-format-electronique\/","title":{"rendered":"CCDC 00 \u2013 2018: Version fran\u00e7aise en format \u00e9lectronique"},"content":{"rendered":"<div class=\"product-info model\"><strong>CCDC 00 \u2013 2018:<\/strong> Version fran\u00e7aise en format \u00e9lectronique<\/div>\n<div class=\"field field-name-body field-type-text-with-summary field-label-hidden\">\n<div class=\"field-items\">\n<div class=\"field-item even\">\n<p>La\u00a0<em>Division 00<\/em> du CCDC fournit une s\u00e9rie de mod\u00e8les modifiables pour cr\u00e9er des documents d\u2019appel d\u2019offres et d\u2019attribution de contrat.<\/p>\n<p>Des notes au r\u00e9dacteur sont fournies afin d\u2019expliquer l\u2019usage pr\u00e9vu de chaque section, de faciliter la r\u00e9daction et d\u2019indiquer la n\u00e9cessit\u00e9 d\u2019une coordination, au besoin.<\/p>\n<p>Veuillez noter que vous recevrez votre code par courriel avec les instructions pour pouvoir t\u00e9l\u00e9charger le document dans les 48 heures suivant votre commande. Pour toute demande urgente, veuillez communiquer directement avec nous \u00e0 <a class=\"decorated-link cursor-pointer\" rel=\"noopener\" data-start=\"73\" data-end=\"89\">finance@raic.org<\/a><\/p>\n<p>&nbsp;<\/p>\n<p>&nbsp;<\/p>\n<p>&nbsp;<\/p>\n<\/div>\n<\/div>\n<\/div>\n<div class=\"field field-name-field-raic-member-price-for-disp field-type-number-decimal field-label-inline clearfix\">\n<div class=\"field-label\"><\/div>\n<\/div>\n<div class=\"field field-name-field-product-disclaimers field-type-text-long field-label-hidden\">\n<div class=\"field-items\">\n<div class=\"field-item even\">\n<p>&nbsp;<\/p>\n<p>&nbsp;<\/p>\n<\/div>\n<\/div>\n<\/div>\n","protected":false},"excerpt":{"rendered":"<p>La\u00a0<em>Division 00<\/em>\u00a0du CCDC fournit une s\u00e9rie de mod\u00e8les modifiables pour cr\u00e9er des documents d\u2019appel d\u2019offres et d\u2019attribution de contrat.<\/p>\n","protected":false},"featured_media":38995,"template":"","meta":{"_acf_changed":false},"product_brand":[],"product_cat":[784,660,658],"product_tag":[],"class_list":{"0":"post-54639","1":"product","2":"type-product","3":"status-publish","4":"has-post-thumbnail","6":"product_cat-ccdc","7":"product_cat-outils","8":"product_cat-ressources","10":"first","11":"instock","12":"taxable","13":"shipping-taxable","14":"purchasable","15":"product-type-simple"},"acf":[],"_links":{"self":[{"href":"https:\/\/raic.org\/fr\/wp-json\/wp\/v2\/product\/54639","targetHints":{"allow":["GET"]}}],"collection":[{"href":"https:\/\/raic.org\/fr\/wp-json\/wp\/v2\/product"}],"about":[{"href":"https:\/\/raic.org\/fr\/wp-json\/wp\/v2\/types\/product"}],"wp:featuredmedia":[{"embeddable":true,"href":"https:\/\/raic.org\/fr\/wp-json\/wp\/v2\/media\/38995"}],"wp:attachment":[{"href":"https:\/\/raic.org\/fr\/wp-json\/wp\/v2\/media?parent=54639"}],"wp:term":[{"taxonomy":"product_brand","embeddable":true,"href":"https:\/\/raic.org\/fr\/wp-json\/wp\/v2\/product_brand?post=54639"},{"taxonomy":"product_cat","embeddable":true,"href":"https:\/\/raic.org\/fr\/wp-json\/wp\/v2\/product_cat?post=54639"},{"taxonomy":"product_tag","embeddable":true,"href":"https:\/\/raic.org\/fr\/wp-json\/wp\/v2\/product_tag?post=54639"}],"curies":[{"name":"wp","href":"https:\/\/api.w.org\/{rel}","templated":true}]}}