{"id":54531,"date":"2025-08-26T11:36:11","date_gmt":"2025-08-26T15:36:11","guid":{"rendered":"https:\/\/staging.raic.symbiodev.xyz\/?post_type=product&#038;p=54531"},"modified":"2026-02-12T16:07:36","modified_gmt":"2026-02-12T21:07:36","slug":"ccdc-30g-2025-version-francaise-en-format-electronique","status":"publish","type":"product","link":"https:\/\/raic.org\/fr\/produit\/ccdc-30g-2025-version-francaise-en-format-electronique\/","title":{"rendered":"CCDC 30G &#8211; 2025 : Version fran\u00e7aise en format \u00e9lectronique"},"content":{"rendered":"<p><strong>CCDC 30G &#8211; 2025<\/strong> Guide sur le document CCDC 30\u202fContrat de r\u00e9alisation de projet int\u00e9gr\u00e9e\u00a0\u00a0<strong>(Version fran\u00e7aise en format \u00e9lectronique)<\/strong><br \/>\nGuide destin\u00e9 aux utilisateurs de CCDC 30 \u2013 2025<\/p>\n<p><strong>* Disponible en version \u00e9lectronique seulement<\/strong><\/p>\n<p>Veuillez noter que vous recevrez votre code par courriel avec les instructions pour pouvoir t\u00e9l\u00e9charger le document dans les 48 heures suivant votre commande. Si vous avez besoin du code plus rapidement, veuillez avec nous directement.<\/p>\n","protected":false},"excerpt":{"rendered":"<p>CCDC 30G &#8211; 2025 Guide sur le document CCDC 30\u202fContrat de r\u00e9alisation de projet int\u00e9gr\u00e9e\u00a0\u00a0(Version fran\u00e7aise en format \u00e9lectronique) Guide destin\u00e9 aux utilisateurs de CCDC 30 \u2013 2025 * Disponible en version \u00e9lectronique seulement Veuillez noter que vous recevrez votre code par courriel avec les instructions pour pouvoir t\u00e9l\u00e9charger le document dans les 48 heures [&hellip;]<\/p>\n","protected":false},"featured_media":38995,"template":"","meta":{"_acf_changed":false},"product_brand":[803],"product_cat":[784,658],"product_tag":[668],"class_list":{"0":"post-54531","1":"product","2":"type-product","3":"status-publish","4":"has-post-thumbnail","6":"product_brand-ccdc","7":"product_cat-ccdc","8":"product_cat-ressources","9":"product_tag-format-electronique","11":"first","12":"instock","13":"sold-individually","14":"taxable","15":"shipping-taxable","16":"purchasable","17":"product-type-simple"},"acf":[],"_links":{"self":[{"href":"https:\/\/raic.org\/fr\/wp-json\/wp\/v2\/product\/54531","targetHints":{"allow":["GET"]}}],"collection":[{"href":"https:\/\/raic.org\/fr\/wp-json\/wp\/v2\/product"}],"about":[{"href":"https:\/\/raic.org\/fr\/wp-json\/wp\/v2\/types\/product"}],"wp:featuredmedia":[{"embeddable":true,"href":"https:\/\/raic.org\/fr\/wp-json\/wp\/v2\/media\/38995"}],"wp:attachment":[{"href":"https:\/\/raic.org\/fr\/wp-json\/wp\/v2\/media?parent=54531"}],"wp:term":[{"taxonomy":"product_brand","embeddable":true,"href":"https:\/\/raic.org\/fr\/wp-json\/wp\/v2\/product_brand?post=54531"},{"taxonomy":"product_cat","embeddable":true,"href":"https:\/\/raic.org\/fr\/wp-json\/wp\/v2\/product_cat?post=54531"},{"taxonomy":"product_tag","embeddable":true,"href":"https:\/\/raic.org\/fr\/wp-json\/wp\/v2\/product_tag?post=54531"}],"curies":[{"name":"wp","href":"https:\/\/api.w.org\/{rel}","templated":true}]}}