{"id":54492,"date":"2022-02-18T13:56:14","date_gmt":"2022-02-18T18:56:14","guid":{"rendered":"https:\/\/staging.raic.symbiodev.xyz\/?post_type=product&#038;p=54492"},"modified":"2026-02-10T17:04:08","modified_gmt":"2026-02-10T22:04:08","slug":"ddn-document-complet-mise-a-jour-de-2022","status":"publish","type":"product","link":"https:\/\/raic.org\/fr\/produit\/ddn-document-complet-mise-a-jour-de-2022\/","title":{"rendered":"DDN &#8211; Document complet Mise \u00e0 jour (de 2022)"},"content":{"rendered":"<p><strong>Devis directeur national &#8211;<\/strong>\u00a0<strong>Document complet<\/strong><\/p>\n<p>Veuillez noter que vous recevrez un courriel contenant le code et les instructions de t\u00e9l\u00e9chargement sp\u00e9ciales dans les 48 heures suivant l\u2019achat. Pour toute demande urgente, veuillez communiquer directement avec <a class=\"decorated-link cursor-pointer\" rel=\"noopener\" data-start=\"415\" data-end=\"431\">finance@raic.org<\/a>.<\/p>\n","protected":false},"excerpt":{"rendered":"<p>Devis directeur national &#8211;\u00a0Document complet Veuillez noter que vous recevrez un courriel contenant le code et les instructions de t\u00e9l\u00e9chargement sp\u00e9ciales dans les 48 heures suivant l\u2019achat. Pour toute demande urgente, veuillez communiquer directement avec finance@raic.org.<\/p>\n","protected":false},"featured_media":9782,"template":"","meta":{"_acf_changed":false},"product_brand":[806],"product_cat":[809,658],"product_tag":[],"class_list":{"0":"post-54492","1":"product","2":"type-product","3":"status-publish","4":"has-post-thumbnail","6":"product_brand-ddn","7":"product_cat-ddn","8":"product_cat-ressources","10":"first","11":"instock","12":"sold-individually","13":"taxable","14":"shipping-taxable","15":"purchasable","16":"product-type-simple"},"acf":[],"_links":{"self":[{"href":"https:\/\/raic.org\/fr\/wp-json\/wp\/v2\/product\/54492","targetHints":{"allow":["GET"]}}],"collection":[{"href":"https:\/\/raic.org\/fr\/wp-json\/wp\/v2\/product"}],"about":[{"href":"https:\/\/raic.org\/fr\/wp-json\/wp\/v2\/types\/product"}],"wp:featuredmedia":[{"embeddable":true,"href":"https:\/\/raic.org\/fr\/wp-json\/wp\/v2\/media\/9782"}],"wp:attachment":[{"href":"https:\/\/raic.org\/fr\/wp-json\/wp\/v2\/media?parent=54492"}],"wp:term":[{"taxonomy":"product_brand","embeddable":true,"href":"https:\/\/raic.org\/fr\/wp-json\/wp\/v2\/product_brand?post=54492"},{"taxonomy":"product_cat","embeddable":true,"href":"https:\/\/raic.org\/fr\/wp-json\/wp\/v2\/product_cat?post=54492"},{"taxonomy":"product_tag","embeddable":true,"href":"https:\/\/raic.org\/fr\/wp-json\/wp\/v2\/product_tag?post=54492"}],"curies":[{"name":"wp","href":"https:\/\/api.w.org\/{rel}","templated":true}]}}