{"id":54491,"date":"2011-05-16T13:29:16","date_gmt":"2011-05-16T17:29:16","guid":{"rendered":"https:\/\/staging.raic.symbiodev.xyz\/?post_type=product&#038;p=54491"},"modified":"2026-02-10T17:08:56","modified_gmt":"2026-02-10T22:08:56","slug":"ddn-forfait-architecture","status":"publish","type":"product","link":"https:\/\/raic.org\/fr\/produit\/ddn-forfait-architecture\/","title":{"rendered":"DDN &#8211; Forfait Architecture"},"content":{"rendered":"<p><strong>Devis directeur national &#8211;<\/strong>\u00a0<strong>Forfait Architecture<\/strong><\/p>\n<p>Ce forfait comprend :<\/p>\n<ul>\n<li><strong>Division 00<\/strong>\u00a0&#8211; Exigences relatives aux approvisionnements et aux contrats<\/li>\n<li><strong>Division 01<\/strong>\u00a0&#8211; Exigences g\u00e9n\u00e9rales<\/li>\n<li><strong>Division 02<\/strong>\u00a0&#8211; Conditions existantes<\/li>\n<li><strong>Division 03<\/strong>\u00a0&#8211; B\u00e9ton<\/li>\n<li><strong>Division 04<\/strong>\u00a0&#8211; Ma\u00e7onnerie<\/li>\n<li><strong>Division 05<\/strong>\u00a0&#8211; M\u00e9taux<\/li>\n<li><strong>Division 06<\/strong>\u00a0&#8211; Bois, plastiques et composites<\/li>\n<li><strong>Division 07<\/strong>\u00a0&#8211; Isolation thermique et \u00e9tanch\u00e9it\u00e9<\/li>\n<li><strong>Division 08<\/strong>\u00a0&#8211; Ouvertures et fermetures<\/li>\n<li><strong>Division 09<\/strong>\u00a0&#8211; Rev\u00eatements de finition<\/li>\n<li><strong>Division 10<\/strong>\u00a0&#8211; Ouvrages sp\u00e9ciaux<\/li>\n<li><strong>Division 11<\/strong>\u00a0&#8211; Mat\u00e9riel et \u00e9quipement<\/li>\n<li><strong>Division 12<\/strong>\u00a0&#8211; Ameublement et d\u00e9coration<\/li>\n<li><strong>Division 13<\/strong>\u00a0&#8211; Installations sp\u00e9ciales<\/li>\n<li><strong>Division 14<\/strong>\u00a0&#8211; Syst\u00e8mes transporteurs<\/li>\n<li><strong>Division 31<\/strong>\u00a0&#8211; Terrassements<\/li>\n<li><strong>Division 32<\/strong>\u00a0&#8211; Am\u00e9nagement ext\u00e9rieurs<\/li>\n<li><strong>Division 35<\/strong>\u00a0&#8211; Voies d&#8217;eau et ouvrages maritimes<\/li>\n<li><strong>Division 42<\/strong>\u00a0&#8211; Chauffage, refroidissement et s\u00e9chage<\/li>\n<li><strong>Division 44<\/strong>\u00a0&#8211; Lutte contre la pollution<\/li>\n<\/ul>\n<p>Ce forfait comprend \u00e9galement des mises \u00e0 jour de certaines parties de la Division 34 &#8211; Transports, et sur les sections &lt;&lt; bas\u00e9es sur la performance &gt;&gt;.Les acheteurs de ce forfait doivent d\u00e9j\u00e0 avoir achet\u00e9 le DDN de l&#8217;ann\u00e9e pr\u00e9c\u00e9dente via l&#8217;IRAC.<\/p>\n<p>Voir la\u00a0<a style=\"padding: 0 5px;\" href=\"https:\/\/www.innovative.ca\/downloads\/Support\/ddnwin19-4.txt\">table des mati\u00e8res<\/a>\u00a0du DDN pour plus d&#8217;informations<\/p>\n<p>Veuillez noter que vous recevrez un courriel contenant le code et les instructions de t\u00e9l\u00e9chargement sp\u00e9ciales dans les 48 heures suivant l\u2019achat. Pour toute demande urgente, veuillez communiquer directement avec <a class=\"decorated-link cursor-pointer\" rel=\"noopener\" data-start=\"415\" data-end=\"431\">finance@raic.org<\/a>.<\/p>\n","protected":false},"excerpt":{"rendered":"<p>Devis directeur national &#8211;\u00a0Forfait Architecture Ce forfait comprend : Division 00\u00a0&#8211; Exigences relatives aux approvisionnements et aux contrats Division 01\u00a0&#8211; Exigences g\u00e9n\u00e9rales Division 02\u00a0&#8211; Conditions existantes Division 03\u00a0&#8211; B\u00e9ton Division 04\u00a0&#8211; Ma\u00e7onnerie Division 05\u00a0&#8211; M\u00e9taux Division 06\u00a0&#8211; Bois, plastiques et composites Division 07\u00a0&#8211; Isolation thermique et \u00e9tanch\u00e9it\u00e9 Division 08\u00a0&#8211; Ouvertures et fermetures Division 09\u00a0&#8211; Rev\u00eatements [&hellip;]<\/p>\n","protected":false},"featured_media":9783,"template":"","meta":{"_acf_changed":false},"product_brand":[806],"product_cat":[809,658],"product_tag":[],"class_list":{"0":"post-54491","1":"product","2":"type-product","3":"status-publish","4":"has-post-thumbnail","6":"product_brand-ddn","7":"product_cat-ddn","8":"product_cat-ressources","10":"first","11":"instock","12":"downloadable","13":"taxable","14":"shipping-taxable","15":"purchasable","16":"product-type-simple"},"acf":[],"_links":{"self":[{"href":"https:\/\/raic.org\/fr\/wp-json\/wp\/v2\/product\/54491","targetHints":{"allow":["GET"]}}],"collection":[{"href":"https:\/\/raic.org\/fr\/wp-json\/wp\/v2\/product"}],"about":[{"href":"https:\/\/raic.org\/fr\/wp-json\/wp\/v2\/types\/product"}],"wp:featuredmedia":[{"embeddable":true,"href":"https:\/\/raic.org\/fr\/wp-json\/wp\/v2\/media\/9783"}],"wp:attachment":[{"href":"https:\/\/raic.org\/fr\/wp-json\/wp\/v2\/media?parent=54491"}],"wp:term":[{"taxonomy":"product_brand","embeddable":true,"href":"https:\/\/raic.org\/fr\/wp-json\/wp\/v2\/product_brand?post=54491"},{"taxonomy":"product_cat","embeddable":true,"href":"https:\/\/raic.org\/fr\/wp-json\/wp\/v2\/product_cat?post=54491"},{"taxonomy":"product_tag","embeddable":true,"href":"https:\/\/raic.org\/fr\/wp-json\/wp\/v2\/product_tag?post=54491"}],"curies":[{"name":"wp","href":"https:\/\/api.w.org\/{rel}","templated":true}]}}