{"id":54484,"date":"2019-07-08T15:34:28","date_gmt":"2019-07-08T19:34:28","guid":{"rendered":"https:\/\/staging.raic.symbiodev.xyz\/?post_type=product&#038;p=54484"},"modified":"2025-12-22T16:48:38","modified_gmt":"2025-12-22T21:48:38","slug":"un-guide-aidant-a-determiner-les-honoraires-appropries-pour-les-services-dun-architecte-copie-papier","status":"publish","type":"product","link":"https:\/\/raic.org\/fr\/produit\/un-guide-aidant-a-determiner-les-honoraires-appropries-pour-les-services-dun-architecte-copie-papier\/","title":{"rendered":"Un guide aidant \u00e0 d\u00e9terminer les honoraires appropri\u00e9s pour les services d&#8217;un architecte (copie papier)"},"content":{"rendered":"<p>L\u2019Institut royal d\u2019architecture du Canada a \u00e9labor\u00e9 <em>Un guide aidant \u00e0 d\u00e9terminer les honoraires appropri\u00e9s pour les services d\u2019un architecte<\/em>pour aider les clients et les architectes \u00e0 d\u00e9finir l\u2019\u00e9tendue des services d\u2019architecture et \u00e0 d\u00e9terminer les honoraires appropri\u00e9s pour ces services professionnels.<\/p>\n<p>Le but principal de ce <em>Guide<\/em> est d\u2019orienter un juste \u00e9change de valeurs en d\u00e9terminant les honoraires appropri\u00e9s pour les services de l\u2019architecte. Vu l\u2019importance des changements intervenus dans les secteurs de la conception et de la construction, il est impossible de pr\u00e9sumer que les m\u00eames honoraires professionnels conviendront \u00e0 tous les projets, m\u00eame pour des b\u00e2timents de m\u00eame type et de m\u00eames dimensions. Les exigences varieront et ce document aidera le client et l\u2019architecte \u00e0 d\u00e9terminer les honoraires appropri\u00e9s pour les services de l\u2019architecte relativement \u00e0 leur projet de b\u00e2timent particulier.<\/p>\n<p>L\u2019\u00e9dition\u00a02019 d\u2019<em>Un guide aidant \u00e0 d\u00e9terminer les honoraires appropri\u00e9s pour les services d\u2019un architecte<\/em>comprend\u00a0:<\/p>\n<p>\u00b7\u00a0\u00a0\u00a0\u00a0\u00a0\u00a0 La valeur que les bons services de conception et d\u2019architecture apportent au client;<\/p>\n<p>\u00b7\u00a0\u00a0\u00a0\u00a0\u00a0\u00a0 La description des diff\u00e9rents modes de r\u00e9mun\u00e9ration des services de l\u2019architecte;<\/p>\n<p>\u00b7\u00a0\u00a0\u00a0\u00a0\u00a0\u00a0 La distribution des honoraires pendant le cycle de vie d\u2019un projet, tant pour les projets qui se d\u00e9roulent selon les phases traditionnelles que pour ceux qui utilisent la Mod\u00e9lisation des donn\u00e9es du b\u00e2timent (MDB);<\/p>\n<p>\u00b7\u00a0\u00a0\u00a0\u00a0\u00a0\u00a0 Des d\u00e9finitions, des tarifs d\u2019honoraires et des listes de services de base et de services additionnels en architecture qui ont \u00e9t\u00e9 mis \u00e0 jour;<\/p>\n<p>\u00b7\u00a0\u00a0\u00a0\u00a0\u00a0\u00a0 De l\u2019information comparative sur les divers modes de r\u00e9alisation d\u2019un projet;<\/p>\n<p>\u00b7\u00a0\u00a0\u00a0\u00a0\u00a0\u00a0 Une vaste gamme de facteurs \u00e0 prendre en compte au moment de d\u00e9finir la port\u00e9e du projet et des services et de d\u00e9terminer les honoraires appropri\u00e9s pour ces services;<\/p>\n<p>\u00b7\u00a0\u00a0\u00a0\u00a0\u00a0\u00a0 De nouveaux tableaux et annexes sur les services, et d\u2019autres qui ont \u00e9t\u00e9 mis \u00e0 jour.<\/p>\n<div style=\"margin: 0px; padding: 0px; user-select: text; -webkit-user-drag: none; overflow: visible; cursor: text; clear: both; position: relative; direction: ltr; caret-color: #000000; color: #000000; font-family: 'Segoe UI', 'Segoe UI Web', Arial, Verdana, sans-serif; font-size: 12px; text-size-adjust: auto;\">\n<p>Depuis le 4\u00a0janvier 2022,\u202fle livret PDF gratuit peut \u00eatre t\u00e9l\u00e9charg\u00e9 sans frais \u00e0 partir de la boutique de l\u2019IRAC par les clients, les responsables de l\u2019approvisionnement, les architectes et le grand public. T\u00e9l\u00e9chargez la version \u00e9lectronique gratuite<a style=\"margin: 0px; padding: 0 5px; user-select: text; -webkit-user-drag: none; color: inherit;\" href=\"\/fr\/node\/67874\" target=\"_blank\" rel=\"noreferrer noopener\">ici<\/a>.<\/p>\n<\/div>\n<div style=\"margin: 0px; padding: 0px; user-select: text; -webkit-user-drag: none; overflow: visible; cursor: text; clear: both; position: relative; direction: ltr; caret-color: #000000; color: #000000; font-family: 'Segoe UI', 'Segoe UI Web', Arial, Verdana, sans-serif; font-size: 12px; text-size-adjust: auto;\"><\/div>\n<div style=\"margin: 0px; padding: 0px; user-select: text; -webkit-user-drag: none; overflow: visible; cursor: text; clear: both; position: relative; direction: ltr; caret-color: #000000; color: #000000; font-family: 'Segoe UI', 'Segoe UI Web', Arial, Verdana, sans-serif; font-size: 12px; text-size-adjust: auto;\">\n<p>La pr\u00e9sente commande est pour la version imprim\u00e9e du document.<\/p>\n<p><u>Co\u00fbt\u00a0:<\/u><\/p>\n<\/div>\n<div style=\"margin: 0px; padding: 0px; user-select: text; -webkit-user-drag: none; overflow: visible; cursor: text; clear: both; position: relative; direction: ltr; caret-color: #000000; color: #000000; font-family: 'Segoe UI', 'Segoe UI Web', Arial, Verdana, sans-serif; font-size: 12px; text-size-adjust: auto;\">\n<p><strong>Vente de liquidation 20% de r\u00e9duction pour chaque copie papier vendue.<\/strong><br \/>\nLa vente se termine le 30 novembre 2022.<\/p>\n<p>Avant : 40 $ pour les membres \/ 65 $ pour les autres<br \/>\n<strong>Maintenant 32 $ pour les membres \/ 52 $ pour les autres<\/strong><\/p>\n<p>De plus, \u00e0 partir du 15 septembre 2022, la livraison est gratuite !<\/p>\n<\/div>\n<div style=\"margin: 0px; padding: 0px; user-select: text; -webkit-user-drag: none; overflow: visible; cursor: text; clear: both; position: relative; direction: ltr; caret-color: #000000; color: #000000; font-family: 'Segoe UI', 'Segoe UI Web', Arial, Verdana, sans-serif; font-size: 12px; text-size-adjust: auto;\">Veuillez noter que les exp\u00e9ditions sont effectu\u00e9es par le service postal standard de Postes Canada et que nous ne pouvons \u00eatre tenus responsables des envois perdus. Veuillez pr\u00e9voir un d\u00e9lai de 4 \u00e0 6 semaines pour la livraison. Pour toute demande urgente ou pour obtenir un num\u00e9ro de rep\u00e9rage de Postes Canada, veuillez communiquer avec <a class=\"decorated-link cursor-pointer\" rel=\"noopener\" data-start=\"448\" data-end=\"464\">finance@raic.org<\/a>; nous \u00e9mettrons rapidement une facture distincte incluant les frais d\u2019exp\u00e9dition express.<\/div>\n","protected":false},"excerpt":{"rendered":"<p>L\u2019Institut royal d\u2019architecture du Canada a \u00e9labor\u00e9 Un guide aidant \u00e0 d\u00e9terminer les honoraires appropri\u00e9s pour les services d\u2019un architectepour aider les clients et les architectes \u00e0 d\u00e9finir l\u2019\u00e9tendue des services d\u2019architecture et \u00e0 d\u00e9terminer les honoraires appropri\u00e9s pour ces services professionnels. Le but principal de ce Guide est d\u2019orienter un juste \u00e9change de valeurs [&hellip;]<\/p>\n","protected":false},"featured_media":0,"template":"","meta":{"_acf_changed":false},"product_brand":[],"product_cat":[656],"product_tag":[],"class_list":{"0":"post-54484","1":"product","2":"type-product","3":"status-publish","5":"product_cat-documents-publies","7":"first","8":"instock","9":"sold-individually","10":"taxable","11":"shipping-taxable","12":"purchasable","13":"product-type-simple"},"acf":[],"_links":{"self":[{"href":"https:\/\/raic.org\/fr\/wp-json\/wp\/v2\/product\/54484","targetHints":{"allow":["GET"]}}],"collection":[{"href":"https:\/\/raic.org\/fr\/wp-json\/wp\/v2\/product"}],"about":[{"href":"https:\/\/raic.org\/fr\/wp-json\/wp\/v2\/types\/product"}],"wp:attachment":[{"href":"https:\/\/raic.org\/fr\/wp-json\/wp\/v2\/media?parent=54484"}],"wp:term":[{"taxonomy":"product_brand","embeddable":true,"href":"https:\/\/raic.org\/fr\/wp-json\/wp\/v2\/product_brand?post=54484"},{"taxonomy":"product_cat","embeddable":true,"href":"https:\/\/raic.org\/fr\/wp-json\/wp\/v2\/product_cat?post=54484"},{"taxonomy":"product_tag","embeddable":true,"href":"https:\/\/raic.org\/fr\/wp-json\/wp\/v2\/product_tag?post=54484"}],"curies":[{"name":"wp","href":"https:\/\/api.w.org\/{rel}","templated":true}]}}