{"id":54389,"date":"2011-06-29T09:52:17","date_gmt":"2011-06-29T13:52:17","guid":{"rendered":"https:\/\/staging.raic.symbiodev.xyz\/?post_type=product&#038;p=54389"},"modified":"2025-12-19T16:51:57","modified_gmt":"2025-12-19T21:51:57","slug":"sb11-conseils-pour-la-reussite-en-marketing","status":"publish","type":"product","link":"https:\/\/raic.org\/fr\/produit\/sb11-conseils-pour-la-reussite-en-marketing\/","title":{"rendered":"SB11 &#8211; Conseils pour la r\u00e9ussite en marketing"},"content":{"rendered":"<p><strong>Conseils pour la r\u00e9ussite en marketing<\/strong><\/p>\n<p>Veuillez noter que les exp\u00e9ditions sont effectu\u00e9es par le service postal standard de Postes Canada et que nous ne pouvons \u00eatre tenus responsables des envois perdus. Veuillez pr\u00e9voir un d\u00e9lai de 4 \u00e0 6 semaines pour la livraison. Pour toute demande urgente ou pour obtenir un num\u00e9ro de rep\u00e9rage de Postes Canada, veuillez communiquer avec <a class=\"decorated-link cursor-pointer\" rel=\"noopener\" data-start=\"448\" data-end=\"464\">finance@raic.org<\/a>; nous \u00e9mettrons rapidement une facture distincte incluant les frais d\u2019exp\u00e9dition express.<\/p>\n","protected":false},"excerpt":{"rendered":"<p>Conseils pour la r\u00e9ussite en marketing Veuillez noter que les exp\u00e9ditions sont effectu\u00e9es par le service postal standard de Postes Canada et que nous ne pouvons \u00eatre tenus responsables des envois perdus. Veuillez pr\u00e9voir un d\u00e9lai de 4 \u00e0 6 semaines pour la livraison. Pour toute demande urgente ou pour obtenir un num\u00e9ro de rep\u00e9rage [&hellip;]<\/p>\n","protected":false},"featured_media":0,"template":"","meta":{"_acf_changed":false},"product_brand":[],"product_cat":[658],"product_tag":[],"class_list":{"0":"post-54389","1":"product","2":"type-product","3":"status-publish","5":"product_cat-ressources","7":"first","8":"instock","9":"sold-individually","10":"taxable","11":"shipping-taxable","12":"purchasable","13":"product-type-simple"},"acf":[],"_links":{"self":[{"href":"https:\/\/raic.org\/fr\/wp-json\/wp\/v2\/product\/54389","targetHints":{"allow":["GET"]}}],"collection":[{"href":"https:\/\/raic.org\/fr\/wp-json\/wp\/v2\/product"}],"about":[{"href":"https:\/\/raic.org\/fr\/wp-json\/wp\/v2\/types\/product"}],"wp:attachment":[{"href":"https:\/\/raic.org\/fr\/wp-json\/wp\/v2\/media?parent=54389"}],"wp:term":[{"taxonomy":"product_brand","embeddable":true,"href":"https:\/\/raic.org\/fr\/wp-json\/wp\/v2\/product_brand?post=54389"},{"taxonomy":"product_cat","embeddable":true,"href":"https:\/\/raic.org\/fr\/wp-json\/wp\/v2\/product_cat?post=54389"},{"taxonomy":"product_tag","embeddable":true,"href":"https:\/\/raic.org\/fr\/wp-json\/wp\/v2\/product_tag?post=54389"}],"curies":[{"name":"wp","href":"https:\/\/api.w.org\/{rel}","templated":true}]}}