{"id":53098,"date":"2025-12-11T16:55:17","date_gmt":"2025-12-11T21:55:17","guid":{"rendered":"https:\/\/staging.raic.symbiodev.xyz\/?post_type=product&#038;p=53098"},"modified":"2025-12-22T09:56:00","modified_gmt":"2025-12-22T14:56:00","slug":"etude-comparative-sur-les-bureaux-darchitectes-du-canada","status":"publish","type":"product","link":"https:\/\/raic.org\/fr\/produit\/etude-comparative-sur-les-bureaux-darchitectes-du-canada\/","title":{"rendered":"\u00c9tude comparative sur les bureaux d\u2019architectes du Canada"},"content":{"rendered":"<p><strong>L\u2019\u00c9tude comparative sur les bureaux d\u2019architectes du Canada (\u00e9dition 2023).<\/strong><\/p>\n<p>Publi\u00e9e en partenariat par l\u2019Institut royal d\u2019architecture du Canada et le magazine Canadian Architect, l\u2019<strong><em>\u00c9tude comparative sur les bureaux d\u2019architectes du Canada (\u00e9dition 2023)\u00a0<\/em><\/strong>comprend des donn\u00e9es exhaustives sur les normes actuelles en mati\u00e8re de r\u00e9mun\u00e9ration, de facturation et d\u2019autres indicateurs cl\u00e9s dans les bureaux d\u2019architectes du Canada.<\/p>\n<p><strong>Ce rapport de +150 pages\u00a0<\/strong>fournit des informations cruciales pour les entreprises \u0153uvrant en contexte canadien, notamment des donn\u00e9es de grande qualit\u00e9 qui permettront aux bureaux de se comparer sur un large \u00e9ventail de crit\u00e8res, leur donnant ainsi la possibilit\u00e9 de cerner leurs forces, leurs d\u00e9fis et leurs opportunit\u00e9s.<\/p>\n<p>L\u2019<em>\u00c9tude comparative sur les bureaux d\u2019architectes du Canada<\/em>\u00a0<em>(\u00e9dition 2023)<\/em>\u00a0est une mise \u00e0 jour de l\u2019\u00e9dition ant\u00e9rieure de 2011. Elle porte sur\u00a0<u>16 domaines cl\u00e9s<\/u>\u00a0et comprend notamment de nouvelles sections reli\u00e9es aux th\u00e8mes autochtones et \u00e0 la r\u00e9conciliation, ainsi qu\u2019\u00e0 l\u2019action climatique, \u00e0 l\u2019\u00e9quit\u00e9 et \u00e0 la justice, \u00e0 la diversit\u00e9 et \u00e0 l\u2019inclusion.<\/p>\n","protected":false},"excerpt":{"rendered":"<p><strong>L\u2019<em>\u00c9tude comparative sur les bureaux d\u2019architectes du Canada (\u00e9dition 2023)\u00a0<\/em><\/strong>comprend des donn\u00e9es exhaustives sur les normes actuelles en mati\u00e8re de r\u00e9mun\u00e9ration, de facturation et d\u2019autres indicateurs cl\u00e9s dans les bureaux d\u2019architectes du Canada.<\/p>\n<p>Veuillez noter que vous recevrez un courriel contenant le code et les instructions de t\u00e9l\u00e9chargement sp\u00e9ciales dans les 48 heures suivant l\u2019achat. Pour toute demande urgente, veuillez communiquer directement avec <a class=\"decorated-link cursor-pointer\" rel=\"noopener\" data-start=\"415\" data-end=\"431\">finance@raic.org<\/a>.<\/p>\n","protected":false},"featured_media":34021,"template":"","meta":{"_acf_changed":false},"product_brand":[],"product_cat":[659,660,658],"product_tag":[],"class_list":{"0":"post-53098","1":"product","2":"type-product","3":"status-publish","4":"has-post-thumbnail","6":"product_cat-guides","7":"product_cat-outils","8":"product_cat-ressources","10":"first","11":"instock","12":"downloadable","13":"taxable","14":"shipping-taxable","15":"purchasable","16":"product-type-simple"},"acf":[],"_links":{"self":[{"href":"https:\/\/raic.org\/fr\/wp-json\/wp\/v2\/product\/53098","targetHints":{"allow":["GET"]}}],"collection":[{"href":"https:\/\/raic.org\/fr\/wp-json\/wp\/v2\/product"}],"about":[{"href":"https:\/\/raic.org\/fr\/wp-json\/wp\/v2\/types\/product"}],"wp:featuredmedia":[{"embeddable":true,"href":"https:\/\/raic.org\/fr\/wp-json\/wp\/v2\/media\/34021"}],"wp:attachment":[{"href":"https:\/\/raic.org\/fr\/wp-json\/wp\/v2\/media?parent=53098"}],"wp:term":[{"taxonomy":"product_brand","embeddable":true,"href":"https:\/\/raic.org\/fr\/wp-json\/wp\/v2\/product_brand?post=53098"},{"taxonomy":"product_cat","embeddable":true,"href":"https:\/\/raic.org\/fr\/wp-json\/wp\/v2\/product_cat?post=53098"},{"taxonomy":"product_tag","embeddable":true,"href":"https:\/\/raic.org\/fr\/wp-json\/wp\/v2\/product_tag?post=53098"}],"curies":[{"name":"wp","href":"https:\/\/api.w.org\/{rel}","templated":true}]}}