{"id":43346,"date":"2024-05-22T12:11:54","date_gmt":"2024-05-22T16:11:54","guid":{"rendered":"https:\/\/staging.raic.symbiodev.xyz\/?post_type=product&#038;p=43346"},"modified":"2026-02-10T10:35:02","modified_gmt":"2026-02-10T15:35:02","slug":"ccdc-5b-2025-version-francaise-en-format-electronique","status":"publish","type":"product","link":"https:\/\/raic.org\/fr\/produit\/ccdc-5b-2025-version-francaise-en-format-electronique\/","title":{"rendered":"CCDC 5B &#8211; 2025 : Version fran\u00e7aise en format \u00e9lectronique"},"content":{"rendered":"<p><strong>CCDC 5B \u2013 2025 Contrat de g\u00e9rance de construction \u2013 pour services et construction\u00a0\u00a0(version \u00e9lectronique)<\/strong><\/p>\n<p>Contrat de g\u00e9rance de construction \u2013 pour services et construction est une formule de contrat entre le ma\u00eetre de l\u2019ouvrage et le g\u00e9rant de construction pour la prestation de services de conseils pendant l\u2019\u00e9tape de pr\u00e9construction et l\u2019ex\u00e9cution de l\u2019ouvrage requis pendant la phase de construction.<\/p>\n<p>Au d\u00e9part, l\u2019ouvrage est ex\u00e9cut\u00e9 moyennant une r\u00e9mun\u00e9ration bas\u00e9e sur les co\u00fbts r\u00e9els, plus un pourcentage ou un montant fixe qui s\u2019applique aux co\u00fbts r\u00e9els. Les parties peuvent convenir d\u2019exercer l\u2019une des options suivantes : prix maximum garanti (PMG), PMG plus un pourcentage des \u00e9conomies de co\u00fbts ou conversion en un contrat \u00e0 prix forfaitaire.<\/p>\n<p>Veuillez noter que vous recevrez un courriel contenant le code et les instructions sp\u00e9ciales de t\u00e9l\u00e9chargement dans les 48 heures suivant l\u2019achat. Pour toute demande urgente, veuillez communiquer directement avec nous \u00e0 <a class=\"decorated-link cursor-pointer\" rel=\"noopener\" data-start=\"220\" data-end=\"236\">finance@raic.org<\/a>.<\/p>\n<div><strong>* Disponible en version \u00e9lectronique seulement.<\/strong><\/div>\n<div><\/div>\n","protected":false},"excerpt":{"rendered":"<p>CCDC 5B \u2013 2025 Contrat de g\u00e9rance de construction \u2013 pour services et construction\u00a0\u00a0(version \u00e9lectronique) Contrat de g\u00e9rance de construction \u2013 pour services et construction est une formule de contrat entre le ma\u00eetre de l\u2019ouvrage et le g\u00e9rant de construction pour la prestation de services de conseils pendant l\u2019\u00e9tape de pr\u00e9construction et l\u2019ex\u00e9cution de l\u2019ouvrage [&hellip;]<\/p>\n","protected":false},"featured_media":38995,"template":"","meta":{"_acf_changed":false},"product_brand":[803],"product_cat":[784,658],"product_tag":[],"class_list":{"0":"post-43346","1":"product","2":"type-product","3":"status-publish","4":"has-post-thumbnail","6":"product_brand-ccdc","7":"product_cat-ccdc","8":"product_cat-ressources","10":"first","11":"instock","12":"taxable","13":"shipping-taxable","14":"purchasable","15":"product-type-simple"},"acf":[],"_links":{"self":[{"href":"https:\/\/raic.org\/fr\/wp-json\/wp\/v2\/product\/43346","targetHints":{"allow":["GET"]}}],"collection":[{"href":"https:\/\/raic.org\/fr\/wp-json\/wp\/v2\/product"}],"about":[{"href":"https:\/\/raic.org\/fr\/wp-json\/wp\/v2\/types\/product"}],"wp:featuredmedia":[{"embeddable":true,"href":"https:\/\/raic.org\/fr\/wp-json\/wp\/v2\/media\/38995"}],"wp:attachment":[{"href":"https:\/\/raic.org\/fr\/wp-json\/wp\/v2\/media?parent=43346"}],"wp:term":[{"taxonomy":"product_brand","embeddable":true,"href":"https:\/\/raic.org\/fr\/wp-json\/wp\/v2\/product_brand?post=43346"},{"taxonomy":"product_cat","embeddable":true,"href":"https:\/\/raic.org\/fr\/wp-json\/wp\/v2\/product_cat?post=43346"},{"taxonomy":"product_tag","embeddable":true,"href":"https:\/\/raic.org\/fr\/wp-json\/wp\/v2\/product_tag?post=43346"}],"curies":[{"name":"wp","href":"https:\/\/api.w.org\/{rel}","templated":true}]}}