{"id":43310,"date":"2024-05-21T12:07:04","date_gmt":"2024-05-21T16:07:04","guid":{"rendered":"https:\/\/staging.raic.symbiodev.xyz\/?post_type=product&#038;p=43310"},"modified":"2026-03-30T12:23:48","modified_gmt":"2026-03-30T16:23:48","slug":"ccdc-2ccq-2024-version-francaise-en-format-electronique-2","status":"publish","type":"product","link":"https:\/\/raic.org\/fr\/produit\/ccdc-2ccq-2024-version-francaise-en-format-electronique-2\/","title":{"rendered":"CCDC 2CcQ &#8211; 2024 : Version fran\u00e7aise en format \u00e9lectronique"},"content":{"rendered":"<p><strong>CCDC 2CcQ &#8211; 2024: Version fran\u00e7aise en format \u00e9lectronique<\/strong><\/p>\n<p>Contrat principal standard entre le propri\u00e9taire et l\u2019entrepreneur principal pour l\u2019ex\u00e9cution des travaux requis \u00e0 un prix fixe pr\u00e9d\u00e9termin\u00e9 ou \u00e0 forfait, ind\u00e9pendamment des co\u00fbts r\u00e9els de l\u2019entrepreneur. Cette version du contrat standard CCDC 2 a \u00e9t\u00e9 adapt\u00e9e pour tenir compte des particularit\u00e9s du Code civil du Qu\u00e9bec.<\/p>\n<p><strong>Veuillez noter que vous recevrez un courriel contenant le code et les instructions sp\u00e9ciales de t\u00e9l\u00e9chargement dans les 48 heures suivant l\u2019achat.<\/strong><br data-start=\"146\" data-end=\"149\" \/>Deux sceaux sont inclus avec ce document et seront exp\u00e9di\u00e9s s\u00e9par\u00e9ment par la poste r\u00e9guli\u00e8re.<br data-start=\"243\" data-end=\"246\" \/>Pour toute demande urgente, veuillez communiquer directement avec nous \u00e0 l\u2019adresse suivante : <a class=\"decorated-link cursor-pointer\" rel=\"noopener\" data-start=\"340\" data-end=\"356\">finance@raic.org<\/a>.<\/p>\n","protected":false},"excerpt":{"rendered":"<p>CCDC 2CcQ &#8211; 2024: Version fran\u00e7aise en format \u00e9lectronique Contrat principal standard entre le propri\u00e9taire et l\u2019entrepreneur principal pour l\u2019ex\u00e9cution des travaux requis \u00e0 un prix fixe pr\u00e9d\u00e9termin\u00e9 ou \u00e0 forfait, ind\u00e9pendamment des co\u00fbts r\u00e9els de l\u2019entrepreneur. Cette version du contrat standard CCDC 2 a \u00e9t\u00e9 adapt\u00e9e pour tenir compte des particularit\u00e9s du Code civil [&hellip;]<\/p>\n","protected":false},"featured_media":38996,"template":"","meta":{"_acf_changed":false},"product_brand":[803],"product_cat":[784,658],"product_tag":[668],"class_list":{"0":"post-43310","1":"product","2":"type-product","3":"status-publish","4":"has-post-thumbnail","6":"product_brand-ccdc","7":"product_cat-ccdc","8":"product_cat-ressources","9":"product_tag-format-electronique","11":"first","12":"instock","13":"taxable","14":"shipping-taxable","15":"purchasable","16":"product-type-simple"},"acf":[],"_links":{"self":[{"href":"https:\/\/raic.org\/fr\/wp-json\/wp\/v2\/product\/43310","targetHints":{"allow":["GET"]}}],"collection":[{"href":"https:\/\/raic.org\/fr\/wp-json\/wp\/v2\/product"}],"about":[{"href":"https:\/\/raic.org\/fr\/wp-json\/wp\/v2\/types\/product"}],"wp:featuredmedia":[{"embeddable":true,"href":"https:\/\/raic.org\/fr\/wp-json\/wp\/v2\/media\/38996"}],"wp:attachment":[{"href":"https:\/\/raic.org\/fr\/wp-json\/wp\/v2\/media?parent=43310"}],"wp:term":[{"taxonomy":"product_brand","embeddable":true,"href":"https:\/\/raic.org\/fr\/wp-json\/wp\/v2\/product_brand?post=43310"},{"taxonomy":"product_cat","embeddable":true,"href":"https:\/\/raic.org\/fr\/wp-json\/wp\/v2\/product_cat?post=43310"},{"taxonomy":"product_tag","embeddable":true,"href":"https:\/\/raic.org\/fr\/wp-json\/wp\/v2\/product_tag?post=43310"}],"curies":[{"name":"wp","href":"https:\/\/api.w.org\/{rel}","templated":true}]}}