{"id":43294,"date":"2011-05-11T15:11:19","date_gmt":"2011-05-11T19:11:19","guid":{"rendered":"https:\/\/staging.raic.symbiodev.xyz\/?post_type=product&#038;p=43294"},"modified":"2026-02-10T12:08:50","modified_gmt":"2026-02-10T17:08:50","slug":"ccdc-14-2013-version-francaise-en-format-electronique","status":"publish","type":"product","link":"https:\/\/raic.org\/fr\/produit\/ccdc-14-2013-version-francaise-en-format-electronique\/","title":{"rendered":"CCDC 14 &#8211; 2013 : version fran\u00e7aise en format \u00e9lectronique"},"content":{"rendered":"<p><strong>CCDC 14- 2013 Contrat de design-construction \u00e0 forfait (version \u00e9lectronique)<\/strong><\/p>\n<p>Contrat principal normalise entre le maitre de l&#8217;ouvrage et le design constructeur ou le disgn-constructeyr fournit des services de conception et de construction en vertu d&#8217;une seule convention pour un prix forfaitaire ou prix fixe pr\u00e9\u00e9tabli.<\/p>\n<p><strong>Veuillez noter que vous recevrez un courriel contenant le code et les instructions sp\u00e9ciales de t\u00e9l\u00e9chargement dans les 48 heures suivant l\u2019achat.<\/strong><br data-start=\"415\" data-end=\"418\" \/>Deux sceaux sont inclus avec ce document et seront exp\u00e9di\u00e9s s\u00e9par\u00e9ment.<br data-start=\"489\" data-end=\"492\" \/>Pour toute demande urgente, veuillez communiquer directement avec nous \u00e0 l\u2019adresse suivante : <a class=\"decorated-link cursor-pointer\" rel=\"noopener\" data-start=\"586\" data-end=\"602\">finance@raic.org<\/a>.<\/p>\n","protected":false},"excerpt":{"rendered":"<p>CCDC 14- 2013 Contrat de design-construction \u00e0 forfait (version \u00e9lectronique) Contrat principal normalise entre le maitre de l&#8217;ouvrage et le design constructeur ou le disgn-constructeyr fournit des services de conception et de construction en vertu d&#8217;une seule convention pour un prix forfaitaire ou prix fixe pr\u00e9\u00e9tabli. Veuillez noter que vous recevrez un courriel contenant le [&hellip;]<\/p>\n","protected":false},"featured_media":38996,"template":"","meta":{"_acf_changed":false},"product_brand":[803],"product_cat":[784,658],"product_tag":[668],"class_list":{"0":"post-43294","1":"product","2":"type-product","3":"status-publish","4":"has-post-thumbnail","6":"product_brand-ccdc","7":"product_cat-ccdc","8":"product_cat-ressources","9":"product_tag-format-electronique","11":"first","12":"instock","13":"taxable","14":"shipping-taxable","15":"purchasable","16":"product-type-simple"},"acf":[],"_links":{"self":[{"href":"https:\/\/raic.org\/fr\/wp-json\/wp\/v2\/product\/43294","targetHints":{"allow":["GET"]}}],"collection":[{"href":"https:\/\/raic.org\/fr\/wp-json\/wp\/v2\/product"}],"about":[{"href":"https:\/\/raic.org\/fr\/wp-json\/wp\/v2\/types\/product"}],"wp:featuredmedia":[{"embeddable":true,"href":"https:\/\/raic.org\/fr\/wp-json\/wp\/v2\/media\/38996"}],"wp:attachment":[{"href":"https:\/\/raic.org\/fr\/wp-json\/wp\/v2\/media?parent=43294"}],"wp:term":[{"taxonomy":"product_brand","embeddable":true,"href":"https:\/\/raic.org\/fr\/wp-json\/wp\/v2\/product_brand?post=43294"},{"taxonomy":"product_cat","embeddable":true,"href":"https:\/\/raic.org\/fr\/wp-json\/wp\/v2\/product_cat?post=43294"},{"taxonomy":"product_tag","embeddable":true,"href":"https:\/\/raic.org\/fr\/wp-json\/wp\/v2\/product_tag?post=43294"}],"curies":[{"name":"wp","href":"https:\/\/api.w.org\/{rel}","templated":true}]}}