{"id":43292,"date":"2011-05-11T15:21:37","date_gmt":"2011-05-11T19:21:37","guid":{"rendered":"https:\/\/staging.raic.symbiodev.xyz\/?post_type=product&#038;p=43292"},"modified":"2026-02-10T12:06:01","modified_gmt":"2026-02-10T17:06:01","slug":"ccdc-14-2013-sceaux-dautorisation-seulement","status":"publish","type":"product","link":"https:\/\/raic.org\/fr\/produit\/ccdc-14-2013-sceaux-dautorisation-seulement\/","title":{"rendered":"CCDC 14 &#8211; 2013 : Sceaux d&#8217;autorisation seulement"},"content":{"rendered":"<p><strong>CCDC 14 &#8211; 2013: Contrat de design-construction \u00e0 forfait &#8211; Sceaux SEULEMENT pour version fran\u00e7aise<\/strong><\/p>\n<p data-start=\"425\" data-end=\"640\">Veuillez noter que les envois sont effectu\u00e9s par le service postal standard de Postes Canada et que nous ne pouvons \u00eatre tenus responsables des colis perdus. Veuillez pr\u00e9voir un d\u00e9lai de livraison de 4 \u00e0 6 semaines.<\/p>\n<p data-start=\"642\" data-end=\"743\">Exp\u00e9dition au Canada : 3<span style=\"font-size: 1rem;\">,00 $ par article<br \/>\n<\/span>Exp\u00e9dition \u00e0 l\u2019ext\u00e9rieur du Canada : 5,00 $ par article<\/p>\n<p data-start=\"745\" data-end=\"960\" data-is-last-node=\"\" data-is-only-node=\"\">Pour toute demande urgente ou pour obtenir un num\u00e9ro de rep\u00e9rage de Postes Canada, veuillez communiquer avec <a class=\"decorated-link cursor-pointer\" rel=\"noopener\" data-start=\"854\" data-end=\"870\">finance@raic.org<\/a>. Nous \u00e9mettrons rapidement une facture distincte incluant les frais d\u2019exp\u00e9dition express.<\/p>\n","protected":false},"excerpt":{"rendered":"<p>CCDC 14 &#8211; 2013: Contrat de design-construction \u00e0 forfait &#8211; Sceaux SEULEMENT pour version fran\u00e7aise Veuillez noter que les envois sont effectu\u00e9s par le service postal standard de Postes Canada et que nous ne pouvons \u00eatre tenus responsables des colis perdus. Veuillez pr\u00e9voir un d\u00e9lai de livraison de 4 \u00e0 6 semaines. Exp\u00e9dition au Canada [&hellip;]<\/p>\n","protected":false},"featured_media":38996,"template":"","meta":{"_acf_changed":false},"product_brand":[803],"product_cat":[784,658],"product_tag":[],"class_list":{"0":"post-43292","1":"product","2":"type-product","3":"status-publish","4":"has-post-thumbnail","6":"product_brand-ccdc","7":"product_cat-ccdc","8":"product_cat-ressources","9":"product_shipping_class-tarif-forfaitaire-sans-suivi-pour-articles-legers","11":"first","12":"instock","13":"taxable","14":"shipping-taxable","15":"purchasable","16":"product-type-simple"},"acf":[],"_links":{"self":[{"href":"https:\/\/raic.org\/fr\/wp-json\/wp\/v2\/product\/43292","targetHints":{"allow":["GET"]}}],"collection":[{"href":"https:\/\/raic.org\/fr\/wp-json\/wp\/v2\/product"}],"about":[{"href":"https:\/\/raic.org\/fr\/wp-json\/wp\/v2\/types\/product"}],"wp:featuredmedia":[{"embeddable":true,"href":"https:\/\/raic.org\/fr\/wp-json\/wp\/v2\/media\/38996"}],"wp:attachment":[{"href":"https:\/\/raic.org\/fr\/wp-json\/wp\/v2\/media?parent=43292"}],"wp:term":[{"taxonomy":"product_brand","embeddable":true,"href":"https:\/\/raic.org\/fr\/wp-json\/wp\/v2\/product_brand?post=43292"},{"taxonomy":"product_cat","embeddable":true,"href":"https:\/\/raic.org\/fr\/wp-json\/wp\/v2\/product_cat?post=43292"},{"taxonomy":"product_tag","embeddable":true,"href":"https:\/\/raic.org\/fr\/wp-json\/wp\/v2\/product_tag?post=43292"}],"curies":[{"name":"wp","href":"https:\/\/api.w.org\/{rel}","templated":true}]}}