{"id":43288,"date":"2011-05-11T15:51:58","date_gmt":"2011-05-11T19:51:58","guid":{"rendered":"https:\/\/staging.raic.symbiodev.xyz\/?post_type=product&#038;p=43288"},"modified":"2026-02-10T12:10:21","modified_gmt":"2026-02-10T17:10:21","slug":"ccdc-15-2013-sceaux-dautorisation-en-francais","status":"publish","type":"product","link":"https:\/\/raic.org\/fr\/produit\/ccdc-15-2013-sceaux-dautorisation-en-francais\/","title":{"rendered":"CCDC 15 &#8211; 2013 : Sceaux d&#8217;autorisation en fran\u00e7ais"},"content":{"rendered":"<p><strong>CCDC15 &#8211; 2013: Contrat entre design-constructeur et professionel &#8211; Sceaux SEULEMENT pour version fran\u00e7aise<\/strong><\/p>\n<p><strong>Les frais d\u2019exp\u00e9dition au Canada sont de 3,00 $ suppl\u00e9mentaires. \u00c0 l\u2019ext\u00e9rieur du Canada, les frais sont de 5,00 $.<\/strong><\/p>\n<p>Cet article sera exp\u00e9di\u00e9 par le service postal standard de Postes Canada. Nous ne pouvons \u00eatre tenus responsables des envois perdus. Veuillez pr\u00e9voir un d\u00e9lai de 4 \u00e0 6 semaines pour la livraison. Pour les demandes urgentes ou pour obtenir un num\u00e9ro de rep\u00e9rage de Postes Canada, veuillez communiquer avec <a class=\"decorated-link cursor-pointer\" rel=\"noopener\" data-start=\"305\" data-end=\"321\">finance@raic.org<\/a> afin de demander une option d\u2019exp\u00e9dition express et la facture correspondante.<\/p>\n","protected":false},"excerpt":{"rendered":"<p>CCDC15 &#8211; 2013: Contrat entre design-constructeur et professionel &#8211; Sceaux SEULEMENT pour version fran\u00e7aise Les frais d\u2019exp\u00e9dition au Canada sont de 3,00 $ suppl\u00e9mentaires. \u00c0 l\u2019ext\u00e9rieur du Canada, les frais sont de 5,00 $. Cet article sera exp\u00e9di\u00e9 par le service postal standard de Postes Canada. Nous ne pouvons \u00eatre tenus responsables des envois perdus. [&hellip;]<\/p>\n","protected":false},"featured_media":38996,"template":"","meta":{"_acf_changed":false},"product_brand":[803],"product_cat":[784,658],"product_tag":[],"class_list":{"0":"post-43288","1":"product","2":"type-product","3":"status-publish","4":"has-post-thumbnail","6":"product_brand-ccdc","7":"product_cat-ccdc","8":"product_cat-ressources","9":"product_shipping_class-tarif-forfaitaire-sans-suivi-pour-articles-legers","11":"first","12":"instock","13":"taxable","14":"shipping-taxable","15":"purchasable","16":"product-type-simple"},"acf":[],"_links":{"self":[{"href":"https:\/\/raic.org\/fr\/wp-json\/wp\/v2\/product\/43288","targetHints":{"allow":["GET"]}}],"collection":[{"href":"https:\/\/raic.org\/fr\/wp-json\/wp\/v2\/product"}],"about":[{"href":"https:\/\/raic.org\/fr\/wp-json\/wp\/v2\/types\/product"}],"wp:featuredmedia":[{"embeddable":true,"href":"https:\/\/raic.org\/fr\/wp-json\/wp\/v2\/media\/38996"}],"wp:attachment":[{"href":"https:\/\/raic.org\/fr\/wp-json\/wp\/v2\/media?parent=43288"}],"wp:term":[{"taxonomy":"product_brand","embeddable":true,"href":"https:\/\/raic.org\/fr\/wp-json\/wp\/v2\/product_brand?post=43288"},{"taxonomy":"product_cat","embeddable":true,"href":"https:\/\/raic.org\/fr\/wp-json\/wp\/v2\/product_cat?post=43288"},{"taxonomy":"product_tag","embeddable":true,"href":"https:\/\/raic.org\/fr\/wp-json\/wp\/v2\/product_tag?post=43288"}],"curies":[{"name":"wp","href":"https:\/\/api.w.org\/{rel}","templated":true}]}}