{"id":43284,"date":"2011-05-12T10:24:48","date_gmt":"2011-05-12T14:24:48","guid":{"rendered":"https:\/\/staging.raic.symbiodev.xyz\/?post_type=product&#038;p=43284"},"modified":"2026-02-10T11:43:58","modified_gmt":"2026-02-10T16:43:58","slug":"ccdc-02-2020-sceaux-dautorisation-pour-version-francaise","status":"publish","type":"product","link":"https:\/\/raic.org\/fr\/produit\/ccdc-02-2020-sceaux-dautorisation-pour-version-francaise\/","title":{"rendered":"CCDC 02 &#8211; 2020 : Sceaux d&#8217;autorisation pour version fran\u00e7aise"},"content":{"rendered":"<p><strong>CCDC 02 &#8211; 2020: Contrat \u00e0 forfait &#8211; Sceaux SEULEMENT pour version fran\u00e7aise<\/strong><\/p>\n<p><strong>Les frais d\u2019exp\u00e9dition au Canada s\u2019\u00e9l\u00e8vent \u00e0 3,00 $ suppl\u00e9mentaires. \u00c0 l\u2019ext\u00e9rieur du Canada, les frais sont de 5,00 $.\u00a0<\/strong><br \/>\nVeuillez noter que les sceaux seront envoy\u00e9s par courrier standard. Pour toute demande urgente, veuillez communiquer directement avec nous \u00e0 <a class=\"decorated-link cursor-pointer\" rel=\"noopener\" data-start=\"73\" data-end=\"89\">finance@raic.org.<\/a><\/p>\n<p>**Remarque : nous avons cess\u00e9 de vendre CCDC 02 &#8211; 2008. Il est maintenant remplac\u00e9 par CCDC 02 &#8211; 2020<\/p>\n","protected":false},"excerpt":{"rendered":"<p>CCDC 02 &#8211; 2020: Contrat \u00e0 forfait &#8211; Sceaux SEULEMENT pour version fran\u00e7aise Les frais d\u2019exp\u00e9dition au Canada s\u2019\u00e9l\u00e8vent \u00e0 3,00 $ suppl\u00e9mentaires. \u00c0 l\u2019ext\u00e9rieur du Canada, les frais sont de 5,00 $.\u00a0 Veuillez noter que les sceaux seront envoy\u00e9s par courrier standard. Pour toute demande urgente, veuillez communiquer directement avec nous \u00e0 finance@raic.org. **Remarque [&hellip;]<\/p>\n","protected":false},"featured_media":38996,"template":"","meta":{"_acf_changed":false},"product_brand":[803],"product_cat":[784,658],"product_tag":[],"class_list":{"0":"post-43284","1":"product","2":"type-product","3":"status-publish","4":"has-post-thumbnail","6":"product_brand-ccdc","7":"product_cat-ccdc","8":"product_cat-ressources","9":"product_shipping_class-tarif-forfaitaire-sans-suivi-pour-articles-legers","11":"first","12":"instock","13":"taxable","14":"shipping-taxable","15":"purchasable","16":"product-type-simple"},"acf":[],"_links":{"self":[{"href":"https:\/\/raic.org\/fr\/wp-json\/wp\/v2\/product\/43284","targetHints":{"allow":["GET"]}}],"collection":[{"href":"https:\/\/raic.org\/fr\/wp-json\/wp\/v2\/product"}],"about":[{"href":"https:\/\/raic.org\/fr\/wp-json\/wp\/v2\/types\/product"}],"wp:featuredmedia":[{"embeddable":true,"href":"https:\/\/raic.org\/fr\/wp-json\/wp\/v2\/media\/38996"}],"wp:attachment":[{"href":"https:\/\/raic.org\/fr\/wp-json\/wp\/v2\/media?parent=43284"}],"wp:term":[{"taxonomy":"product_brand","embeddable":true,"href":"https:\/\/raic.org\/fr\/wp-json\/wp\/v2\/product_brand?post=43284"},{"taxonomy":"product_cat","embeddable":true,"href":"https:\/\/raic.org\/fr\/wp-json\/wp\/v2\/product_cat?post=43284"},{"taxonomy":"product_tag","embeddable":true,"href":"https:\/\/raic.org\/fr\/wp-json\/wp\/v2\/product_tag?post=43284"}],"curies":[{"name":"wp","href":"https:\/\/api.w.org\/{rel}","templated":true}]}}