{"id":43282,"date":"2011-05-12T10:31:36","date_gmt":"2011-05-12T14:31:36","guid":{"rendered":"https:\/\/staging.raic.symbiodev.xyz\/?post_type=product&#038;p=43282"},"modified":"2026-02-10T11:49:51","modified_gmt":"2026-02-10T16:49:51","slug":"ccdc-03-2016-version-francaise-en-format-electronique","status":"publish","type":"product","link":"https:\/\/raic.org\/fr\/produit\/ccdc-03-2016-version-francaise-en-format-electronique\/","title":{"rendered":"CCDC 03 &#8211; 2016 : Version fran\u00e7aise en format \u00e9lectronique"},"content":{"rendered":"<p><strong>CCDC 03 &#8211; 2016<\/strong>: <strong>Contrat \u00e0 prix co\u00fbtant major\u00e9<\/strong> <strong>(version \u00e9lectronique)<\/strong><\/p>\n<p>Veuillez noter que vous recevrez un courriel contenant le code et les instructions sp\u00e9ciales de t\u00e9l\u00e9chargement dans les 48 heures suivant l\u2019achat.<br data-start=\"146\" data-end=\"149\" \/>Deux sceaux sont inclus avec ce document et seront exp\u00e9di\u00e9s s\u00e9par\u00e9ment par la poste r\u00e9guli\u00e8re.<br data-start=\"243\" data-end=\"246\" \/>Pour toute demande urgente, veuillez communiquer directement avec nous \u00e0 l\u2019adresse suivante : <a class=\"decorated-link cursor-pointer\" rel=\"noopener\" data-start=\"340\" data-end=\"356\">finance@raic.org<\/a>.<\/p>\n","protected":false},"excerpt":{"rendered":"<p>CCDC 03 &#8211; 2016: Contrat \u00e0 prix co\u00fbtant major\u00e9 (version \u00e9lectronique) Veuillez noter que vous recevrez un courriel contenant le code et les instructions sp\u00e9ciales de t\u00e9l\u00e9chargement dans les 48 heures suivant l\u2019achat.Deux sceaux sont inclus avec ce document et seront exp\u00e9di\u00e9s s\u00e9par\u00e9ment par la poste r\u00e9guli\u00e8re.Pour toute demande urgente, veuillez communiquer directement avec nous [&hellip;]<\/p>\n","protected":false},"featured_media":38996,"template":"","meta":{"_acf_changed":false},"product_brand":[803],"product_cat":[784,658],"product_tag":[668],"class_list":{"0":"post-43282","1":"product","2":"type-product","3":"status-publish","4":"has-post-thumbnail","6":"product_brand-ccdc","7":"product_cat-ccdc","8":"product_cat-ressources","9":"product_tag-format-electronique","11":"first","12":"instock","13":"taxable","14":"shipping-taxable","15":"purchasable","16":"product-type-simple"},"acf":[],"_links":{"self":[{"href":"https:\/\/raic.org\/fr\/wp-json\/wp\/v2\/product\/43282","targetHints":{"allow":["GET"]}}],"collection":[{"href":"https:\/\/raic.org\/fr\/wp-json\/wp\/v2\/product"}],"about":[{"href":"https:\/\/raic.org\/fr\/wp-json\/wp\/v2\/types\/product"}],"wp:featuredmedia":[{"embeddable":true,"href":"https:\/\/raic.org\/fr\/wp-json\/wp\/v2\/media\/38996"}],"wp:attachment":[{"href":"https:\/\/raic.org\/fr\/wp-json\/wp\/v2\/media?parent=43282"}],"wp:term":[{"taxonomy":"product_brand","embeddable":true,"href":"https:\/\/raic.org\/fr\/wp-json\/wp\/v2\/product_brand?post=43282"},{"taxonomy":"product_cat","embeddable":true,"href":"https:\/\/raic.org\/fr\/wp-json\/wp\/v2\/product_cat?post=43282"},{"taxonomy":"product_tag","embeddable":true,"href":"https:\/\/raic.org\/fr\/wp-json\/wp\/v2\/product_tag?post=43282"}],"curies":[{"name":"wp","href":"https:\/\/api.w.org\/{rel}","templated":true}]}}