{"id":43276,"date":"2011-05-12T13:04:29","date_gmt":"2011-05-12T17:04:29","guid":{"rendered":"https:\/\/staging.raic.symbiodev.xyz\/?post_type=product&#038;p=43276"},"modified":"2026-02-10T11:58:39","modified_gmt":"2026-02-10T16:58:39","slug":"ccdc-09-sceaux-dautorisation-pour-version-francaise","status":"publish","type":"product","link":"https:\/\/raic.org\/fr\/produit\/ccdc-09-sceaux-dautorisation-pour-version-francaise\/","title":{"rendered":"CCDC 09 &#8211; Sceaux d&#8217;autorisation pour version fran\u00e7aise"},"content":{"rendered":"<p><strong>CCDC 09: Prestation statutaire &#8211; Sceaux SEULEMENT pour version fran\u00e7aise<\/strong><\/p>\n<p>&nbsp;<\/p>\n<p><strong>Les frais d\u2019exp\u00e9dition au Canada s\u2019\u00e9l\u00e8vent \u00e0 3,00 $ suppl\u00e9mentaires. \u00c0 l\u2019ext\u00e9rieur du Canada, les frais sont de 5,00 $.<\/strong><br \/>\nVeuillez noter que les envois sont effectu\u00e9s par le service postal standard de Postes Canada et que nous ne pouvons \u00eatre tenus responsables des colis perdus. Veuillez pr\u00e9voir un d\u00e9lai de livraison de 4 \u00e0 6 semaines.<br \/>\nPour toute demande urgente ou pour obtenir un num\u00e9ro de rep\u00e9rage de Postes Canada, veuillez communiquer avec <a class=\"decorated-link cursor-pointer\" rel=\"noopener\" data-start=\"854\" data-end=\"870\">finance@raic.org<\/a>. Nous \u00e9mettrons rapidement une facture distincte incluant les frais d\u2019exp\u00e9dition express.<\/p>\n","protected":false},"excerpt":{"rendered":"<p>CCDC 09: Prestation statutaire &#8211; Sceaux SEULEMENT pour version fran\u00e7aise &nbsp; Les frais d\u2019exp\u00e9dition au Canada s\u2019\u00e9l\u00e8vent \u00e0 3,00 $ suppl\u00e9mentaires. \u00c0 l\u2019ext\u00e9rieur du Canada, les frais sont de 5,00 $. Veuillez noter que les envois sont effectu\u00e9s par le service postal standard de Postes Canada et que nous ne pouvons \u00eatre tenus responsables des [&hellip;]<\/p>\n","protected":false},"featured_media":38996,"template":"","meta":{"_acf_changed":false},"product_brand":[803],"product_cat":[784,658],"product_tag":[],"class_list":{"0":"post-43276","1":"product","2":"type-product","3":"status-publish","4":"has-post-thumbnail","6":"product_brand-ccdc","7":"product_cat-ccdc","8":"product_cat-ressources","9":"product_shipping_class-tarif-forfaitaire-sans-suivi-pour-articles-legers","11":"first","12":"instock","13":"taxable","14":"shipping-taxable","15":"purchasable","16":"product-type-simple"},"acf":[],"_links":{"self":[{"href":"https:\/\/raic.org\/fr\/wp-json\/wp\/v2\/product\/43276","targetHints":{"allow":["GET"]}}],"collection":[{"href":"https:\/\/raic.org\/fr\/wp-json\/wp\/v2\/product"}],"about":[{"href":"https:\/\/raic.org\/fr\/wp-json\/wp\/v2\/types\/product"}],"wp:featuredmedia":[{"embeddable":true,"href":"https:\/\/raic.org\/fr\/wp-json\/wp\/v2\/media\/38996"}],"wp:attachment":[{"href":"https:\/\/raic.org\/fr\/wp-json\/wp\/v2\/media?parent=43276"}],"wp:term":[{"taxonomy":"product_brand","embeddable":true,"href":"https:\/\/raic.org\/fr\/wp-json\/wp\/v2\/product_brand?post=43276"},{"taxonomy":"product_cat","embeddable":true,"href":"https:\/\/raic.org\/fr\/wp-json\/wp\/v2\/product_cat?post=43276"},{"taxonomy":"product_tag","embeddable":true,"href":"https:\/\/raic.org\/fr\/wp-json\/wp\/v2\/product_tag?post=43276"}],"curies":[{"name":"wp","href":"https:\/\/api.w.org\/{rel}","templated":true}]}}