{"id":43274,"date":"2011-05-12T13:06:07","date_gmt":"2011-05-12T17:06:07","guid":{"rendered":"https:\/\/staging.raic.symbiodev.xyz\/?post_type=product&#038;p=43274"},"modified":"2026-02-10T12:01:22","modified_gmt":"2026-02-10T17:01:22","slug":"ccdc-11-2019-version-francaise-en-format-electronique","status":"publish","type":"product","link":"https:\/\/raic.org\/fr\/produit\/ccdc-11-2019-version-francaise-en-format-electronique\/","title":{"rendered":"CCDC 11 &#8211; 2019 : Version fran\u00e7aise en format \u00e9lectronique"},"content":{"rendered":"<p><strong>CCDC 11 &#8211; 2019: D\u00e9claration de qualification d&#8217;un entrepreneur (version \u00e9lectronique)<\/strong><\/p>\n<p>Formulaire normalis\u00e9 qui permet d&#8217;obtenir des renseignements sur la capacit\u00e9, les comp\u00e9tences et l&#8217;exp\u00e9rience des entrepreneurs qui pr\u00e9sentent des soumissions pour des projets de construction.<\/p>\n<p>Vous recevrez aussi 1 sceau avec le document.<\/p>\n<p>Si le produit est offert uniquement en t\u00e9l\u00e9chargement, aucun article physique ne sera exp\u00e9di\u00e9. Veuillez noter que vous recevrez un courriel contenant votre code d\u2019acc\u00e8s et les instructions de t\u00e9l\u00e9chargement dans les 48 heures suivant l\u2019achat. Si le produit comprend des documents imprim\u00e9s ou des sceaux, ceux-ci seront exp\u00e9di\u00e9s par le service postal standard de Postes Canada. Nous ne pouvons \u00eatre tenus responsables des envois perdus. Veuillez pr\u00e9voir un d\u00e9lai de 4 \u00e0 6 semaines pour la livraison. Pour les demandes urgentes ou pour obtenir un num\u00e9ro de rep\u00e9rage de Postes Canada, veuillez communiquer avec finance@raic.org afin de demander une option d\u2019exp\u00e9dition express et la facture correspondante.<\/p>\n","protected":false},"excerpt":{"rendered":"<p>CCDC 11 &#8211; 2019: D\u00e9claration de qualification d&#8217;un entrepreneur (version \u00e9lectronique) Formulaire normalis\u00e9 qui permet d&#8217;obtenir des renseignements sur la capacit\u00e9, les comp\u00e9tences et l&#8217;exp\u00e9rience des entrepreneurs qui pr\u00e9sentent des soumissions pour des projets de construction. Vous recevrez aussi 1 sceau avec le document. Si le produit est offert uniquement en t\u00e9l\u00e9chargement, aucun article physique [&hellip;]<\/p>\n","protected":false},"featured_media":38996,"template":"","meta":{"_acf_changed":false},"product_brand":[803],"product_cat":[784,658],"product_tag":[668],"class_list":{"0":"post-43274","1":"product","2":"type-product","3":"status-publish","4":"has-post-thumbnail","6":"product_brand-ccdc","7":"product_cat-ccdc","8":"product_cat-ressources","9":"product_tag-format-electronique","11":"first","12":"instock","13":"taxable","14":"shipping-taxable","15":"purchasable","16":"product-type-simple"},"acf":[],"_links":{"self":[{"href":"https:\/\/raic.org\/fr\/wp-json\/wp\/v2\/product\/43274","targetHints":{"allow":["GET"]}}],"collection":[{"href":"https:\/\/raic.org\/fr\/wp-json\/wp\/v2\/product"}],"about":[{"href":"https:\/\/raic.org\/fr\/wp-json\/wp\/v2\/types\/product"}],"wp:featuredmedia":[{"embeddable":true,"href":"https:\/\/raic.org\/fr\/wp-json\/wp\/v2\/media\/38996"}],"wp:attachment":[{"href":"https:\/\/raic.org\/fr\/wp-json\/wp\/v2\/media?parent=43274"}],"wp:term":[{"taxonomy":"product_brand","embeddable":true,"href":"https:\/\/raic.org\/fr\/wp-json\/wp\/v2\/product_brand?post=43274"},{"taxonomy":"product_cat","embeddable":true,"href":"https:\/\/raic.org\/fr\/wp-json\/wp\/v2\/product_cat?post=43274"},{"taxonomy":"product_tag","embeddable":true,"href":"https:\/\/raic.org\/fr\/wp-json\/wp\/v2\/product_tag?post=43274"}],"curies":[{"name":"wp","href":"https:\/\/api.w.org\/{rel}","templated":true}]}}