{"id":43266,"date":"2011-05-12T13:25:46","date_gmt":"2011-05-12T17:25:46","guid":{"rendered":"https:\/\/staging.raic.symbiodev.xyz\/?post_type=product&#038;p=43266"},"modified":"2026-02-10T12:22:37","modified_gmt":"2026-02-10T17:22:37","slug":"ccdc-22-2002-version-francaise-en-format-electronique","status":"publish","type":"product","link":"https:\/\/raic.org\/fr\/produit\/ccdc-22-2002-version-francaise-en-format-electronique\/","title":{"rendered":"CCDC 22 &#8211; 2002 : Version fran\u00e7aise en format \u00e9lectronique"},"content":{"rendered":"<p><strong>CCDC 22 &#8211; 2002: Guide d&#8217;utilisation des cautionnements de construction (version \u00e9lectronique)<\/strong><\/p>\n<p>Guide qui explique le processus de cautionnement ainsi que le but et le fonctionnement des formulaires normalis\u00e9s du cautionnement du CCDC (CCDC 220, 221 et 222).<\/p>\n<p>Si le produit est offert uniquement en t\u00e9l\u00e9chargement, aucun article physique ne sera exp\u00e9di\u00e9. Veuillez noter que vous recevrez un courriel contenant votre code d\u2019acc\u00e8s et les instructions de t\u00e9l\u00e9chargement dans les 48 heures suivant l\u2019achat.<br \/>\nVeuillez communiquer avec finance@raic.org afin de demander une option d\u2019exp\u00e9dition express<\/p>\n","protected":false},"excerpt":{"rendered":"<p>CCDC 22 &#8211; 2002: Guide d&#8217;utilisation des cautionnements de construction (version \u00e9lectronique) Guide qui explique le processus de cautionnement ainsi que le but et le fonctionnement des formulaires normalis\u00e9s du cautionnement du CCDC (CCDC 220, 221 et 222). Si le produit est offert uniquement en t\u00e9l\u00e9chargement, aucun article physique ne sera exp\u00e9di\u00e9. Veuillez noter que [&hellip;]<\/p>\n","protected":false},"featured_media":38996,"template":"","meta":{"_acf_changed":false},"product_brand":[803],"product_cat":[784,658],"product_tag":[668],"class_list":{"0":"post-43266","1":"product","2":"type-product","3":"status-publish","4":"has-post-thumbnail","6":"product_brand-ccdc","7":"product_cat-ccdc","8":"product_cat-ressources","9":"product_tag-format-electronique","11":"first","12":"instock","13":"downloadable","14":"taxable","15":"shipping-taxable","16":"purchasable","17":"product-type-simple"},"acf":[],"_links":{"self":[{"href":"https:\/\/raic.org\/fr\/wp-json\/wp\/v2\/product\/43266","targetHints":{"allow":["GET"]}}],"collection":[{"href":"https:\/\/raic.org\/fr\/wp-json\/wp\/v2\/product"}],"about":[{"href":"https:\/\/raic.org\/fr\/wp-json\/wp\/v2\/types\/product"}],"wp:featuredmedia":[{"embeddable":true,"href":"https:\/\/raic.org\/fr\/wp-json\/wp\/v2\/media\/38996"}],"wp:attachment":[{"href":"https:\/\/raic.org\/fr\/wp-json\/wp\/v2\/media?parent=43266"}],"wp:term":[{"taxonomy":"product_brand","embeddable":true,"href":"https:\/\/raic.org\/fr\/wp-json\/wp\/v2\/product_brand?post=43266"},{"taxonomy":"product_cat","embeddable":true,"href":"https:\/\/raic.org\/fr\/wp-json\/wp\/v2\/product_cat?post=43266"},{"taxonomy":"product_tag","embeddable":true,"href":"https:\/\/raic.org\/fr\/wp-json\/wp\/v2\/product_tag?post=43266"}],"curies":[{"name":"wp","href":"https:\/\/api.w.org\/{rel}","templated":true}]}}