{"id":43264,"date":"2011-05-12T14:07:51","date_gmt":"2011-05-12T18:07:51","guid":{"rendered":"https:\/\/staging.raic.symbiodev.xyz\/?post_type=product&#038;p=43264"},"modified":"2026-02-10T12:27:25","modified_gmt":"2026-02-10T17:27:25","slug":"ccdc-23-2018-version-francaise-en-format-electronique","status":"publish","type":"product","link":"https:\/\/raic.org\/fr\/produit\/ccdc-23-2018-version-francaise-en-format-electronique\/","title":{"rendered":"CCDC 23 &#8211; 2018 : Version fran\u00e7aise en format \u00e9lectronique"},"content":{"rendered":"<p><strong>CCDC 23 &#8211; 2018: Guide des appels d&#8217;offres et de l&#8217;attribution des contrats de construction (version \u00e9lectronique)<\/strong><\/p>\n<p>Guide destin\u00e9 aux ma\u00eetres d&#8217;ouvrage et aux professionnels et d\u00e9crivant les &lt;&lt;pratiques exemplaires&gt;&gt; recommand\u00e9es pour l&#8217;obtention de services de construction au moyen d&#8217;un processus d&#8217;appel d&#8217;offres concurrentiel.<\/p>\n<p>Si le produit est offert uniquement en t\u00e9l\u00e9chargement, aucun article physique ne sera exp\u00e9di\u00e9. Veuillez noter que vous recevrez un courriel contenant votre code d\u2019acc\u00e8s et les instructions de t\u00e9l\u00e9chargement dans les 48 heures suivant l\u2019achat. Veuillez communiquer avec finance@raic.org afin de demander une option d\u2019exp\u00e9dition express et la facture correspondante.<\/p>\n","protected":false},"excerpt":{"rendered":"<p>CCDC 23 &#8211; 2018: Guide des appels d&#8217;offres et de l&#8217;attribution des contrats de construction (version \u00e9lectronique) Guide destin\u00e9 aux ma\u00eetres d&#8217;ouvrage et aux professionnels et d\u00e9crivant les &lt;&lt;pratiques exemplaires&gt;&gt; recommand\u00e9es pour l&#8217;obtention de services de construction au moyen d&#8217;un processus d&#8217;appel d&#8217;offres concurrentiel. Si le produit est offert uniquement en t\u00e9l\u00e9chargement, aucun article physique [&hellip;]<\/p>\n","protected":false},"featured_media":38996,"template":"","meta":{"_acf_changed":false},"product_brand":[803],"product_cat":[784,659,658],"product_tag":[668],"class_list":{"0":"post-43264","1":"product","2":"type-product","3":"status-publish","4":"has-post-thumbnail","6":"product_brand-ccdc","7":"product_cat-ccdc","8":"product_cat-guides","9":"product_cat-ressources","10":"product_tag-format-electronique","12":"first","13":"instock","14":"taxable","15":"shipping-taxable","16":"purchasable","17":"product-type-simple"},"acf":[],"_links":{"self":[{"href":"https:\/\/raic.org\/fr\/wp-json\/wp\/v2\/product\/43264","targetHints":{"allow":["GET"]}}],"collection":[{"href":"https:\/\/raic.org\/fr\/wp-json\/wp\/v2\/product"}],"about":[{"href":"https:\/\/raic.org\/fr\/wp-json\/wp\/v2\/types\/product"}],"wp:featuredmedia":[{"embeddable":true,"href":"https:\/\/raic.org\/fr\/wp-json\/wp\/v2\/media\/38996"}],"wp:attachment":[{"href":"https:\/\/raic.org\/fr\/wp-json\/wp\/v2\/media?parent=43264"}],"wp:term":[{"taxonomy":"product_brand","embeddable":true,"href":"https:\/\/raic.org\/fr\/wp-json\/wp\/v2\/product_brand?post=43264"},{"taxonomy":"product_cat","embeddable":true,"href":"https:\/\/raic.org\/fr\/wp-json\/wp\/v2\/product_cat?post=43264"},{"taxonomy":"product_tag","embeddable":true,"href":"https:\/\/raic.org\/fr\/wp-json\/wp\/v2\/product_tag?post=43264"}],"curies":[{"name":"wp","href":"https:\/\/api.w.org\/{rel}","templated":true}]}}