{"id":43262,"date":"2011-05-12T14:09:08","date_gmt":"2011-05-12T18:09:08","guid":{"rendered":"https:\/\/staging.raic.symbiodev.xyz\/?post_type=product&#038;p=43262"},"modified":"2026-02-10T12:25:18","modified_gmt":"2026-02-10T17:25:18","slug":"ccdc-23-2018-version-francaise-en-format-papier","status":"publish","type":"product","link":"https:\/\/raic.org\/fr\/produit\/ccdc-23-2018-version-francaise-en-format-papier\/","title":{"rendered":"CCDC 23 &#8211; 2018 : Version fran\u00e7aise en format papier"},"content":{"rendered":"<p><strong>CCDC 23 &#8211; 2018: Guide des appels d&#8217;offres et de l&#8217;attribution des contrats de construction (format papier)<\/strong><\/p>\n<p>Guide destin\u00e9 aux ma\u00eetres d&#8217;ouvrage et aux professionnels et d\u00e9crivant les &lt;&lt;pratiques exemplaires&gt;&gt; recommand\u00e9es pour l&#8217;obtention de services de construction au moyen d&#8217;un processus d&#8217;appel d&#8217;offres concurrentiel.<\/p>\n<p data-start=\"425\" data-end=\"640\">Veuillez noter que les envois sont effectu\u00e9s par le service postal standard de Postes Canada et que nous ne pouvons \u00eatre tenus responsables des colis perdus. Veuillez pr\u00e9voir un d\u00e9lai de livraison de 4 \u00e0 6 semaines.<\/p>\n<p data-start=\"642\" data-end=\"743\">Exp\u00e9dition au Canada : 15,00 $ par article<br data-start=\"684\" data-end=\"687\" \/>Exp\u00e9dition \u00e0 l\u2019ext\u00e9rieur du Canada : 20,00 $ par article<\/p>\n<p data-start=\"745\" data-end=\"960\" data-is-last-node=\"\" data-is-only-node=\"\">Pour toute demande urgente ou pour obtenir un num\u00e9ro de rep\u00e9rage de Postes Canada, veuillez communiquer avec <a class=\"decorated-link cursor-pointer\" rel=\"noopener\" data-start=\"854\" data-end=\"870\">finance@raic.org<\/a>. Nous \u00e9mettrons rapidement une facture distincte incluant les frais d\u2019exp\u00e9dition express.<\/p>\n","protected":false},"excerpt":{"rendered":"<p>CCDC 23 &#8211; 2018: Guide des appels d&#8217;offres et de l&#8217;attribution des contrats de construction (format papier) Guide destin\u00e9 aux ma\u00eetres d&#8217;ouvrage et aux professionnels et d\u00e9crivant les &lt;&lt;pratiques exemplaires&gt;&gt; recommand\u00e9es pour l&#8217;obtention de services de construction au moyen d&#8217;un processus d&#8217;appel d&#8217;offres concurrentiel. Veuillez noter que les envois sont effectu\u00e9s par le service postal [&hellip;]<\/p>\n","protected":false},"featured_media":38996,"template":"","meta":{"_acf_changed":false},"product_brand":[803],"product_cat":[784,659,658],"product_tag":[],"class_list":{"0":"post-43262","1":"product","2":"type-product","3":"status-publish","4":"has-post-thumbnail","6":"product_brand-ccdc","7":"product_cat-ccdc","8":"product_cat-guides","9":"product_cat-ressources","10":"product_shipping_class-format-papier","12":"first","13":"instock","14":"taxable","15":"shipping-taxable","16":"purchasable","17":"product-type-simple"},"acf":[],"_links":{"self":[{"href":"https:\/\/raic.org\/fr\/wp-json\/wp\/v2\/product\/43262","targetHints":{"allow":["GET"]}}],"collection":[{"href":"https:\/\/raic.org\/fr\/wp-json\/wp\/v2\/product"}],"about":[{"href":"https:\/\/raic.org\/fr\/wp-json\/wp\/v2\/types\/product"}],"wp:featuredmedia":[{"embeddable":true,"href":"https:\/\/raic.org\/fr\/wp-json\/wp\/v2\/media\/38996"}],"wp:attachment":[{"href":"https:\/\/raic.org\/fr\/wp-json\/wp\/v2\/media?parent=43262"}],"wp:term":[{"taxonomy":"product_brand","embeddable":true,"href":"https:\/\/raic.org\/fr\/wp-json\/wp\/v2\/product_brand?post=43262"},{"taxonomy":"product_cat","embeddable":true,"href":"https:\/\/raic.org\/fr\/wp-json\/wp\/v2\/product_cat?post=43262"},{"taxonomy":"product_tag","embeddable":true,"href":"https:\/\/raic.org\/fr\/wp-json\/wp\/v2\/product_tag?post=43262"}],"curies":[{"name":"wp","href":"https:\/\/api.w.org\/{rel}","templated":true}]}}