{"id":43260,"date":"2011-05-12T15:04:46","date_gmt":"2011-05-12T19:04:46","guid":{"rendered":"https:\/\/staging.raic.symbiodev.xyz\/?post_type=product&#038;p=43260"},"modified":"2026-02-10T12:31:07","modified_gmt":"2026-02-10T17:31:07","slug":"ccdc-24-2022-version-francaise-en-format-electronique","status":"publish","type":"product","link":"https:\/\/raic.org\/fr\/produit\/ccdc-24-2022-version-francaise-en-format-electronique\/","title":{"rendered":"CCDC 24 &#8211; 2022 : Version fran\u00e7aise en format \u00e9lectronique"},"content":{"rendered":"<p><strong>CCDC 24 &#8211; 2022<\/strong>: <strong>Guide d&#8217;utilisation des formulaires mod\u00e8les et des documents de soutien<\/strong> <strong>(version \u00e9lectronique)<\/strong><\/p>\n<p>Le CCDC 24 est un guide qui a pour but d&#8217;aider les utilisateurs du CCDC 2- 2020 \u00e0 satisfaire aux exigences administratives enoncees dans cettter formule normalis\u00e9e de contract. Pour chaque formulaire modele, le guide presente des lignes directrices concernant le processus administratif, d\u00e9crit bri\u00e8vement le formulaire, dresse une liste de v\u00e9rification des renseignements devant \u00eatre inclus et contient un exemple des formulaires mod\u00e8les.<\/p>\n<div>\n<p>Si le produit est offert uniquement en t\u00e9l\u00e9chargement, aucun article physique ne sera exp\u00e9di\u00e9. Veuillez noter que vous recevrez un courriel contenant votre code d\u2019acc\u00e8s et les instructions de t\u00e9l\u00e9chargement dans les 48 heures suivant l\u2019achat.<\/p>\n<p>Veuillez communiquer avec finance@raic.org afin de demander une option d\u2019exp\u00e9dition express.<\/p>\n<\/div>\n","protected":false},"excerpt":{"rendered":"<p>CCDC 24 &#8211; 2022: Guide d&#8217;utilisation des formulaires mod\u00e8les et des documents de soutien (version \u00e9lectronique) Le CCDC 24 est un guide qui a pour but d&#8217;aider les utilisateurs du CCDC 2- 2020 \u00e0 satisfaire aux exigences administratives enoncees dans cettter formule normalis\u00e9e de contract. Pour chaque formulaire modele, le guide presente des lignes directrices [&hellip;]<\/p>\n","protected":false},"featured_media":38996,"template":"","meta":{"_acf_changed":false},"product_brand":[803],"product_cat":[784,659,658],"product_tag":[668],"class_list":{"0":"post-43260","1":"product","2":"type-product","3":"status-publish","4":"has-post-thumbnail","6":"product_brand-ccdc","7":"product_cat-ccdc","8":"product_cat-guides","9":"product_cat-ressources","10":"product_tag-format-electronique","12":"first","13":"instock","14":"taxable","15":"shipping-taxable","16":"purchasable","17":"product-type-simple"},"acf":[],"_links":{"self":[{"href":"https:\/\/raic.org\/fr\/wp-json\/wp\/v2\/product\/43260","targetHints":{"allow":["GET"]}}],"collection":[{"href":"https:\/\/raic.org\/fr\/wp-json\/wp\/v2\/product"}],"about":[{"href":"https:\/\/raic.org\/fr\/wp-json\/wp\/v2\/types\/product"}],"wp:featuredmedia":[{"embeddable":true,"href":"https:\/\/raic.org\/fr\/wp-json\/wp\/v2\/media\/38996"}],"wp:attachment":[{"href":"https:\/\/raic.org\/fr\/wp-json\/wp\/v2\/media?parent=43260"}],"wp:term":[{"taxonomy":"product_brand","embeddable":true,"href":"https:\/\/raic.org\/fr\/wp-json\/wp\/v2\/product_brand?post=43260"},{"taxonomy":"product_cat","embeddable":true,"href":"https:\/\/raic.org\/fr\/wp-json\/wp\/v2\/product_cat?post=43260"},{"taxonomy":"product_tag","embeddable":true,"href":"https:\/\/raic.org\/fr\/wp-json\/wp\/v2\/product_tag?post=43260"}],"curies":[{"name":"wp","href":"https:\/\/api.w.org\/{rel}","templated":true}]}}