{"id":43258,"date":"2011-05-12T15:08:23","date_gmt":"2011-05-12T19:08:23","guid":{"rendered":"https:\/\/staging.raic.symbiodev.xyz\/?post_type=product&#038;p=43258"},"modified":"2026-02-10T12:29:30","modified_gmt":"2026-02-10T17:29:30","slug":"ccdc-24-2022-version-francaise-en-format-papier","status":"publish","type":"product","link":"https:\/\/raic.org\/fr\/produit\/ccdc-24-2022-version-francaise-en-format-papier\/","title":{"rendered":"CCDC 24 &#8211; 2022 : Version fran\u00e7aise en format papier"},"content":{"rendered":"<p><strong>CCDC 24 &#8211; 2016<\/strong>: <strong>Guide d&#8217;utilisation des formulaires mod\u00e8les et des documents de soutien<\/strong> <strong>(format papier).<\/strong><\/p>\n<p>Le CCDC 24 est un guide qui a pour but d&#8217;aider les utilisateurs du CCDC 2- 2008 \u00e0 satisfaire aux exigences administratives enoncees dans cettter formule normalis\u00e9e de contract. Pour chaque formulaire modele, le guide presente des lignes directrices concernant le processus administratif, d\u00e9crit bri\u00e8vement le formulaire, dresse une liste de v\u00e9rification des renseignements devant \u00eatre inclus et contient un exemple des formulaires mod\u00e8les.<\/p>\n<p data-start=\"425\" data-end=\"640\">Veuillez noter que les envois sont effectu\u00e9s par le service postal standard de Postes Canada et que nous ne pouvons \u00eatre tenus responsables des colis perdus. Veuillez pr\u00e9voir un d\u00e9lai de livraison de 4 \u00e0 6 semaines.<\/p>\n<p data-start=\"642\" data-end=\"743\">Exp\u00e9dition au Canada : 15,00 $ par article<br data-start=\"684\" data-end=\"687\" \/>Exp\u00e9dition \u00e0 l\u2019ext\u00e9rieur du Canada : 20,00 $ par article<\/p>\n<p data-start=\"745\" data-end=\"960\" data-is-last-node=\"\" data-is-only-node=\"\">Pour toute demande urgente ou pour obtenir un num\u00e9ro de rep\u00e9rage de Postes Canada, veuillez communiquer avec <a class=\"decorated-link cursor-pointer\" rel=\"noopener\" data-start=\"854\" data-end=\"870\">finance@raic.org<\/a>. Nous \u00e9mettrons rapidement une facture distincte incluant les frais d\u2019exp\u00e9dition express.<\/p>\n","protected":false},"excerpt":{"rendered":"<p>CCDC 24 &#8211; 2016: Guide d&#8217;utilisation des formulaires mod\u00e8les et des documents de soutien (format papier). Le CCDC 24 est un guide qui a pour but d&#8217;aider les utilisateurs du CCDC 2- 2008 \u00e0 satisfaire aux exigences administratives enoncees dans cettter formule normalis\u00e9e de contract. Pour chaque formulaire modele, le guide presente des lignes directrices [&hellip;]<\/p>\n","protected":false},"featured_media":38996,"template":"","meta":{"_acf_changed":false},"product_brand":[803],"product_cat":[784,658],"product_tag":[],"class_list":{"0":"post-43258","1":"product","2":"type-product","3":"status-publish","4":"has-post-thumbnail","6":"product_brand-ccdc","7":"product_cat-ccdc","8":"product_cat-ressources","9":"product_shipping_class-format-papier","11":"first","12":"instock","13":"taxable","14":"shipping-taxable","15":"purchasable","16":"product-type-simple"},"acf":[],"_links":{"self":[{"href":"https:\/\/raic.org\/fr\/wp-json\/wp\/v2\/product\/43258","targetHints":{"allow":["GET"]}}],"collection":[{"href":"https:\/\/raic.org\/fr\/wp-json\/wp\/v2\/product"}],"about":[{"href":"https:\/\/raic.org\/fr\/wp-json\/wp\/v2\/types\/product"}],"wp:featuredmedia":[{"embeddable":true,"href":"https:\/\/raic.org\/fr\/wp-json\/wp\/v2\/media\/38996"}],"wp:attachment":[{"href":"https:\/\/raic.org\/fr\/wp-json\/wp\/v2\/media?parent=43258"}],"wp:term":[{"taxonomy":"product_brand","embeddable":true,"href":"https:\/\/raic.org\/fr\/wp-json\/wp\/v2\/product_brand?post=43258"},{"taxonomy":"product_cat","embeddable":true,"href":"https:\/\/raic.org\/fr\/wp-json\/wp\/v2\/product_cat?post=43258"},{"taxonomy":"product_tag","embeddable":true,"href":"https:\/\/raic.org\/fr\/wp-json\/wp\/v2\/product_tag?post=43258"}],"curies":[{"name":"wp","href":"https:\/\/api.w.org\/{rel}","templated":true}]}}