{"id":43256,"date":"2011-05-12T15:12:45","date_gmt":"2011-05-12T19:12:45","guid":{"rendered":"https:\/\/staging.raic.symbiodev.xyz\/?post_type=product&#038;p=43256"},"modified":"2026-02-10T09:27:08","modified_gmt":"2026-02-10T14:27:08","slug":"ccdc-40-2018-version-francaise-en-format-electronique","status":"publish","type":"product","link":"https:\/\/raic.org\/fr\/produit\/ccdc-40-2018-version-francaise-en-format-electronique\/","title":{"rendered":"CCDC 40 &#8211; 2018 : Version fran\u00e7aise en format \u00e9lectronique"},"content":{"rendered":"<p><strong>CCDC 40 &#8211; 2018<\/strong>: R\u00e8gles de m\u00e9diation et d&#8217;arbitrage pour les diff\u00e9rents relatifs aux travaux de construction <strong>(version \u00e9lectronique)<\/strong><\/p>\n<p>Veuillez noter que vous recevrez un courriel contenant le code et les instructions de t\u00e9l\u00e9chargement sp\u00e9ciales dans les 48 heures suivant l\u2019achat. Pour toute demande urgente, veuillez communiquer directement avec <a class=\"decorated-link cursor-pointer\" rel=\"noopener\" data-start=\"381\" data-end=\"397\">finance@raic.org<\/a>.<\/p>\n","protected":false},"excerpt":{"rendered":"<p>CCDC 40 &#8211; 2018: R\u00e8gles de m\u00e9diation et d&#8217;arbitrage pour les diff\u00e9rents relatifs aux travaux de construction (version \u00e9lectronique) Veuillez noter que vous recevrez un courriel contenant le code et les instructions de t\u00e9l\u00e9chargement sp\u00e9ciales dans les 48 heures suivant l\u2019achat. Pour toute demande urgente, veuillez communiquer directement avec finance@raic.org.<\/p>\n","protected":false},"featured_media":38996,"template":"","meta":{"_acf_changed":false},"product_brand":[803],"product_cat":[784,658],"product_tag":[668],"class_list":{"0":"post-43256","1":"product","2":"type-product","3":"status-publish","4":"has-post-thumbnail","6":"product_brand-ccdc","7":"product_cat-ccdc","8":"product_cat-ressources","9":"product_tag-format-electronique","10":"product_shipping_class-tarif-forfaitaire-sans-suivi-pour-articles-legers","12":"first","13":"instock","14":"taxable","15":"shipping-taxable","16":"purchasable","17":"product-type-simple"},"acf":[],"_links":{"self":[{"href":"https:\/\/raic.org\/fr\/wp-json\/wp\/v2\/product\/43256","targetHints":{"allow":["GET"]}}],"collection":[{"href":"https:\/\/raic.org\/fr\/wp-json\/wp\/v2\/product"}],"about":[{"href":"https:\/\/raic.org\/fr\/wp-json\/wp\/v2\/types\/product"}],"wp:featuredmedia":[{"embeddable":true,"href":"https:\/\/raic.org\/fr\/wp-json\/wp\/v2\/media\/38996"}],"wp:attachment":[{"href":"https:\/\/raic.org\/fr\/wp-json\/wp\/v2\/media?parent=43256"}],"wp:term":[{"taxonomy":"product_brand","embeddable":true,"href":"https:\/\/raic.org\/fr\/wp-json\/wp\/v2\/product_brand?post=43256"},{"taxonomy":"product_cat","embeddable":true,"href":"https:\/\/raic.org\/fr\/wp-json\/wp\/v2\/product_cat?post=43256"},{"taxonomy":"product_tag","embeddable":true,"href":"https:\/\/raic.org\/fr\/wp-json\/wp\/v2\/product_tag?post=43256"}],"curies":[{"name":"wp","href":"https:\/\/api.w.org\/{rel}","templated":true}]}}