{"id":43254,"date":"2011-05-12T15:13:52","date_gmt":"2011-05-12T19:13:52","guid":{"rendered":"https:\/\/staging.raic.symbiodev.xyz\/?post_type=product&#038;p=43254"},"modified":"2026-02-09T17:03:51","modified_gmt":"2026-02-09T22:03:51","slug":"ccdc-40-2018-version-francaise-en-format-papier","status":"publish","type":"product","link":"https:\/\/raic.org\/fr\/produit\/ccdc-40-2018-version-francaise-en-format-papier\/","title":{"rendered":"CCDC 40 &#8211; 2018 : Version fran\u00e7aise en format papier"},"content":{"rendered":"<p data-start=\"76\" data-end=\"197\"><strong data-start=\"76\" data-end=\"197\">CCDC 40 \u2013 2018 : R\u00e8gles de m\u00e9diation et d\u2019arbitrage pour les diff\u00e9rends en mati\u00e8re de construction (version imprim\u00e9e)<\/strong><\/p>\n<p data-start=\"199\" data-end=\"423\">R\u00e8gles normalis\u00e9es r\u00e9gissant la m\u00e9diation et l\u2019arbitrage qui s\u2019appliquent aux diff\u00e9rends en mati\u00e8re de construction vis\u00e9s par le CCDC 2 et qui sont utilis\u00e9es avec les proc\u00e9dures de r\u00e8glement des diff\u00e9rends pr\u00e9vues au CCDC 2.<\/p>\n<p data-start=\"425\" data-end=\"640\">Veuillez noter que les envois sont effectu\u00e9s par le service postal standard de Postes Canada et que nous ne pouvons \u00eatre tenus responsables des colis perdus. Veuillez pr\u00e9voir un d\u00e9lai de livraison de 4 \u00e0 6 semaines.<\/p>\n<p data-start=\"642\" data-end=\"743\">Exp\u00e9dition au Canada : 15,00 $ par article<br data-start=\"684\" data-end=\"687\" \/>Exp\u00e9dition \u00e0 l\u2019ext\u00e9rieur du Canada : 20,00 $ par article<\/p>\n<p data-start=\"745\" data-end=\"960\" data-is-last-node=\"\" data-is-only-node=\"\">Pour toute demande urgente ou pour obtenir un num\u00e9ro de rep\u00e9rage de Postes Canada, veuillez communiquer avec <a class=\"decorated-link cursor-pointer\" rel=\"noopener\" data-start=\"854\" data-end=\"870\">finance@raic.org<\/a>. Nous \u00e9mettrons rapidement une facture distincte incluant les frais d\u2019exp\u00e9dition express.<\/p>\n","protected":false},"excerpt":{"rendered":"<p>CCDC 40 \u2013 2018 : R\u00e8gles de m\u00e9diation et d\u2019arbitrage pour les diff\u00e9rends en mati\u00e8re de construction (version imprim\u00e9e) R\u00e8gles normalis\u00e9es r\u00e9gissant la m\u00e9diation et l\u2019arbitrage qui s\u2019appliquent aux diff\u00e9rends en mati\u00e8re de construction vis\u00e9s par le CCDC 2 et qui sont utilis\u00e9es avec les proc\u00e9dures de r\u00e8glement des diff\u00e9rends pr\u00e9vues au CCDC 2. Veuillez [&hellip;]<\/p>\n","protected":false},"featured_media":38996,"template":"","meta":{"_acf_changed":false},"product_brand":[803],"product_cat":[784,658],"product_tag":[],"class_list":{"0":"post-43254","1":"product","2":"type-product","3":"status-publish","4":"has-post-thumbnail","6":"product_brand-ccdc","7":"product_cat-ccdc","8":"product_cat-ressources","9":"product_shipping_class-tarif-forfaitaire-sans-suivi-pour-articles-legers","11":"first","12":"instock","13":"taxable","14":"shipping-taxable","15":"purchasable","16":"product-type-simple"},"acf":[],"_links":{"self":[{"href":"https:\/\/raic.org\/fr\/wp-json\/wp\/v2\/product\/43254","targetHints":{"allow":["GET"]}}],"collection":[{"href":"https:\/\/raic.org\/fr\/wp-json\/wp\/v2\/product"}],"about":[{"href":"https:\/\/raic.org\/fr\/wp-json\/wp\/v2\/types\/product"}],"wp:featuredmedia":[{"embeddable":true,"href":"https:\/\/raic.org\/fr\/wp-json\/wp\/v2\/media\/38996"}],"wp:attachment":[{"href":"https:\/\/raic.org\/fr\/wp-json\/wp\/v2\/media?parent=43254"}],"wp:term":[{"taxonomy":"product_brand","embeddable":true,"href":"https:\/\/raic.org\/fr\/wp-json\/wp\/v2\/product_brand?post=43254"},{"taxonomy":"product_cat","embeddable":true,"href":"https:\/\/raic.org\/fr\/wp-json\/wp\/v2\/product_cat?post=43254"},{"taxonomy":"product_tag","embeddable":true,"href":"https:\/\/raic.org\/fr\/wp-json\/wp\/v2\/product_tag?post=43254"}],"curies":[{"name":"wp","href":"https:\/\/api.w.org\/{rel}","templated":true}]}}