{"id":7709,"date":"2023-08-01T11:25:58","date_gmt":"2023-08-01T15:25:58","guid":{"rendered":"https:\/\/staging.raic.symbiodev.xyz\/?page_id=7709"},"modified":"2025-12-09T15:37:26","modified_gmt":"2025-12-09T20:37:26","slug":"documents-du-ccdc-2","status":"publish","type":"page","link":"https:\/\/raic.org\/fr\/documents-du-ccdc-2\/","title":{"rendered":"Documents du CCDC"},"content":{"rendered":"\n<div style=\"height:50px\" aria-hidden=\"true\" class=\"wp-block-spacer\"><\/div>\n\n\n\n<p>L\u2019IRAC offre une s\u00e9lection de contrats, de sceaux, de documents et de guides pour aider la communaut\u00e9 architecturale \u00e0 r\u00e9aliser ses projets. Ces documents sont accessibles aux membres et aux non-membres de l\u2019IRAC. \u202fLes membres de l\u2019IRAC b\u00e9n\u00e9ficient d\u2019un tarif pr\u00e9f\u00e9rentiel. Assurez-vous d\u2019\u00eatre connect\u00e9 au site Web de l\u2019IRAC avant d\u2019effectuer un achat.<\/p>\n\n\n\n<table id=\"tablepress-2\" class=\"tablepress tablepress-id-2 TablePress table 2 header background color thead th tfoot background-color: ffb32f golden highlight color: 000000 black text for contrast Optional: ensure sortinghover styles match the same sorting:hover sorting_asc sorting_desc e5a72a important slightly darker shade hoversort\">\n<thead>\n<tr class=\"row-1\">\n\t<th class=\"column-1\">Titre<\/th><th class=\"column-2\">Prix membre<\/th><th class=\"column-3\">Prix non-membre<\/th>\n<\/tr>\n<\/thead>\n<tbody class=\"row-striping row-hover\">\n<tr class=\"row-2\">\n\t<td class=\"column-1\"><a href=\"https:\/\/raic.org\/fr\/product\/devis-directeur-du-ccdc-pour-la-division-01-2020-exigences-generales\/\" target=\"_blank\">Devis directeur du CCDC pour la Division 01 - 2020 Exigences g\u00e9n\u00e9rales<\/a><\/td><td class=\"column-2\">479.25<\/td><td class=\"column-3\">585.75<\/td>\n<\/tr>\n<tr class=\"row-3\">\n\t<td class=\"column-1\"><a href=\"https:\/\/raic.org\/product\/documents-de-reference-ccdc-pour-le-mcpa-version-francaise-en-format-electronique\/\" target=\"_blank\">Documents de r\u00e9f\u00e9rence CCDC pour le MCPA : Version fran\u00e7aise en format \u00e9lectronique<\/a><\/td><td class=\"column-2\">730.00<\/td><td class=\"column-3\">870.00<\/td>\n<\/tr>\n<tr class=\"row-4\">\n\t<td class=\"column-1\"><a href=\"https:\/\/raic.org\/fr\/product\/complete-set-of-ccdc-contracts-and-guides-version-francaise-en-format-electronique\/\" target=\"_blank\">Ensemble complet des contrats et guides du CCDC : Version fran\u00e7aise en format \u00e9lectronique<\/a><\/td><td class=\"column-2\">777.45<\/td><td class=\"column-3\">926.55<\/td>\n<\/tr>\n<tr class=\"row-5\">\n\t<td class=\"column-1\"><a href=\"https:\/\/raic.org\/fr\/product\/ccdc-00-2018-version-francaise-en-format-electronique\/\" target=\"_blank\" rel=\"noopener\">CCDC 00 - 2018 : Version fran\u00e7aise en format \u00e9lectronique<\/a><\/td><td class=\"column-2\">295.00<\/td><td class=\"column-3\">372.75<\/td>\n<\/tr>\n<tr class=\"row-6\">\n\t<td class=\"column-1\"><a href=\"https:\/\/raic.org\/fr\/product\/ccdc-02-2020-sceaux-dautorisation-pour-version-francaise\/\" target=\"_blank\">CCDC 02 - 2020 : Sceaux d\u2019autorisation pour version fran\u00e7aise<br \/>\n<\/a><\/td><td class=\"column-2\">14.38<\/td><td class=\"column-3\">19.12<\/td>\n<\/tr>\n<tr class=\"row-7\">\n\t<td class=\"column-1\"><a href=\"https:\/\/raic.org\/fr\/product\/ccdc-02-2020-version-francaise-en-format-electronique\/\" target=\"_blank\">CCDC 02 \u2013 2020 : Version fran\u00e7aise en format \u00e9lectronique<\/a><\/td><td class=\"column-2\">85.20<\/td><td class=\"column-3\">106.50<\/td>\n<\/tr>\n<tr class=\"row-8\">\n\t<td class=\"column-1\"><a href=\"https:\/\/raic.org\/fr\/product\/ccdc-03-2016-sceaux-dautorisation-pour-version-francaise\/\" target=\"_blank\">CCDC 03 - 2016 : Sceaux d\u2019autorisation pour version fran\u00e7aise<\/a><\/td><td class=\"column-2\">14.38<\/td><td class=\"column-3\">19.12<\/td>\n<\/tr>\n<tr class=\"row-9\">\n\t<td class=\"column-1\"><a href=\"https:\/\/raic.org\/fr\/product\/ccdc-03-2016-version-francaise-en-format-electronique\/\" target=\"_blank\">CCDC 03 - 2016 : Version fran\u00e7aise en format \u00e9lectronique<\/a><\/td><td class=\"column-2\">85.20<\/td><td class=\"column-3\">106.50<\/td>\n<\/tr>\n<tr class=\"row-10\">\n\t<td class=\"column-1\"><a href=\"https:\/\/raic.org\/fr\/product\/ccdc-04-2023-sceaux-dautorisation-pour-version-francaise\/\" target=\"_blank\">CCDC 04 - 2023 : Sceaux d\u2019autorisation pour version fran\u00e7aise<\/a><\/td><td class=\"column-2\">14.38<\/td><td class=\"column-3\">19.12<\/td>\n<\/tr>\n<tr class=\"row-11\">\n\t<td class=\"column-1\"><a href=\"https:\/\/raic.org\/fr\/product\/ccdc-04-2023-version-francaise-en-format-electronique\/\" target=\"_blank\">CCDC 04 - 2023 : Version fran\u00e7aise en format \u00e9lectronique<\/a><\/td><td class=\"column-2\">85.20<\/td><td class=\"column-3\">106.50<\/td>\n<\/tr>\n<tr class=\"row-12\">\n\t<td class=\"column-1\"><a href=\"https:\/\/raic.org\/fr\/product\/ccdc-09-sceaux-dautorisation-pour-version-francaise\/\" target=\"_blank\">CCDC 09 - 2018 : Sceaux d\u2019autorisation pour version fran\u00e7aise<\/a><\/td><td class=\"column-2\">2.50<\/td><td class=\"column-3\">4.50<\/td>\n<\/tr>\n<tr class=\"row-13\">\n\t<td class=\"column-1\"><a href=\"https:\/\/raic.org\/fr\/product\/ccdc-11-2019-version-francaise-en-format-electronique\/\" target=\"_blank\">CCDC 11 - 2019: Version fran\u00e7aise en format \u00e9lectronique<\/a><\/td><td class=\"column-2\">44.00<\/td><td class=\"column-3\">56.00<\/td>\n<\/tr>\n<tr class=\"row-14\">\n\t<td class=\"column-1\"><a href=\"https:\/\/raic.org\/fr\/product\/ccdc-14-2013-sceaux-dautorisation-seulement\/\"target=\"_blank\">CCDC 14 - 2013 : Sceaux d\u2019autorisation seulement<\/a><\/td><td class=\"column-2\">14.38<\/td><td class=\"column-3\">19.12<\/td>\n<\/tr>\n<tr class=\"row-15\">\n\t<td class=\"column-1\"><a href=\"https:\/\/raic.org\/fr\/product\/ccdc-14-2013-version-francaise-en-format-electronique\/\" target=\"_blank\">CCDC 14 - 2013 : Version fran\u00e7aise en format \u00e9lectronique<\/a><br \/>\n<\/td><td class=\"column-2\">85.20<\/td><td class=\"column-3\">106.50<\/td>\n<\/tr>\n<tr class=\"row-16\">\n\t<td class=\"column-1\"><a href=\"https:\/\/raic.org\/fr\/product\/ccdc-15-2013-sceaux-dautorisation-en-francais\/\"target=\"_blank\">CCDC 15 - 2013 : Sceaux d\u2019autorisation en fran\u00e7ais<\/a><\/td><td class=\"column-2\">14.38<\/td><td class=\"column-3\">19.12<\/td>\n<\/tr>\n<tr class=\"row-17\">\n\t<td class=\"column-1\"><a href=\"https:\/\/raic.org\/fr\/product\/ccdc-15-2013-version-francaise-en-format-electronique\/\" target=\"_blank\">CCDC 15 - 2013 : Version fran\u00e7aise en format \u00e9lectronique<\/a><br \/>\n<\/td><td class=\"column-2\">85.20<\/td><td class=\"column-3\">106.50<\/td>\n<\/tr>\n<tr class=\"row-18\">\n\t<td class=\"column-1\"><a href=\"https:\/\/raic.org\/fr\/product\/ccdc-17-2025-sceaux-dautorisation-pour-version-francaise-2\/\" target=\"_blank\">CCDC 17 - 2025 : Sceaux d\u2019autorisation pour version fran\u00e7aise<\/a><\/td><td class=\"column-2\">14.38<\/td><td class=\"column-3\">19.12<\/td>\n<\/tr>\n<tr class=\"row-19\">\n\t<td class=\"column-1\"><a href=\"https:\/\/raic.org\/fr\/product\/ccdc-17-2025-version-francaise-en-format-electronique\/\" target=\"_blank\">CCDC 17 - 2025: Version fran\u00e7aise en format \u00e9lectronique<\/a><br \/>\n<\/td><td class=\"column-2\">85.20<\/td><td class=\"column-3\">106.50<\/td>\n<\/tr>\n<tr class=\"row-20\">\n\t<td class=\"column-1\"><a href=\"https:\/\/raic.org\/fr\/product\/ccdc-18-2023-sceaux-dautorisation-pour-version-francaise\/\" target=\"_blank\">CCDC 18 - 2023 : Sceaux d'autorisation pour version fran\u00e7aise<\/a><\/td><td class=\"column-2\">14.38<\/td><td class=\"column-3\">19.12<\/td>\n<\/tr>\n<tr class=\"row-21\">\n\t<td class=\"column-1\"><a href=\"https:\/\/raic.org\/fr\/product\/ccdc-18-2023-version-francaise-en-format-electronique\/\" target=\"_blank\">CCDC 18 - 2023: Version fran\u00e7aise en format \u00e9lectronique<\/a><br \/>\n<\/td><td class=\"column-2\">85.20<\/td><td class=\"column-3\">106.50<\/td>\n<\/tr>\n<tr class=\"row-22\">\n\t<td class=\"column-1\"><a href=\"https:\/\/raic.org\/fr\/product\/ccdc-21-2016-version-francaise-en-format-electronique\/\" target=\"_blank\">CCDC 21 - 2016 : Version fran\u00e7aise en format \u00e9lectronique<\/a><\/td><td class=\"column-2\">34.98<\/td><td class=\"column-3\">44.73<\/td>\n<\/tr>\n<tr class=\"row-23\">\n\t<td class=\"column-1\"><a href=\"https:\/\/raic.org\/fr\/product\/ccdc-22-2002-version-francaise-en-format-electronique\/\" target=\"_blank\">CCDC 22 - 2002 : Version fran\u00e7aise en format \u00e9lectronique<\/a><\/td><td class=\"column-2\">34.98<\/td><td class=\"column-3\">44.73<\/td>\n<\/tr>\n<tr class=\"row-24\">\n\t<td class=\"column-1\"><a href=\"https:\/\/raic.org\/fr\/product\/ccdc-23-2018-version-francaise-en-format-electronique\/\" target=\"_blank\">CCDC 23 - 2018 : Version fran\u00e7aise en format \u00e9lectronique<\/a><\/td><td class=\"column-2\">34.98<\/td><td class=\"column-3\">44.73<\/td>\n<\/tr>\n<tr class=\"row-25\">\n\t<td class=\"column-1\"><a href=\"https:\/\/raic.org\/fr\/product\/ccdc-23-2018-version-francaise-en-format-papier\/\" target=\"_blank\">CCDC 23 - 2018 : Version fran\u00e7aise en format papier<\/a><\/td><td class=\"column-2\">50.00<\/td><td class=\"column-3\">62.50<\/td>\n<\/tr>\n<tr class=\"row-26\">\n\t<td class=\"column-1\"><a href=\"https:\/\/raic.org\/fr\/product\/ccdc-24-2022-version-francaise-en-format-electronique\/\" target=\"_blank\">CCDC 24 - 2022 : Version fran\u00e7aise en format \u00e9lectronique<\/a><\/td><td class=\"column-2\">34.98<\/td><td class=\"column-3\">44.73<\/td>\n<\/tr>\n<tr class=\"row-27\">\n\t<td class=\"column-1\"><a href=\"https:\/\/raic.org\/fr\/product\/ccdc-24-2022-version-francaise-en-format-papier\/\" target=\"_blank\">CCDC 24 - 2022 : Version fran\u00e7aise en format papier<\/a><br \/>\n<\/td><td class=\"column-2\">50.00<\/td><td class=\"column-3\">62.50<\/td>\n<\/tr>\n<tr class=\"row-28\">\n\t<td class=\"column-1\"><a href=\"https:\/\/raic.org\/fr\/product\/ccdc-29-2016-version-francaise-en-format-electronique\/\" target=\"_blank\">CCDC 29 - 2016 : Version fran\u00e7aise en format \u00e9lectronique<\/a><\/td><td class=\"column-2\">34.98<\/td><td class=\"column-3\">44.73<\/td>\n<\/tr>\n<tr class=\"row-29\">\n\t<td class=\"column-1\"><a href=\"https:\/\/raic.org\/fr\/product\/ccdc-2ccq-2024-sceaux-dautorisation-pour-version-francaise\/\"target=\"_blank\">CCDC 2CcQ - 2024: Sceaux d'autorisation pour version fran\u00e7aise<\/a><\/td><td class=\"column-2\">14.38<\/td><td class=\"column-3\">19.12<\/td>\n<\/tr>\n<tr class=\"row-30\">\n\t<td class=\"column-1\"><a href=\"https:\/\/raic.org\/fr\/product\/ccdc-30-2018-sceaux-dautorisation-pour-version-francaise\/\" target=\"_blank\">CCDC 30 - 2018: Sceaux d'autorisation pour version fran\u00e7aise<\/a><\/td><td class=\"column-2\">14.38<\/td><td class=\"column-3\">19.12<\/td>\n<\/tr>\n<tr class=\"row-31\">\n\t<td class=\"column-1\"><a href=\"https:\/\/raic.org\/fr\/product\/ccdc-30-2018-version-francaise-en-format-electronique\/\" target=\"_blank\">CCDC 30 \u2013 2018 : Version fran\u00e7aise en format \u00e9lectronique<\/a><br \/>\n<\/td><td class=\"column-2\">85.20<\/td><td class=\"column-3\">106.50<\/td>\n<\/tr>\n<tr class=\"row-32\">\n\t<td class=\"column-1\"><a href=\"https:\/\/raic.org\/fr\/product\/ccdc-30-2025-version-francaise-en-format-electronique\/\" target=\"_blank\">CCDC 30 \u2013 2025 : Version fran\u00e7aise en format \u00e9lectronique<\/a><\/td><td class=\"column-2\">85.20<\/td><td class=\"column-3\">106.50<\/td>\n<\/tr>\n<tr class=\"row-33\">\n\t<td class=\"column-1\"><a href=\"https:\/\/raic.org\/fr\/produit\/ccdc-30g-2025-version-francaise-en-format-electronique\/\" target=\"_blank\">CCDC 30G - 2025 : Version fran\u00e7aise en format \u00e9lectronique<\/a><\/td><td class=\"column-2\">24.25<\/td><td class=\"column-3\">34.08<\/td>\n<\/tr>\n<tr class=\"row-34\">\n\t<td class=\"column-1\"><a href=\"https:\/\/raic.org\/fr\/produit\/ccdc-31-2020-sceaux-dautorisation-pour-version-francaise\/\" target=\"_blank\">CCDC 31 - 2020: Sceaux d'autorisation pour version fran\u00e7aise<\/a><\/td><td class=\"column-2\">14.38<\/td><td class=\"column-3\">19.12<\/td>\n<\/tr>\n<tr class=\"row-35\">\n\t<td class=\"column-1\"><a href=\"https:\/\/raic.org\/fr\/product\/ccdc-31-2020-version-francaise-en-format-electronique\/\" target=\"_blank\">CCDC 31 - 2020: Version fran\u00e7aise en format \u00e9lectronique<\/a> <\/td><td class=\"column-2\">85.20<\/td><td class=\"column-3\">106.50<\/td>\n<\/tr>\n<tr class=\"row-36\">\n\t<td class=\"column-1\"><a href=\"https:\/\/raic.org\/fr\/product\/ccdc-40-2018-version-francaise-en-format-electronique\/\" target=\"_blank\">CCDC 40 - 2018 : Version fran\u00e7aise en format \u00e9lectronique<\/a> <\/td><td class=\"column-2\">24.25<\/td><td class=\"column-3\">34.08<\/td>\n<\/tr>\n<tr class=\"row-37\">\n\t<td class=\"column-1\"><a href=\"https:\/\/raic.org\/fr\/product\/ccdc-40-2018-version-francaise-en-format-papier\/\" target=\"_blank\">CCDC 40 - 2018 : Version fran\u00e7aise en format papier<\/a><\/td><td class=\"column-2\">47.73<\/td><td class=\"column-3\">58.58<\/td>\n<\/tr>\n<tr class=\"row-38\">\n\t<td class=\"column-1\"><a href=\"https:\/\/raic.org\/fr\/product\/ccdc-44-2016-version-francaise-en-format-electronique\/\" target=\"_blank\">CCDC 44  -  2016 : Version fran\u00e7aise en format \u00e9lectronique<\/a><\/td><td class=\"column-2\">24.25<\/td><td class=\"column-3\">34.08<\/td>\n<\/tr>\n<tr class=\"row-39\">\n\t<td class=\"column-1\"><a href=\"https:\/\/raic.org\/fr\/product\/ccdc-45-2011-version-francaise-en-format-electronique\/\" target=\"_blank\">CCDC 45 - 2011 Version fran\u00e7aise en format \u00e9lectronique<\/a><\/td><td class=\"column-2\">24.25<\/td><td class=\"column-3\">34.08<\/td>\n<\/tr>\n<tr class=\"row-40\">\n\t<td class=\"column-1\"><a href=\"https:\/\/raic.org\/fr\/product\/ccdc-48-2002-version-francaise-en-format-electronique\/\" target=\"_blank\">CCDC 48 - 2002: Version fran\u00e7aise en format \u00e9lectronique<\/a><\/td><td class=\"column-2\">24.25<\/td><td class=\"column-3\">34.08<\/td>\n<\/tr>\n<tr class=\"row-41\">\n\t<td class=\"column-1\"><a href=\"https:\/\/raic.org\/fr\/product\/ccdc-5a-2025-version-francaise-en-format-electronique\/\" target=\"_blank\">CCDC 5A - 2025:  Version fran\u00e7aise en format \u00e9lectronique<\/a><\/td><td class=\"column-2\">85.20<\/td><td class=\"column-3\">106.50<\/td>\n<\/tr>\n<tr class=\"row-42\">\n\t<td class=\"column-1\"><a href=\"https:\/\/raic.org\/fr\/product\/ccdc-5b-2025-english-version-in-electronic-format\/\" target=\"_blank\">CCDC 5B - 2025: Version fran\u00e7aise en format \u00e9lectronique<\/a><\/td><td class=\"column-2\">85.20<\/td><td class=\"column-3\">106.50<\/td>\n<\/tr>\n<\/tbody>\n<\/table>\n<!-- #tablepress-2 from cache -->\n","protected":false},"excerpt":{"rendered":"<p>L\u2019IRAC offre une s\u00e9lection de contrats, de sceaux, de documents et de guides pour aider la communaut\u00e9 architecturale \u00e0 r\u00e9aliser ses projets. Ces documents sont accessibles aux membres et aux non-membres de l\u2019IRAC. \u202fLes membres de l\u2019IRAC b\u00e9n\u00e9ficient d\u2019un tarif pr\u00e9f\u00e9rentiel. Assurez-vous d\u2019\u00eatre connect\u00e9 au site Web de l\u2019IRAC avant d\u2019effectuer un achat.<\/p>\n","protected":false},"author":3,"featured_media":0,"parent":0,"menu_order":0,"comment_status":"closed","ping_status":"closed","template":"template-two-column-narrow.php","meta":{"_acf_changed":false,"footnotes":""},"class_list":["post-7709","page","type-page","status-publish","hentry"],"acf":[],"_links":{"self":[{"href":"https:\/\/raic.org\/fr\/wp-json\/wp\/v2\/pages\/7709","targetHints":{"allow":["GET"]}}],"collection":[{"href":"https:\/\/raic.org\/fr\/wp-json\/wp\/v2\/pages"}],"about":[{"href":"https:\/\/raic.org\/fr\/wp-json\/wp\/v2\/types\/page"}],"author":[{"embeddable":true,"href":"https:\/\/raic.org\/fr\/wp-json\/wp\/v2\/users\/3"}],"replies":[{"embeddable":true,"href":"https:\/\/raic.org\/fr\/wp-json\/wp\/v2\/comments?post=7709"}],"version-history":[{"count":4,"href":"https:\/\/raic.org\/fr\/wp-json\/wp\/v2\/pages\/7709\/revisions"}],"predecessor-version":[{"id":52773,"href":"https:\/\/raic.org\/fr\/wp-json\/wp\/v2\/pages\/7709\/revisions\/52773"}],"wp:attachment":[{"href":"https:\/\/raic.org\/fr\/wp-json\/wp\/v2\/media?parent=7709"}],"curies":[{"name":"wp","href":"https:\/\/api.w.org\/{rel}","templated":true}]}}